{"id":91710,"date":"2023-06-27T14:03:38","date_gmt":"2023-06-27T12:03:38","guid":{"rendered":"https:\/\/www.fagorsmartdata.com\/?page_id=91710"},"modified":"2023-06-27T14:14:34","modified_gmt":"2023-06-27T12:14:34","slug":"aviso-legal-mobile","status":"publish","type":"page","link":"https:\/\/www.fagorsmartdata.com\/en\/aviso-legal-mobile\/","title":{"rendered":"Aviso legal Mobile"},"content":{"rendered":"\t\t<div data-elementor-type=\"wp-page\" data-elementor-id=\"91710\" class=\"elementor elementor-91710 elementor-91709\" data-elementor-post-type=\"page\">\n\t\t\t\t<div class=\"elementor-element elementor-element-e9a7384 e-con-full e-flex e-con e-parent\" data-id=\"e9a7384\" data-element_type=\"container\">\n\t\t<div class=\"elementor-element elementor-element-b2626be e-con-full e-flex e-con e-parent\" data-id=\"b2626be\" data-element_type=\"container\" data-settings=\"{&quot;background_background&quot;:&quot;classic&quot;}\">\n\t\t<div class=\"elementor-element elementor-element-1f61de8 e-con-full e-flex e-con e-parent\" data-id=\"1f61de8\" data-element_type=\"container\">\n\t\t<div class=\"elementor-element elementor-element-f8748ea e-con-full e-flex e-con e-parent\" data-id=\"f8748ea\" data-element_type=\"container\">\n\t\t\t\t<div class=\"elementor-element elementor-element-f113da2 elementor-widget__width-inherit elementor-widget elementor-widget-heading\" data-id=\"f113da2\" data-element_type=\"widget\" data-widget_type=\"heading.default\">\n\t\t\t\t<div class=\"elementor-widget-container\">\n\t\t\t\t\t<h1 class=\"elementor-heading-title elementor-size-default\">Legal notice<\/h1>\t\t\t\t<\/div>\n\t\t\t\t<\/div>\n\t\t\t\t<\/div>\n\t\t\t\t<\/div>\n\t\t\t\t<\/div>\n\t\t\t\t<\/div>\n\t\t<div class=\"elementor-element elementor-element-fd72f64 e-flex e-con-boxed e-con e-parent\" data-id=\"fd72f64\" data-element_type=\"container\">\n\t\t\t\t\t<div class=\"e-con-inner\">\n\t\t\t\t<div class=\"elementor-element elementor-element-5a643e1 elementor-widget elementor-widget-spacer\" data-id=\"5a643e1\" data-element_type=\"widget\" data-widget_type=\"spacer.default\">\n\t\t\t\t<div class=\"elementor-widget-container\">\n\t\t\t\t\t\t\t<div class=\"elementor-spacer\">\n\t\t\t<div class=\"elementor-spacer-inner\"><\/div>\n\t\t<\/div>\n\t\t\t\t\t\t<\/div>\n\t\t\t\t<\/div>\n\t\t\t\t\t<\/div>\n\t\t\t\t<\/div>\n\t\t<div class=\"elementor-element elementor-element-40320b6 e-con-full e-flex e-con e-parent\" data-id=\"40320b6\" data-element_type=\"container\">\n\t\t<div class=\"elementor-element elementor-element-a70e1e9 e-con-full e-flex e-con e-parent\" data-id=\"a70e1e9\" data-element_type=\"container\">\n\t\t<div class=\"elementor-element elementor-element-406d9b4 e-con-full e-flex e-con e-parent\" data-id=\"406d9b4\" data-element_type=\"container\">\n\t\t\t\t<div class=\"elementor-element elementor-element-d074b42 elementor-widget elementor-widget-text-editor\" data-id=\"d074b42\" data-element_type=\"widget\" data-widget_type=\"text-editor.default\">\n\t\t\t\t<div class=\"elementor-widget-container\">\n\t\t\t\t\t\t\t\t\t<h2><span class=\"s6\">Responsible<\/span>\u00a0<span class=\"s6\">for<\/span>\u00a0<span class=\"s6\">the<\/span>\u00a0<span class=\"s6\">treatment<\/span><\/h2><p class=\"s7\"><span class=\"s9\">FAGOR ELECTR\u00d3NICA S.COOP. (<\/span><span class=\"s9\">hereinafter<\/span><span class=\"s9\">, FAGOR ELECTR\u00d3NICA)\u00a0<\/span><span class=\"s9\">processes<\/span>\u00a0<span class=\"s9\">the<\/span><span class=\"s9\">\u00a0data as\u00a0<\/span><span class=\"s9\">the<\/span><span class=\"s9\">person<\/span><span class=\"s9\">\u00a0in\u00a0<\/span><span class=\"s9\">charge<\/span>\u00a0<span class=\"s9\">of<\/span>\u00a0<span class=\"s9\">processing<\/span><span class=\"s9\">,\u00a0<\/span><span class=\"s9\">on<\/span>\u00a0<span class=\"s9\">behalf<\/span>\u00a0<span class=\"s9\">of<\/span>\u00a0<span class=\"s9\">the<\/span>\u00a0<span class=\"s9\">company<\/span>\u00a0<span class=\"s9\">to<\/span>\u00a0<span class=\"s9\">which<\/span>\u00a0<span class=\"s9\">you<\/span>\u00a0<span class=\"s9\">belong<\/span>\u00a0<span class=\"s9\">or<\/span>\u00a0<span class=\"s9\">provide<\/span>\u00a0<span class=\"s9\">your<\/span>\u00a0<span class=\"s9\">services<\/span><span class=\"s9\">(<\/span><span class=\"s9\">hereinafter<\/span><span class=\"s9\">, CLIENT COMPANY),\u00a0<\/span><span class=\"s9\">which<\/span>\u00a0<span class=\"s9\">is<\/span>\u00a0<span class=\"s9\">responsible<\/span>\u00a0<span class=\"s9\">for<\/span>\u00a0<span class=\"s9\">processing<\/span>\u00a0<span class=\"s9\">your<\/span><span class=\"s9\">\u00a0personal data. FAGOR ELECTR\u00d3NICA and\u00a0<\/span><span class=\"s9\">the<\/span><span class=\"s9\">\u00a0CLIENT COMPANY\u00a0<\/span><span class=\"s9\">have<\/span>\u00a0<span class=\"s9\">signed<\/span>\u00a0<span class=\"s9\">the<\/span>\u00a0<span class=\"s9\">corresponding<\/span><span class=\"s9\">\u00a0data\u00a0<\/span><span class=\"s9\">processing<\/span><span class=\"s9\">contract<\/span><span class=\"s9\">, by\u00a0<\/span><span class=\"s9\">virtue<\/span>\u00a0<span class=\"s9\">of<\/span>\u00a0<span class=\"s9\">which<\/span><span class=\"s9\">\u00a0FAGOR ELECTR\u00d3NICA\u00a0<\/span><span class=\"s9\">processes<\/span>\u00a0<span class=\"s9\">the<\/span><span class=\"s9\">\u00a0personal data\u00a0<\/span><span class=\"s9\">on<\/span>\u00a0<span class=\"s9\">behalf<\/span>\u00a0<span class=\"s9\">of<\/span>\u00a0<span class=\"s9\">the<\/span><span class=\"s9\">CLIENT COMPANY and\u00a0<\/span><span class=\"s9\">following<\/span>\u00a0<span class=\"s9\">its<\/span>\u00a0<span class=\"s9\">instructions<\/span><span class=\"s9\">.<\/span><\/p><p class=\"s7\"><span class=\"s9\">La aplicaci\u00f3n es propiedad de FAGOR ELECTR\u00d3NICA, con NIF F20027975, y domicilio social en Barrio San Andr\u00e9s, s\/n. 20500\u00a0<\/span><span class=\"s9\">Arrasate-Mondragon<\/span><span class=\"s9\">\u00a0(Gipuzkoa).<\/span><\/p><p class=\"s7\"><span class=\"s9\">You<\/span><span class=\"s9\">\u00a0can\u00a0<\/span><span class=\"s9\">contact<\/span><span class=\"s9\">\u00a0FAGOR ELECTR\u00d3NICA at\u00a0<\/span><span class=\"s9\">the<\/span>\u00a0<span class=\"s9\">following<\/span><span class=\"s9\">\u00a0email\u00a0<\/span><span class=\"s9\">address<\/span><span class=\"s9\">\u00a0dpd@fagorelectronica.es<\/span><\/p><p>\u00a0<\/p><h2 class=\"s7\"><span class=\"s9\"><span class=\"s6\">Purpose<\/span>\u00a0<span class=\"s6\">of<\/span>\u00a0<span class=\"s6\">the<\/span>\u00a0<span class=\"s6\">treatment<\/span><\/span><\/h2><p class=\"s7\"><span class=\"s9\"><span class=\"s6\">We will treat your personal data associated with your user of the Flotasnet Mobile application tocorrectly manage the use and operation of the application.<\/span><\/span><\/p><p>\u00a0<\/p><h2 class=\"s7\"><span class=\"s6\">Legitimation<\/span>\u00a0<span class=\"s6\">of<\/span>\u00a0<span class=\"s6\">the<\/span>\u00a0<span class=\"s6\">treatment<\/span><\/h2><p class=\"s7\"><span class=\"s6\"><span class=\"s3\">The<\/span><span class=\"s3\">\u00a0legal basis\u00a0<\/span><span class=\"s3\">for<\/span>\u00a0<span class=\"s3\">the<\/span>\u00a0<span class=\"s3\">treatment<\/span>\u00a0<span class=\"s3\">of<\/span>\u00a0<span class=\"s3\">your<\/span><span class=\"s3\">\u00a0data\u00a0<\/span><span class=\"s3\">is<\/span>\u00a0<span class=\"s3\">the<\/span>\u00a0<span class=\"s3\">execution<\/span>\u00a0<span class=\"s3\">of<\/span>\u00a0<span class=\"s3\">the<\/span>\u00a0<span class=\"s3\">contract<\/span>\u00a0<span class=\"s3\">that<\/span>\u00a0<span class=\"s3\">you<\/span>\u00a0<span class=\"s3\">have<\/span>\u00a0<span class=\"s3\">with<\/span><span class=\"s3\">the<\/span><span class=\"s3\">\u00a0CLIENT COMPANY.<\/span><\/span><\/p><p class=\"s7\"><span class=\"s6\"><span class=\"s3\">Categories of personal data that are processed<\/span><\/span><\/p><ul><li class=\"s13\"><span class=\"s12\">Username<\/span><\/li><li class=\"s13\"><span class=\"s12\">Client Company\u00a0<\/span><span class=\"s12\">to<\/span>\u00a0<span class=\"s12\">which<\/span>\u00a0<span class=\"s12\">it<\/span>\u00a0<span class=\"s12\">belongs<\/span><\/li><\/ul><p>\u00a0<\/p><h2><span class=\"s12\"><span class=\"s6\">Communications<\/span>\u00a0<span class=\"s6\">of<\/span>\u00a0<span class=\"s6\">your<\/span><span class=\"s6\">\u00a0data<\/span><\/span><\/h2><p><span class=\"s12\"><span class=\"s6\"><span class=\"s9\">FAGOR ELECTR\u00d3NICA\u00a0<\/span><span class=\"s9\">will<\/span>\u00a0<span class=\"s9\">not<\/span>\u00a0<span class=\"s9\">communicate<\/span><span class=\"s9\">\u00a0personal data\u00a0<\/span><span class=\"s9\">to<\/span>\u00a0<span class=\"s9\">third<\/span>\u00a0<span class=\"s9\">parties<\/span>\u00a0<span class=\"s9\">or<\/span>\u00a0<span class=\"s9\">organizations<\/span><span class=\"s9\">,\u00a0<\/span><span class=\"s9\">unless<\/span><span class=\"s9\">it<\/span><span class=\"s9\">\u00a0has\u00a0<\/span><span class=\"s9\">the<\/span>\u00a0<span class=\"s9\">express<\/span>\u00a0<span class=\"s9\">authorization<\/span>\u00a0<span class=\"s9\">of<\/span>\u00a0<span class=\"s9\">the<\/span><span class=\"s9\">\u00a0CLIENT COMPANY, in\u00a0<\/span><span class=\"s9\">the<\/span>\u00a0<span class=\"s9\">legally<\/span>\u00a0<span class=\"s9\">permissible<\/span><span class=\"s9\">\u00a0cases.<\/span><\/span><\/span><\/p><p>\u00a0<\/p><h2><span class=\"s12\"><span class=\"s6\"><span class=\"s9\">International transfers<\/span><\/span><\/span><\/h2><p><span class=\"s12\"><span class=\"s6\"><span class=\"s9\">FAGOR ELECTR\u00d3NICA will not carry out international transfers of the data obtained through theFlotasnet Mobile application.<\/span><\/span><\/span><\/p><p>\u00a0<\/p><h2><span class=\"s12\"><span class=\"s6\"><span class=\"s9\">Data retention<\/span><\/span><\/span><\/h2><p><span class=\"s12\"><span class=\"s6\"><span class=\"s9\">The data will be kept during the provision of FAGOR ELECTR\u00d3NICA services to the CLIENT COMPANY and for an additional period of 6 months from the end of said services.<\/span><\/span><\/span><\/p><p>\u00a0<\/p><h2><span class=\"s12\"><span class=\"s6\"><span class=\"s9\">Rights<\/span><\/span><\/span><\/h2><p><span class=\"s12\"><span class=\"s6\"><span class=\"s9\">You can exercise your rights of access, rectification, deletion and portability of your data, limitationand opposition to treatment, as well as not being subject to decisions based solely on the automatedprocessing of your data or revoke your consent, when appropriate, before the CLIENT COMPANY.<\/span><\/span><\/span><\/p>\t\t\t\t\t\t\t\t<\/div>\n\t\t\t\t<\/div>\n\t\t\t\t<\/div>\n\t\t\t\t<\/div>\n\t\t\t\t<\/div>\n\t\t<div class=\"elementor-element elementor-element-bced030 e-flex e-con-boxed e-con e-parent\" data-id=\"bced030\" data-element_type=\"container\">\n\t\t\t\t\t<div class=\"e-con-inner\">\n\t\t\t\t<div class=\"elementor-element elementor-element-a5ba703 elementor-widget elementor-widget-spacer\" data-id=\"a5ba703\" data-element_type=\"widget\" data-widget_type=\"spacer.default\">\n\t\t\t\t<div class=\"elementor-widget-container\">\n\t\t\t\t\t\t\t<div class=\"elementor-spacer\">\n\t\t\t<div class=\"elementor-spacer-inner\"><\/div>\n\t\t<\/div>\n\t\t\t\t\t\t<\/div>\n\t\t\t\t<\/div>\n\t\t\t\t\t<\/div>\n\t\t\t\t<\/div>\n\t\t\t\t<\/div>\n\t\t","protected":false},"excerpt":{"rendered":"<p>Legal notice Responsible&nbsp;for&nbsp;the&nbsp;treatment FAGOR ELECTR\u00d3NICA S.COOP. (hereinafter, FAGOR ELECTR\u00d3NICA)&nbsp;processes&nbsp;the&nbsp;data as&nbsp;theperson&nbsp;in&nbsp;charge&nbsp;of&nbsp;processing,&nbsp;on&nbsp;behalf&nbsp;of&nbsp;the&nbsp;company&nbsp;to&nbsp;which&nbsp;you&nbsp;belong&nbsp;or&nbsp;provide&nbsp;your&nbsp;services(hereinafter, CLIENT COMPANY),&nbsp;which&nbsp;is&nbsp;responsible&nbsp;for&nbsp;processing&nbsp;your&nbsp;personal data. FAGOR ELECTR\u00d3NICA and&nbsp;the&nbsp;CLIENT COMPANY&nbsp;have&nbsp;signed&nbsp;the&nbsp;corresponding&nbsp;data&nbsp;processingcontract, by&nbsp;virtue&nbsp;of&nbsp;which&nbsp;FAGOR ELECTR\u00d3NICA&nbsp;processes&nbsp;the&nbsp;personal data&nbsp;on&nbsp;behalf&nbsp;of&nbsp;theCLIENT COMPANY and&nbsp;following&nbsp;its&nbsp;instructions. La aplicaci\u00f3n es propiedad de FAGOR ELECTR\u00d3NICA, con NIF F20027975, y domicilio social en Barrio San Andr\u00e9s, s\/n. 20500&nbsp;Arrasate-Mondragon&nbsp;(Gipuzkoa). You&nbsp;can&nbsp;contact&nbsp;FAGOR ELECTR\u00d3NICA at&nbsp;the&nbsp;following&nbsp;email&nbsp;address&nbsp;dpd@fagorelectronica.es Purpose&nbsp;of&nbsp;the&nbsp;treatment We will treat your personal data associated with your user [&hellip;]<\/p>\n","protected":false},"author":1,"featured_media":0,"parent":0,"menu_order":0,"comment_status":"closed","ping_status":"closed","template":"","meta":{"_acf_changed":false,"inline_featured_image":false,"footnotes":""},"class_list":["post-91710","page","type-page","status-publish","hentry"],"acf":[],"_links":{"self":[{"href":"https:\/\/www.fagorsmartdata.com\/en\/wp-json\/wp\/v2\/pages\/91710","targetHints":{"allow":["GET"]}}],"collection":[{"href":"https:\/\/www.fagorsmartdata.com\/en\/wp-json\/wp\/v2\/pages"}],"about":[{"href":"https:\/\/www.fagorsmartdata.com\/en\/wp-json\/wp\/v2\/types\/page"}],"author":[{"embeddable":true,"href":"https:\/\/www.fagorsmartdata.com\/en\/wp-json\/wp\/v2\/users\/1"}],"replies":[{"embeddable":true,"href":"https:\/\/www.fagorsmartdata.com\/en\/wp-json\/wp\/v2\/comments?post=91710"}],"version-history":[{"count":2,"href":"https:\/\/www.fagorsmartdata.com\/en\/wp-json\/wp\/v2\/pages\/91710\/revisions"}],"predecessor-version":[{"id":91720,"href":"https:\/\/www.fagorsmartdata.com\/en\/wp-json\/wp\/v2\/pages\/91710\/revisions\/91720"}],"wp:attachment":[{"href":"https:\/\/www.fagorsmartdata.com\/en\/wp-json\/wp\/v2\/media?parent=91710"}],"curies":[{"name":"wp","href":"https:\/\/api.w.org\/{rel}","templated":true}]}}