{"id":1081,"date":"2023-04-26T12:15:21","date_gmt":"2023-04-26T12:15:21","guid":{"rendered":"https:\/\/wordpress-441303-3454160.cloudwaysapps.com\/?page_id=1081"},"modified":"2024-11-19T13:22:07","modified_gmt":"2024-11-19T12:22:07","slug":"unete-a-nosotros","status":"publish","type":"page","link":"https:\/\/www.fagorsmartdata.com\/es\/unete-a-nosotros\/","title":{"rendered":"\u00danete a nosotros"},"content":{"rendered":"\t\t<div data-elementor-type=\"wp-page\" data-elementor-id=\"1081\" class=\"elementor elementor-1081\" data-elementor-post-type=\"page\">\n\t\t\t\t<div class=\"elementor-element elementor-element-7c83ef0 e-con-full e-flex e-con e-parent\" data-id=\"7c83ef0\" data-element_type=\"container\">\n\t\t<div class=\"elementor-element elementor-element-e46d730 e-con-full e-flex e-con e-child\" data-id=\"e46d730\" data-element_type=\"container\" data-settings=\"{&quot;background_background&quot;:&quot;classic&quot;}\">\n\t\t<div class=\"elementor-element elementor-element-d2da7a9 e-con-full e-flex e-con e-child\" data-id=\"d2da7a9\" data-element_type=\"container\">\n\t\t<div class=\"elementor-element elementor-element-6a42e0b e-con-full e-flex e-con e-child\" data-id=\"6a42e0b\" data-element_type=\"container\">\n\t\t\t\t<div class=\"elementor-element elementor-element-ae961c2 elementor-widget elementor-widget-heading\" data-id=\"ae961c2\" data-element_type=\"widget\" data-widget_type=\"heading.default\">\n\t\t\t\t<div class=\"elementor-widget-container\">\n\t\t\t\t\t<h1 class=\"elementor-heading-title elementor-size-default\">\u00danete a nosotros<\/h1>\t\t\t\t<\/div>\n\t\t\t\t<\/div>\n\t\t\t\t<\/div>\n\t\t\t\t<\/div>\n\t\t\t\t<\/div>\n\t\t\t\t<\/div>\n\t\t<div class=\"elementor-element elementor-element-9c5bbda e-flex e-con-boxed e-con e-parent\" data-id=\"9c5bbda\" data-element_type=\"container\">\n\t\t\t\t\t<div class=\"e-con-inner\">\n\t\t\t\t<div class=\"elementor-element elementor-element-7693021 elementor-widget elementor-widget-spacer\" data-id=\"7693021\" data-element_type=\"widget\" data-widget_type=\"spacer.default\">\n\t\t\t\t<div class=\"elementor-widget-container\">\n\t\t\t\t\t\t\t<div class=\"elementor-spacer\">\n\t\t\t<div class=\"elementor-spacer-inner\"><\/div>\n\t\t<\/div>\n\t\t\t\t\t\t<\/div>\n\t\t\t\t<\/div>\n\t\t\t\t\t<\/div>\n\t\t\t\t<\/div>\n\t\t<div class=\"elementor-element elementor-element-c5275b0 e-con-full e-flex e-con e-parent\" data-id=\"c5275b0\" data-element_type=\"container\">\n\t\t<div class=\"elementor-element elementor-element-cb6db27 e-con-full e-flex e-con e-child\" data-id=\"cb6db27\" data-element_type=\"container\">\n\t\t<div class=\"elementor-element elementor-element-549eeab e-con-full e-flex e-con e-child\" data-id=\"549eeab\" data-element_type=\"container\">\n\t\t\t\t<div class=\"elementor-element elementor-element-4ee74ba elementor-widget elementor-widget-heading\" data-id=\"4ee74ba\" data-element_type=\"widget\" data-widget_type=\"heading.default\">\n\t\t\t\t<div class=\"elementor-widget-container\">\n\t\t\t\t\t<h2 class=\"elementor-heading-title elementor-size-default\">S\u00e9 parte de lo\nque mueve el mundo.<\/h2>\t\t\t\t<\/div>\n\t\t\t\t<\/div>\n\t\t\t\t<\/div>\n\t\t<div class=\"elementor-element elementor-element-887f932 e-con-full e-flex e-con e-child\" data-id=\"887f932\" data-element_type=\"container\">\n\t\t\t\t<div class=\"elementor-element elementor-element-c700500 elementor-widget-mobile__width-inherit elementor-widget elementor-widget-heading\" data-id=\"c700500\" data-element_type=\"widget\" data-widget_type=\"heading.default\">\n\t\t\t\t<div class=\"elementor-widget-container\">\n\t\t\t\t\t<h3 class=\"elementor-heading-title elementor-size-default\">Dise\u00f1amos y desarrollamos soluciones y productos desde una inquietud innovadora.<\/h3>\t\t\t\t<\/div>\n\t\t\t\t<\/div>\n\t\t\t\t<\/div>\n\t\t\t\t<\/div>\n\t\t\t\t<\/div>\n\t\t<div class=\"elementor-element elementor-element-9927403 e-flex e-con-boxed e-con e-parent\" data-id=\"9927403\" data-element_type=\"container\">\n\t\t\t\t\t<div class=\"e-con-inner\">\n\t\t\t\t<div class=\"elementor-element elementor-element-3eb9fbc elementor-widget elementor-widget-spacer\" data-id=\"3eb9fbc\" data-element_type=\"widget\" data-widget_type=\"spacer.default\">\n\t\t\t\t<div class=\"elementor-widget-container\">\n\t\t\t\t\t\t\t<div class=\"elementor-spacer\">\n\t\t\t<div class=\"elementor-spacer-inner\"><\/div>\n\t\t<\/div>\n\t\t\t\t\t\t<\/div>\n\t\t\t\t<\/div>\n\t\t\t\t\t<\/div>\n\t\t\t\t<\/div>\n\t\t<div class=\"elementor-element elementor-element-ebc9c5a e-con-full e-flex e-con e-parent\" data-id=\"ebc9c5a\" data-element_type=\"container\">\n\t\t<div class=\"elementor-element elementor-element-832802d e-con-full e-flex e-con e-child\" data-id=\"832802d\" data-element_type=\"container\">\n\t\t<div class=\"elementor-element elementor-element-7f09ea2 e-con-full e-flex e-con e-child\" data-id=\"7f09ea2\" data-element_type=\"container\">\n\t\t\t\t<div class=\"elementor-element elementor-element-7261631 elementor-widget elementor-widget-heading\" data-id=\"7261631\" data-element_type=\"widget\" data-widget_type=\"heading.default\">\n\t\t\t\t<div class=\"elementor-widget-container\">\n\t\t\t\t\t<h2 class=\"elementor-heading-title elementor-size-default\">Env\u00eda tu curriculum<\/h2>\t\t\t\t<\/div>\n\t\t\t\t<\/div>\n\t\t\t\t<\/div>\n\t\t<div class=\"elementor-element elementor-element-f696e9f e-con-full e-flex e-con e-child\" data-id=\"f696e9f\" data-element_type=\"container\">\n\t\t\t\t<div class=\"elementor-element elementor-element-28eeed5 elementor-widget-mobile__width-inherit elementor-widget elementor-widget-heading\" data-id=\"28eeed5\" data-element_type=\"widget\" data-widget_type=\"heading.default\">\n\t\t\t\t<div class=\"elementor-widget-container\">\n\t\t\t\t\t<h3 class=\"elementor-heading-title elementor-size-default\">Comparte con nosotros el descubrimiento y desarrollo de la tecnolog\u00eda que nos envuelve. En el d\u00eda a d\u00eda, encontrar\u00e1s continuas oportunidades para aprender, crecer y entender el negocio de principio a fin. Nos diferencian la ilusi\u00f3n y la energ\u00eda. Siente el orgullo de avanzar con retos complejos que aportan valor a\u00f1adido a nuestros clientes. T\u00fa eres el protagonista. Fagor Electr\u00f3nica lo hacemos entre todos. Tu opini\u00f3n cuenta. S\u00e9 el protagonista de tu propio trabajo formando parte de un equipo con el que disfrutar y sentirte a gusto.<\/h3>\t\t\t\t<\/div>\n\t\t\t\t<\/div>\n\t\t\t\t<\/div>\n\t\t\t\t<\/div>\n\t\t\t\t<\/div>\n\t\t<div class=\"elementor-element elementor-element-dbe5858 e-flex e-con-boxed e-con e-parent\" data-id=\"dbe5858\" data-element_type=\"container\">\n\t\t\t\t\t<div class=\"e-con-inner\">\n\t\t\t\t<div class=\"elementor-element elementor-element-8f76ccc elementor-widget elementor-widget-spacer\" data-id=\"8f76ccc\" data-element_type=\"widget\" data-widget_type=\"spacer.default\">\n\t\t\t\t<div class=\"elementor-widget-container\">\n\t\t\t\t\t\t\t<div class=\"elementor-spacer\">\n\t\t\t<div class=\"elementor-spacer-inner\"><\/div>\n\t\t<\/div>\n\t\t\t\t\t\t<\/div>\n\t\t\t\t<\/div>\n\t\t\t\t\t<\/div>\n\t\t\t\t<\/div>\n\t\t<div class=\"elementor-element elementor-element-8cdbfb7 e-flex e-con-boxed e-con e-parent\" data-id=\"8cdbfb7\" data-element_type=\"container\">\n\t\t\t\t\t<div class=\"e-con-inner\">\n\t\t\t\t<div class=\"elementor-element elementor-element-3b38e3d elementor-widget__width-initial elementor-widget elementor-widget-wpforms\" data-id=\"3b38e3d\" data-element_type=\"widget\" data-widget_type=\"wpforms.default\">\n\t\t\t\t<div class=\"elementor-widget-container\">\n\t\t\t\t\t<div class=\"wpforms-container wpforms-container-full\" id=\"wpforms-92891\"><form id=\"wpforms-form-92891\" class=\"wpforms-validate wpforms-form\" data-formid=\"92891\" method=\"post\" enctype=\"multipart\/form-data\" action=\"\/es\/wp-json\/wp\/v2\/pages\/1081?wpforms_form_id=92891\" data-token=\"bcf687198ec329d9dc2124f094791f12\"><noscript class=\"wpforms-error-noscript\">Por favor, activa JavaScript en tu navegador para completar este formulario.<\/noscript><div class=\"wpforms-field-container\"><div id=\"wpforms-92891-field_1-container\" class=\"wpforms-field wpforms-field-name\" data-field-id=\"1\"><label class=\"wpforms-field-label\" for=\"wpforms-92891-field_1\">Nombre <span class=\"wpforms-required-label\">*<\/span><\/label><div class=\"wpforms-field-row wpforms-field-large\"><div class=\"wpforms-field-row-block wpforms-first wpforms-one-half\"><input type=\"text\" id=\"wpforms-92891-field_1\" class=\"wpforms-field-name-first wpforms-field-required\" name=\"wpforms[fields][1][first]\" placeholder=\"Nombre\" required><label for=\"wpforms-92891-field_1\" class=\"wpforms-field-sublabel after wpforms-sublabel-hide\">Nombre<\/label><\/div><div class=\"wpforms-field-row-block wpforms-one-half\"><input type=\"text\" id=\"wpforms-92891-field_1-last\" class=\"wpforms-field-name-last wpforms-field-required\" name=\"wpforms[fields][1][last]\" placeholder=\"Apellidos\" required><label for=\"wpforms-92891-field_1-last\" class=\"wpforms-field-sublabel after wpforms-sublabel-hide\">Apellidos<\/label><\/div><\/div><\/div><div id=\"wpforms-92891-field_2-container\" class=\"wpforms-field wpforms-field-email wpforms-one-half wpforms-first\" data-field-id=\"2\"><label class=\"wpforms-field-label\" for=\"wpforms-92891-field_2\">Correo electr\u00f3nico <span class=\"wpforms-required-label\">*<\/span><\/label><input type=\"email\" id=\"wpforms-92891-field_2\" class=\"wpforms-field-large wpforms-field-required\" name=\"wpforms[fields][2]\" required><\/div><div id=\"wpforms-92891-field_3-container\" class=\"wpforms-field wpforms-field-phone wpforms-one-half\" data-field-id=\"3\"><label class=\"wpforms-field-label\" for=\"wpforms-92891-field_3\">Tel\u00e9fono <span class=\"wpforms-required-label\">*<\/span><\/label><input type=\"tel\" id=\"wpforms-92891-field_3\" class=\"wpforms-field-large wpforms-field-required\" data-rule-int-phone-field=\"true\" name=\"wpforms[fields][3]\" required><\/div><div id=\"wpforms-92891-field_7-container\" class=\"wpforms-field wpforms-field-file-upload\" data-field-id=\"7\"><label class=\"wpforms-field-label\" for=\"wpforms-92891-field_7\">Adjunta tu CV <span class=\"wpforms-required-label\">*<\/span><\/label><div class=\"wpforms-uploader\"\n\tdata-field-id=\"7\"\n\tdata-form-id=\"92891\"\n\tdata-input-name=\"wpforms_92891_7\"\n\tdata-extensions=\"pdf,doc,docx\"\n\tdata-max-size=\"10485760\"\n\tdata-max-file-number=\"1\"\n\tdata-post-max-size=\"134217728\"\n    data-max-parallel-uploads=\"4\"\n    data-parallel-uploads=\"true\"\n\tdata-file-chunk-size=\"2097152\">\n\t<div class=\"dz-message\">\n\t\t<svg viewBox=\"0 0 1024 1024\" focusable=\"false\" class=\"\" data-icon=\"inbox\" width=\"50px\" height=\"50px\" fill=\"#B1B1B1\" aria-hidden=\"true\"><path d=\"M885.2 446.3l-.2-.8-112.2-285.1c-5-16.1-19.9-27.2-36.8-27.2H281.2c-17 0-32.1 11.3-36.9 27.6L139.4 443l-.3.7-.2.8c-1.3 4.9-1.7 9.9-1 14.8-.1 1.6-.2 3.2-.2 4.8V830a60.9 60.9 0 0 0 60.8 60.8h627.2c33.5 0 60.8-27.3 60.9-60.8V464.1c0-1.3 0-2.6-.1-3.7.4-4.9 0-9.6-1.3-14.1zm-295.8-43l-.3 15.7c-.8 44.9-31.8 75.1-77.1 75.1-22.1 0-41.1-7.1-54.8-20.6S436 441.2 435.6 419l-.3-15.7H229.5L309 210h399.2l81.7 193.3H589.4zm-375 76.8h157.3c24.3 57.1 76 90.8 140.4 90.8 33.7 0 65-9.4 90.3-27.2 22.2-15.6 39.5-37.4 50.7-63.6h156.5V814H214.4V480.1z\"><\/path><\/svg>\n\t\t<span class=\"modern-title\">\n\t\t\tHaz clic o arrastra un archivo a este \u00e1rea para subirlo.\t\t<\/span>\n\n\t\t\t<\/div>\n<\/div>\n<input type=\"text\" class=\"dropzone-input\"\n\tstyle=\"position:absolute!important;clip:rect(0,0,0,0)!important;height:1px!important;width:1px!important;border:0!important;overflow:hidden!important;padding:0!important;margin:0!important;\"\n\tid=\"wpforms-92891-field_7\"\n\tname=\"wpforms_92891_7\" required>\n<\/div><div id=\"wpforms-92891-field_8-container\" class=\"wpforms-field wpforms-field-payment-checkbox\" data-field-id=\"8\"><label class=\"wpforms-field-label wpforms-label-hide\" for=\"wpforms-92891-field_8\">Pol\u00edtica de privacidad <span class=\"wpforms-required-label\">*<\/span><\/label><ul id=\"wpforms-92891-field_8\" class=\"wpforms-field-required\"><li class=\"choice-1\"><input type=\"checkbox\" id=\"wpforms-92891-field_8_1\" class=\"wpforms-payment-price\" data-amount=\"0.00\" name=\"wpforms[fields][8][]\" value=\"1\" required ><label class=\"wpforms-field-label-inline\" for=\"wpforms-92891-field_8_1\">He le\u00eddo y acepto la pol\u00edtica de privacidad<\/label><\/li><\/ul><\/div><div id=\"wpforms-92891-field_9-container\" class=\"wpforms-field wpforms-field-html\" data-field-id=\"9\"><div id=\"wpforms-92891-field_9\"><span class=\"modelcondiciones\" onclick=\"location.href='https:\/\/www.fagorsmartdata.com\/es\/aviso-legal\/'\">Ver pol\u00edtica de privacidad<\/span><\/div><\/div><\/div><input type=\"hidden\" name=\"wpforms[recaptcha]\" value=\"\"><div class=\"wpforms-submit-container\" ><input type=\"hidden\" name=\"wpforms[id]\" value=\"92891\"><input type=\"hidden\" name=\"wpforms[author]\" value=\"1\"><button type=\"submit\" name=\"wpforms[submit]\" class=\"wpforms-submit \" id=\"wpforms-submit-92891\" value=\"wpforms-submit\" aria-live=\"assertive\" data-alt-text=\"Enviando...\" data-submit-text=\"Enviar\">Enviar<\/button><\/div><\/form><\/div>  <!-- .wpforms-container -->\t\t\t\t<\/div>\n\t\t\t\t<\/div>\n\t\t\t\t\t<\/div>\n\t\t\t\t<\/div>\n\t\t\t\t<\/div>\n\t\t","protected":false},"excerpt":{"rendered":"<p>\u00danete a nosotros S\u00e9 parte de lo que mueve el mundo. Dise\u00f1amos y desarrollamos soluciones y productos desde una inquietud innovadora. Env\u00eda tu curriculum Comparte con nosotros el descubrimiento y desarrollo de la tecnolog\u00eda que nos envuelve. En el d\u00eda a d\u00eda, encontrar\u00e1s continuas oportunidades para aprender, crecer y entender el negocio de principio a [&hellip;]<\/p>\n","protected":false},"author":1,"featured_media":0,"parent":0,"menu_order":0,"comment_status":"closed","ping_status":"closed","template":"","meta":{"_acf_changed":false,"inline_featured_image":false,"footnotes":""},"class_list":["post-1081","page","type-page","status-publish","hentry"],"acf":[],"_links":{"self":[{"href":"https:\/\/www.fagorsmartdata.com\/es\/wp-json\/wp\/v2\/pages\/1081","targetHints":{"allow":["GET"]}}],"collection":[{"href":"https:\/\/www.fagorsmartdata.com\/es\/wp-json\/wp\/v2\/pages"}],"about":[{"href":"https:\/\/www.fagorsmartdata.com\/es\/wp-json\/wp\/v2\/types\/page"}],"author":[{"embeddable":true,"href":"https:\/\/www.fagorsmartdata.com\/es\/wp-json\/wp\/v2\/users\/1"}],"replies":[{"embeddable":true,"href":"https:\/\/www.fagorsmartdata.com\/es\/wp-json\/wp\/v2\/comments?post=1081"}],"version-history":[{"count":49,"href":"https:\/\/www.fagorsmartdata.com\/es\/wp-json\/wp\/v2\/pages\/1081\/revisions"}],"predecessor-version":[{"id":96130,"href":"https:\/\/www.fagorsmartdata.com\/es\/wp-json\/wp\/v2\/pages\/1081\/revisions\/96130"}],"wp:attachment":[{"href":"https:\/\/www.fagorsmartdata.com\/es\/wp-json\/wp\/v2\/media?parent=1081"}],"curies":[{"name":"wp","href":"https:\/\/api.w.org\/{rel}","templated":true}]}}