{"id":1832,"date":"2023-05-04T10:06:45","date_gmt":"2023-05-04T10:06:45","guid":{"rendered":"https:\/\/wordpress-441303-3454160.cloudwaysapps.com\/?page_id=1832"},"modified":"2026-01-09T12:27:21","modified_gmt":"2026-01-09T11:27:21","slug":"proyectos-llave-en-mano","status":"publish","type":"page","link":"https:\/\/www.fagorsmartdata.com\/es\/proyectos-llave-en-mano\/","title":{"rendered":"Proyectos llave en mano"},"content":{"rendered":"\t\t<div data-elementor-type=\"wp-page\" data-elementor-id=\"1832\" class=\"elementor elementor-1832\" data-elementor-post-type=\"page\">\n\t\t\t\t<div class=\"elementor-element elementor-element-db0c986 e-con-full e-flex e-con e-parent\" data-id=\"db0c986\" data-element_type=\"container\">\n\t\t<div class=\"elementor-element elementor-element-d8478cf e-con-full e-flex e-con e-child\" data-id=\"d8478cf\" data-element_type=\"container\" data-settings=\"{&quot;background_background&quot;:&quot;classic&quot;}\">\n\t\t<div class=\"elementor-element elementor-element-6f1806d e-con-full e-flex e-con e-child\" data-id=\"6f1806d\" data-element_type=\"container\">\n\t\t<div class=\"elementor-element elementor-element-432589e e-con-full e-flex e-con e-child\" data-id=\"432589e\" data-element_type=\"container\">\n\t\t\t\t<div class=\"elementor-element elementor-element-30bfac3 elementor-widget__width-inherit elementor-widget elementor-widget-heading\" data-id=\"30bfac3\" data-element_type=\"widget\" data-widget_type=\"heading.default\">\n\t\t\t\t<div class=\"elementor-widget-container\">\n\t\t\t\t\t<h1 class=\"elementor-heading-title elementor-size-default\">Proyectos llave en mano<\/h1>\t\t\t\t<\/div>\n\t\t\t\t<\/div>\n\t\t\t\t<\/div>\n\t\t<div class=\"elementor-element elementor-element-1d2f40d e-con-full e-flex e-con e-child\" data-id=\"1d2f40d\" data-element_type=\"container\">\n\t\t\t\t<div class=\"elementor-element elementor-element-bb9cf12 elementor-widget__width-inherit elementor-widget elementor-widget-heading\" data-id=\"bb9cf12\" data-element_type=\"widget\" data-widget_type=\"heading.default\">\n\t\t\t\t<div class=\"elementor-widget-container\">\n\t\t\t\t\t<h2 class=\"elementor-heading-title elementor-size-default\">Porque sabemos que cada cliente es \u00fanico.<\/h2>\t\t\t\t<\/div>\n\t\t\t\t<\/div>\n\t\t\t\t<\/div>\n\t\t\t\t<\/div>\n\t\t\t\t<\/div>\n\t\t\t\t<\/div>\n\t\t<div class=\"elementor-element elementor-element-0a108ed e-flex e-con-boxed e-con e-parent\" data-id=\"0a108ed\" data-element_type=\"container\">\n\t\t\t\t\t<div class=\"e-con-inner\">\n\t\t\t\t<div class=\"elementor-element elementor-element-006fcda elementor-widget elementor-widget-spacer\" data-id=\"006fcda\" data-element_type=\"widget\" data-widget_type=\"spacer.default\">\n\t\t\t\t<div class=\"elementor-widget-container\">\n\t\t\t\t\t\t\t<div class=\"elementor-spacer\">\n\t\t\t<div class=\"elementor-spacer-inner\"><\/div>\n\t\t<\/div>\n\t\t\t\t\t\t<\/div>\n\t\t\t\t<\/div>\n\t\t\t\t\t<\/div>\n\t\t\t\t<\/div>\n\t\t<div class=\"elementor-element elementor-element-0483e78 e-con-full e-flex e-con e-parent\" data-id=\"0483e78\" data-element_type=\"container\">\n\t\t<div class=\"elementor-element elementor-element-2937a3d e-con-full e-flex e-con e-child\" data-id=\"2937a3d\" data-element_type=\"container\">\n\t\t<div class=\"elementor-element elementor-element-15532a7 e-con-full e-flex e-con e-child\" data-id=\"15532a7\" data-element_type=\"container\">\n\t\t\t\t<div class=\"elementor-element elementor-element-584842c elementor-widget elementor-widget-heading\" data-id=\"584842c\" data-element_type=\"widget\" data-widget_type=\"heading.default\">\n\t\t\t\t<div class=\"elementor-widget-container\">\n\t\t\t\t\t<h3 class=\"elementor-heading-title elementor-size-default\">En Fagor Electr\u00f3nica tenemos largo recorrido y experiencia en trabajar proyectos a medida bajo el concepto llave en mano.<\/h3>\t\t\t\t<\/div>\n\t\t\t\t<\/div>\n\t\t\t\t<\/div>\n\t\t<div class=\"elementor-element elementor-element-3994abf e-con-full e-flex e-con e-child\" data-id=\"3994abf\" data-element_type=\"container\">\n\t\t\t\t<\/div>\n\t\t\t\t<\/div>\n\t\t\t\t<\/div>\n\t\t<div class=\"elementor-element elementor-element-2c6e692 e-flex e-con-boxed e-con e-parent\" data-id=\"2c6e692\" data-element_type=\"container\">\n\t\t\t\t\t<div class=\"e-con-inner\">\n\t\t\t\t<div class=\"elementor-element elementor-element-fe52e1b elementor-widget elementor-widget-spacer\" data-id=\"fe52e1b\" data-element_type=\"widget\" data-widget_type=\"spacer.default\">\n\t\t\t\t<div class=\"elementor-widget-container\">\n\t\t\t\t\t\t\t<div class=\"elementor-spacer\">\n\t\t\t<div class=\"elementor-spacer-inner\"><\/div>\n\t\t<\/div>\n\t\t\t\t\t\t<\/div>\n\t\t\t\t<\/div>\n\t\t\t\t\t<\/div>\n\t\t\t\t<\/div>\n\t\t<div class=\"elementor-element elementor-element-b5017b1 e-con-full e-flex e-con e-parent\" data-id=\"b5017b1\" data-element_type=\"container\">\n\t\t<div class=\"elementor-element elementor-element-4e715fb e-con-full e-flex e-con e-child\" data-id=\"4e715fb\" data-element_type=\"container\">\n\t\t\t\t<div class=\"elementor-element elementor-element-5e6c394 elementor-widget elementor-widget-image\" data-id=\"5e6c394\" data-element_type=\"widget\" data-widget_type=\"image.default\">\n\t\t\t\t<div class=\"elementor-widget-container\">\n\t\t\t\t\t\t\t\t\t\t\t\t\t\t\t<img fetchpriority=\"high\" width=\"800\" height=\"500\" src=\"https:\/\/www.fagorsmartdata.com\/wp-content\/uploads\/2023\/05\/captacion-necesidades.jpeg\" class=\"attachment-large size-large wp-image-1858\" alt=\"Captaci\u00f3n de necesidades del cliente\" srcset=\"https:\/\/www.fagorsmartdata.com\/wp-content\/uploads\/2023\/05\/captacion-necesidades.jpeg 800w, https:\/\/www.fagorsmartdata.com\/wp-content\/uploads\/2023\/05\/captacion-necesidades-300x188.jpeg 300w, https:\/\/www.fagorsmartdata.com\/wp-content\/uploads\/2023\/05\/captacion-necesidades-768x480.jpeg 768w\" sizes=\"(max-width: 800px) 100vw, 800px\" \/>\t\t\t\t\t\t\t\t\t\t\t\t\t\t\t<\/div>\n\t\t\t\t<\/div>\n\t\t\t\t<div class=\"elementor-element elementor-element-a1d0116 elementor-widget elementor-widget-heading\" data-id=\"a1d0116\" data-element_type=\"widget\" data-widget_type=\"heading.default\">\n\t\t\t\t<div class=\"elementor-widget-container\">\n\t\t\t\t\t<h2 class=\"elementor-heading-title elementor-size-default\">Captaci\u00f3n de necesidades\ndel cliente<\/h2>\t\t\t\t<\/div>\n\t\t\t\t<\/div>\n\t\t\t\t<div class=\"elementor-element elementor-element-1f44fdc elementor-widget elementor-widget-text-editor\" data-id=\"1f44fdc\" data-element_type=\"widget\" data-widget_type=\"text-editor.default\">\n\t\t\t\t<div class=\"elementor-widget-container\">\n\t\t\t\t\t\t\t\t\t<div class=\"page\" title=\"Page 15\"><div class=\"section\"><div class=\"layoutArea\"><div class=\"column\"><p>Desde un enfoque de asesoramiento tecnolo\u0301gico y utilizando como herramienta principal la escucha activa al cliente, se captara\u0301n y contrastara\u0301n entre ambas partes todas las necesidades y objetivos que derivan del proyecto.<\/p><\/div><\/div><\/div><\/div>\t\t\t\t\t\t\t\t<\/div>\n\t\t\t\t<\/div>\n\t\t\t\t<\/div>\n\t\t<div class=\"elementor-element elementor-element-44e787f e-con-full e-flex e-con e-child\" data-id=\"44e787f\" data-element_type=\"container\">\n\t\t\t\t<div class=\"elementor-element elementor-element-83c4fac elementor-widget elementor-widget-image\" data-id=\"83c4fac\" data-element_type=\"widget\" data-widget_type=\"image.default\">\n\t\t\t\t<div class=\"elementor-widget-container\">\n\t\t\t\t\t\t\t\t\t\t\t\t\t\t\t<img width=\"800\" height=\"500\" src=\"https:\/\/www.fagorsmartdata.com\/wp-content\/uploads\/2023\/05\/objetivos.jpeg\" class=\"attachment-large size-large wp-image-1856\" alt=\"Planteamiento de objetivos, fases, e hitos\" srcset=\"https:\/\/www.fagorsmartdata.com\/wp-content\/uploads\/2023\/05\/objetivos.jpeg 800w, https:\/\/www.fagorsmartdata.com\/wp-content\/uploads\/2023\/05\/objetivos-300x188.jpeg 300w, https:\/\/www.fagorsmartdata.com\/wp-content\/uploads\/2023\/05\/objetivos-768x480.jpeg 768w\" sizes=\"(max-width: 800px) 100vw, 800px\" \/>\t\t\t\t\t\t\t\t\t\t\t\t\t\t\t<\/div>\n\t\t\t\t<\/div>\n\t\t\t\t<div class=\"elementor-element elementor-element-57a0092 elementor-widget elementor-widget-heading\" data-id=\"57a0092\" data-element_type=\"widget\" data-widget_type=\"heading.default\">\n\t\t\t\t<div class=\"elementor-widget-container\">\n\t\t\t\t\t<h2 class=\"elementor-heading-title elementor-size-default\">Planteamiento de objetivos,\nfases, e hitos<\/h2>\t\t\t\t<\/div>\n\t\t\t\t<\/div>\n\t\t\t\t<div class=\"elementor-element elementor-element-d955f01 elementor-widget elementor-widget-text-editor\" data-id=\"d955f01\" data-element_type=\"widget\" data-widget_type=\"text-editor.default\">\n\t\t\t\t<div class=\"elementor-widget-container\">\n\t\t\t\t\t\t\t\t\t<div class=\"page\" title=\"Page 15\"><div class=\"section\"><div class=\"layoutArea\"><div class=\"column\"><p>Una vez definidas y acordadas las necesidades entre ambas partes, se elaborara\u0301 una propuesta de proyecto que recoja y refleje todos los objetivos que se persiguen en el mismo, ya sean te\u0301cnicos, de negocio o estrate\u0301gicos, o econo\u0301micos. De estos objetivos nacera\u0301 el plan de ejecucio\u0301n que se complementa con las diferentes fases del proyecto y los hitos o entregables ma\u0301s destacables. Del mismo modo se definira\u0301n los indicadores necesarios para el posterior seguimiento y control de proyectos.<\/p><\/div><\/div><\/div><\/div>\t\t\t\t\t\t\t\t<\/div>\n\t\t\t\t<\/div>\n\t\t\t\t<\/div>\n\t\t<div class=\"elementor-element elementor-element-03b2435 e-con-full e-flex e-con e-child\" data-id=\"03b2435\" data-element_type=\"container\">\n\t\t\t\t<div class=\"elementor-element elementor-element-3dcb849 elementor-widget elementor-widget-image\" data-id=\"3dcb849\" data-element_type=\"widget\" data-widget_type=\"image.default\">\n\t\t\t\t<div class=\"elementor-widget-container\">\n\t\t\t\t\t\t\t\t\t\t\t\t\t\t\t<img src=\"https:\/\/wordpress-441303-3454160.cloudwaysapps.com\/wp-content\/uploads\/2023\/05\/fase_3-e1683196318845.jpeg\" title=\"fase_3\" alt=\"Seguimiento y control de proyecto\" loading=\"lazy\" \/>\t\t\t\t\t\t\t\t\t\t\t\t\t\t\t<\/div>\n\t\t\t\t<\/div>\n\t\t\t\t<div class=\"elementor-element elementor-element-aaf88f2 elementor-widget elementor-widget-heading\" data-id=\"aaf88f2\" data-element_type=\"widget\" data-widget_type=\"heading.default\">\n\t\t\t\t<div class=\"elementor-widget-container\">\n\t\t\t\t\t<h2 class=\"elementor-heading-title elementor-size-default\">Seguimiento y control de\nproyecto<\/h2>\t\t\t\t<\/div>\n\t\t\t\t<\/div>\n\t\t\t\t<div class=\"elementor-element elementor-element-a469da6 elementor-widget elementor-widget-text-editor\" data-id=\"a469da6\" data-element_type=\"widget\" data-widget_type=\"text-editor.default\">\n\t\t\t\t<div class=\"elementor-widget-container\">\n\t\t\t\t\t\t\t\t\t<div class=\"page\" title=\"Page 15\"><div class=\"section\"><div class=\"layoutArea\"><div class=\"column\"><p>Una vez acordado lo anterior, se aplicara\u0301 la metodologi\u0301a Fagor para la gestio\u0301n de proyectos. Esta metodologi\u0301a comprende principalmente una serie de reuniones perio\u0301dicas entre ambas partes, de calado te\u0301cnico y gene\u0301rico, donde se llevara\u0301 a cabo un control de los indicadores establecidos, de los hitos entregados en fecha y calidad y mediante las cuales se pretende tener una visio\u0301n global del estado del proyecto asi\u0301 como sus desviaciones, con el fin de establecer acciones concretas para su reconduccio\u0301n. Para todo ello adema\u0301s Fagor pondra\u0301 a disposicio\u0301n del cliente una herramienta web de gestio\u0301n de proyectos.<\/p><\/div><\/div><\/div><\/div>\t\t\t\t\t\t\t\t<\/div>\n\t\t\t\t<\/div>\n\t\t\t\t<\/div>\n\t\t<div class=\"elementor-element elementor-element-a85fef5 e-con-full e-flex e-con e-child\" data-id=\"a85fef5\" data-element_type=\"container\">\n\t\t\t\t<div class=\"elementor-element elementor-element-f4c19ff elementor-widget elementor-widget-image\" data-id=\"f4c19ff\" data-element_type=\"widget\" data-widget_type=\"image.default\">\n\t\t\t\t<div class=\"elementor-widget-container\">\n\t\t\t\t\t\t\t\t\t\t\t\t\t\t\t<img width=\"1024\" height=\"576\" src=\"https:\/\/www.fagorsmartdata.com\/wp-content\/uploads\/2023\/06\/Foto-grupo-pg-sardinero-copia-1024x576.jpg\" class=\"attachment-large size-large wp-image-7258\" alt=\"\" srcset=\"https:\/\/www.fagorsmartdata.com\/wp-content\/uploads\/2023\/06\/Foto-grupo-pg-sardinero-copia-1024x576.jpg 1024w, https:\/\/www.fagorsmartdata.com\/wp-content\/uploads\/2023\/06\/Foto-grupo-pg-sardinero-copia-300x169.jpg 300w, https:\/\/www.fagorsmartdata.com\/wp-content\/uploads\/2023\/06\/Foto-grupo-pg-sardinero-copia-768x432.jpg 768w, https:\/\/www.fagorsmartdata.com\/wp-content\/uploads\/2023\/06\/Foto-grupo-pg-sardinero-copia-1536x864.jpg 1536w, https:\/\/www.fagorsmartdata.com\/wp-content\/uploads\/2023\/06\/Foto-grupo-pg-sardinero-copia-2048x1152.jpg 2048w\" sizes=\"(max-width: 1024px) 100vw, 1024px\" \/>\t\t\t\t\t\t\t\t\t\t\t\t\t\t\t<\/div>\n\t\t\t\t<\/div>\n\t\t\t\t<div class=\"elementor-element elementor-element-66011a7 elementor-widget elementor-widget-heading\" data-id=\"66011a7\" data-element_type=\"widget\" data-widget_type=\"heading.default\">\n\t\t\t\t<div class=\"elementor-widget-container\">\n\t\t\t\t\t<h2 class=\"elementor-heading-title elementor-size-default\">Equipo de proyecto<\/h2>\t\t\t\t<\/div>\n\t\t\t\t<\/div>\n\t\t\t\t<div class=\"elementor-element elementor-element-5c1acd9 elementor-widget elementor-widget-text-editor\" data-id=\"5c1acd9\" data-element_type=\"widget\" data-widget_type=\"text-editor.default\">\n\t\t\t\t<div class=\"elementor-widget-container\">\n\t\t\t\t\t\t\t\t\t<div class=\"page\" title=\"Page 15\"><div class=\"section\"><div class=\"layoutArea\"><div class=\"column\"><div class=\"page\" title=\"Page 15\"><div class=\"section\"><div class=\"layoutArea\"><div class=\"column\"><p>Fagor Electro\u0301nica designara\u0301 para cada proyecto diferentes perfiles de recursos. Son recursos altamente cualificados y con largo recorrido y experiencia en la gestio\u0301n de proyecto llave en mano para clientes con un alto grado de adaptacio\u0301n y servicio.<\/p><p>\u00a0<\/p><p>Asi\u0301 mismo se exigira\u0301 al cliente la creacio\u0301n de un equipo de trabajo de las mismas caracteri\u0301sticas para garantizar la calidad del proyecto asi\u0301 como el grado de implicacio\u0301n de ambas partes.<\/p><\/div><\/div><\/div><\/div><\/div><\/div><\/div><\/div>\t\t\t\t\t\t\t\t<\/div>\n\t\t\t\t<\/div>\n\t\t\t\t<\/div>\n\t\t\t\t<\/div>\n\t\t<div class=\"elementor-element elementor-element-2e54262 e-flex e-con-boxed e-con e-parent\" data-id=\"2e54262\" data-element_type=\"container\">\n\t\t\t\t\t<div class=\"e-con-inner\">\n\t\t\t\t<div class=\"elementor-element elementor-element-55a795a elementor-widget elementor-widget-spacer\" data-id=\"55a795a\" data-element_type=\"widget\" data-widget_type=\"spacer.default\">\n\t\t\t\t<div class=\"elementor-widget-container\">\n\t\t\t\t\t\t\t<div class=\"elementor-spacer\">\n\t\t\t<div class=\"elementor-spacer-inner\"><\/div>\n\t\t<\/div>\n\t\t\t\t\t\t<\/div>\n\t\t\t\t<\/div>\n\t\t\t\t\t<\/div>\n\t\t\t\t<\/div>\n\t\t<div class=\"elementor-element elementor-element-a5e261e e-con-full e-flex e-con e-parent\" data-id=\"a5e261e\" data-element_type=\"container\" data-settings=\"{&quot;background_background&quot;:&quot;classic&quot;}\">\n\t\t\t\t<div class=\"elementor-element elementor-element-2e9e751 elementor-widget elementor-widget-heading\" data-id=\"2e9e751\" data-element_type=\"widget\" data-widget_type=\"heading.default\">\n\t\t\t\t<div class=\"elementor-widget-container\">\n\t\t\t\t\t<h2 class=\"elementor-heading-title elementor-size-default\">\u00bfQuieres saber m\u00e1s de nuestros productos?<\/h2>\t\t\t\t<\/div>\n\t\t\t\t<\/div>\n\t\t\t\t<div class=\"elementor-element elementor-element-5a3797a elementor-widget elementor-widget-text-editor\" data-id=\"5a3797a\" data-element_type=\"widget\" data-widget_type=\"text-editor.default\">\n\t\t\t\t<div class=\"elementor-widget-container\">\n\t\t\t\t\t\t\t\t\tRellena el siguiente formulario y te informaremos con la mayor brevedad\t\t\t\t\t\t\t\t<\/div>\n\t\t\t\t<\/div>\n\t\t\t\t<div class=\"elementor-element elementor-element-f93a9a8 elementor-widget elementor-widget-wpforms\" data-id=\"f93a9a8\" data-element_type=\"widget\" data-widget_type=\"wpforms.default\">\n\t\t\t\t<div class=\"elementor-widget-container\">\n\t\t\t\t\t<div class=\"wpforms-container wpforms-container-full\" id=\"wpforms-92947\"><form id=\"wpforms-form-92947\" class=\"wpforms-validate wpforms-form\" data-formid=\"92947\" method=\"post\" enctype=\"multipart\/form-data\" action=\"\/es\/wp-json\/wp\/v2\/pages\/1832\" data-token=\"9ff3beb01c3e3086f5b5937db9a23832\"><noscript class=\"wpforms-error-noscript\">Por favor, activa JavaScript en tu navegador para completar este formulario.<\/noscript><div class=\"wpforms-field-container\"><div id=\"wpforms-92947-field_1-container\" class=\"wpforms-field wpforms-field-name wpforms-one-half wpforms-first\" data-field-id=\"1\"><label class=\"wpforms-field-label wpforms-label-hide\" for=\"wpforms-92947-field_1\">Nombre <span class=\"wpforms-required-label\">*<\/span><\/label><input type=\"text\" id=\"wpforms-92947-field_1\" class=\"wpforms-field-large wpforms-field-required\" name=\"wpforms[fields][1]\" placeholder=\"Nombre\" required><\/div><div id=\"wpforms-92947-field_2-container\" class=\"wpforms-field wpforms-field-email wpforms-one-half\" data-field-id=\"2\"><label class=\"wpforms-field-label wpforms-label-hide\" for=\"wpforms-92947-field_2\">Correo electr\u00f3nico <span class=\"wpforms-required-label\">*<\/span><\/label><input type=\"email\" id=\"wpforms-92947-field_2\" class=\"wpforms-field-large wpforms-field-required\" name=\"wpforms[fields][2]\" placeholder=\"Correo electr\u00f3nico\" required><\/div><div id=\"wpforms-92947-field_3-container\" class=\"wpforms-field wpforms-field-phone wpforms-one-third wpforms-first\" data-field-id=\"3\"><label class=\"wpforms-field-label wpforms-label-hide\" for=\"wpforms-92947-field_3\">Tel\u00e9fono <span class=\"wpforms-required-label\">*<\/span><\/label><input type=\"tel\" id=\"wpforms-92947-field_3\" class=\"wpforms-field-large wpforms-field-required\" data-rule-int-phone-field=\"true\" name=\"wpforms[fields][3]\" placeholder=\"Tel\u00e9fono\" required><\/div><div id=\"wpforms-92947-field_4-container\" class=\"wpforms-field wpforms-field-text wpforms-one-third\" data-field-id=\"4\"><label class=\"wpforms-field-label wpforms-label-hide\" for=\"wpforms-92947-field_4\">Pa\u00eds <span class=\"wpforms-required-label\">*<\/span><\/label><input type=\"text\" id=\"wpforms-92947-field_4\" class=\"wpforms-field-large wpforms-field-required\" name=\"wpforms[fields][4]\" placeholder=\"Pa\u00eds\" required><\/div><div id=\"wpforms-92947-field_5-container\" class=\"wpforms-field wpforms-field-number wpforms-one-third\" data-field-id=\"5\"><label class=\"wpforms-field-label wpforms-label-hide\" for=\"wpforms-92947-field_5\">N\u00famero de veh\u00edculos<\/label><input type=\"number\" pattern=\"\\d*\" id=\"wpforms-92947-field_5\" class=\"wpforms-field-large\" name=\"wpforms[fields][5]\" placeholder=\"N\u00famero de veh\u00edculos\" ><\/div><div id=\"wpforms-92947-field_6-container\" class=\"wpforms-field wpforms-field-textarea\" data-field-id=\"6\"><label class=\"wpforms-field-label wpforms-label-hide\" for=\"wpforms-92947-field_6\">Observaciones<\/label><textarea id=\"wpforms-92947-field_6\" class=\"wpforms-field-small\" name=\"wpforms[fields][6]\" placeholder=\"Observaciones\" ><\/textarea><\/div><div id=\"wpforms-92947-field_7-container\" class=\"wpforms-field wpforms-field-payment-checkbox\" data-field-id=\"7\"><label class=\"wpforms-field-label wpforms-label-hide\" for=\"wpforms-92947-field_7\">Checkbox Items <span class=\"wpforms-required-label\">*<\/span><\/label><ul id=\"wpforms-92947-field_7\" class=\"wpforms-field-required\"><li class=\"choice-1\"><input type=\"checkbox\" id=\"wpforms-92947-field_7_1\" class=\"wpforms-payment-price\" data-amount=\"0.00\" name=\"wpforms[fields][7][]\" value=\"1\" required ><label class=\"wpforms-field-label-inline\" for=\"wpforms-92947-field_7_1\">He le\u00eddo y acepto la pol\u00edtica de privacidad<\/label><\/li><\/ul><\/div><div id=\"wpforms-92947-field_8-container\" class=\"wpforms-field wpforms-field-html\" data-field-id=\"8\"><div id=\"wpforms-92947-field_8\"><span class=\"modelcondiciones\" onclick=\"location.href='https:\/\/www.fagorsmartdata.com\/es\/aviso-legal\/'\">Ver pol\u00edtica de privacidad<\/span><\/div><\/div><\/div><input type=\"hidden\" name=\"wpforms[recaptcha]\" value=\"\"><div class=\"wpforms-submit-container\" ><input type=\"hidden\" name=\"wpforms[id]\" value=\"92947\"><input type=\"hidden\" name=\"wpforms[author]\" value=\"1\"><button type=\"submit\" name=\"wpforms[submit]\" class=\"wpforms-submit \" id=\"wpforms-submit-92947\" value=\"wpforms-submit\" aria-live=\"assertive\" data-alt-text=\"Enviando...\" data-submit-text=\"Enviar\">Enviar<\/button><\/div><\/form><\/div>  <!-- .wpforms-container -->\t\t\t\t<\/div>\n\t\t\t\t<\/div>\n\t\t\t\t<\/div>\n\t\t<div class=\"elementor-element elementor-element-3bc4f54 e-flex e-con-boxed e-con e-parent\" data-id=\"3bc4f54\" data-element_type=\"container\">\n\t\t\t\t\t<div class=\"e-con-inner\">\n\t\t\t\t<div class=\"elementor-element elementor-element-21b2645 elementor-widget elementor-widget-spacer\" data-id=\"21b2645\" data-element_type=\"widget\" data-widget_type=\"spacer.default\">\n\t\t\t\t<div class=\"elementor-widget-container\">\n\t\t\t\t\t\t\t<div class=\"elementor-spacer\">\n\t\t\t<div class=\"elementor-spacer-inner\"><\/div>\n\t\t<\/div>\n\t\t\t\t\t\t<\/div>\n\t\t\t\t<\/div>\n\t\t\t\t\t<\/div>\n\t\t\t\t<\/div>\n\t\t\t\t<\/div>\n\t\t","protected":false},"excerpt":{"rendered":"<p>Proyectos llave en mano Porque sabemos que cada cliente es \u00fanico. En Fagor Electr\u00f3nica tenemos largo recorrido y experiencia en trabajar proyectos a medida bajo el concepto llave en mano. Captaci\u00f3n de necesidades del cliente Desde un enfoque de asesoramiento tecnolo\u0301gico y utilizando como herramienta principal la escucha activa al cliente, se captara\u0301n y contrastara\u0301n [&hellip;]<\/p>\n","protected":false},"author":1,"featured_media":0,"parent":0,"menu_order":0,"comment_status":"closed","ping_status":"closed","template":"","meta":{"_acf_changed":false,"inline_featured_image":false,"footnotes":""},"class_list":["post-1832","page","type-page","status-publish","hentry"],"acf":[],"_links":{"self":[{"href":"https:\/\/www.fagorsmartdata.com\/es\/wp-json\/wp\/v2\/pages\/1832","targetHints":{"allow":["GET"]}}],"collection":[{"href":"https:\/\/www.fagorsmartdata.com\/es\/wp-json\/wp\/v2\/pages"}],"about":[{"href":"https:\/\/www.fagorsmartdata.com\/es\/wp-json\/wp\/v2\/types\/page"}],"author":[{"embeddable":true,"href":"https:\/\/www.fagorsmartdata.com\/es\/wp-json\/wp\/v2\/users\/1"}],"replies":[{"embeddable":true,"href":"https:\/\/www.fagorsmartdata.com\/es\/wp-json\/wp\/v2\/comments?post=1832"}],"version-history":[{"count":85,"href":"https:\/\/www.fagorsmartdata.com\/es\/wp-json\/wp\/v2\/pages\/1832\/revisions"}],"predecessor-version":[{"id":97046,"href":"https:\/\/www.fagorsmartdata.com\/es\/wp-json\/wp\/v2\/pages\/1832\/revisions\/97046"}],"wp:attachment":[{"href":"https:\/\/www.fagorsmartdata.com\/es\/wp-json\/wp\/v2\/media?parent=1832"}],"curies":[{"name":"wp","href":"https:\/\/api.w.org\/{rel}","templated":true}]}}