{"id":91658,"date":"2023-06-27T12:55:06","date_gmt":"2023-06-27T10:55:06","guid":{"rendered":"https:\/\/www.fagorsmartdata.com\/?page_id=91658"},"modified":"2024-02-27T15:10:58","modified_gmt":"2024-02-27T14:10:58","slug":"avvertimento-legale-mobile","status":"publish","type":"page","link":"https:\/\/www.fagorsmartdata.com\/es\/avvertimento-legale-mobile\/","title":{"rendered":"Aviso legal Mobile IT"},"content":{"rendered":"\t\t<div data-elementor-type=\"wp-page\" data-elementor-id=\"91658\" class=\"elementor elementor-91658\" data-elementor-post-type=\"page\">\n\t\t\t\t<div class=\"elementor-element elementor-element-e9a7384 e-con-full e-flex e-con e-parent\" data-id=\"e9a7384\" data-element_type=\"container\">\n\t\t<div class=\"elementor-element elementor-element-b2626be e-con-full e-flex e-con e-parent\" data-id=\"b2626be\" data-element_type=\"container\" data-settings=\"{&quot;background_background&quot;:&quot;classic&quot;}\">\n\t\t<div class=\"elementor-element elementor-element-1f61de8 e-con-full e-flex e-con e-parent\" data-id=\"1f61de8\" data-element_type=\"container\">\n\t\t<div class=\"elementor-element elementor-element-f8748ea e-con-full e-flex e-con e-parent\" data-id=\"f8748ea\" data-element_type=\"container\">\n\t\t\t\t<div class=\"elementor-element elementor-element-f113da2 elementor-widget__width-inherit elementor-widget elementor-widget-heading\" data-id=\"f113da2\" data-element_type=\"widget\" data-widget_type=\"heading.default\">\n\t\t\t\t<div class=\"elementor-widget-container\">\n\t\t\t\t\t<h1 class=\"elementor-heading-title elementor-size-default\">Informativa relativa ai dati personali<\/h1>\t\t\t\t<\/div>\n\t\t\t\t<\/div>\n\t\t\t\t<\/div>\n\t\t\t\t<\/div>\n\t\t\t\t<\/div>\n\t\t\t\t<\/div>\n\t\t<div class=\"elementor-element elementor-element-fd72f64 e-flex e-con-boxed e-con e-parent\" data-id=\"fd72f64\" data-element_type=\"container\">\n\t\t\t\t\t<div class=\"e-con-inner\">\n\t\t\t\t<div class=\"elementor-element elementor-element-5a643e1 elementor-widget elementor-widget-spacer\" data-id=\"5a643e1\" data-element_type=\"widget\" data-widget_type=\"spacer.default\">\n\t\t\t\t<div class=\"elementor-widget-container\">\n\t\t\t\t\t\t\t<div class=\"elementor-spacer\">\n\t\t\t<div class=\"elementor-spacer-inner\"><\/div>\n\t\t<\/div>\n\t\t\t\t\t\t<\/div>\n\t\t\t\t<\/div>\n\t\t\t\t\t<\/div>\n\t\t\t\t<\/div>\n\t\t<div class=\"elementor-element elementor-element-40320b6 e-con-full e-flex e-con e-parent\" data-id=\"40320b6\" data-element_type=\"container\">\n\t\t<div class=\"elementor-element elementor-element-a70e1e9 e-con-full e-flex e-con e-parent\" data-id=\"a70e1e9\" data-element_type=\"container\">\n\t\t<div class=\"elementor-element elementor-element-406d9b4 e-con-full e-flex e-con e-parent\" data-id=\"406d9b4\" data-element_type=\"container\">\n\t\t\t\t<div class=\"elementor-element elementor-element-d074b42 elementor-widget elementor-widget-text-editor\" data-id=\"d074b42\" data-element_type=\"widget\" data-widget_type=\"text-editor.default\">\n\t\t\t\t<div class=\"elementor-widget-container\">\n\t\t\t\t\t\t\t\t\t<h2>Responsabile del trattamento<\/h2><p>\u00a0<\/p><p>FAGOR ELECTR\u00d3NICA S. COOP. (di seguito, FAGOR ELECTR\u00d3NICA) tratta i dati in qualit\u00e0 di responsabile del trattamento, per conto della societ\u00e0 a cui appartieni o presta i tuoi servizi (di seguito, AZIENDA CLIENTE), che \u00e8 responsabile del trattamento dei tuoi dati personali. FAGOR ELECTR\u00d3NICA e l&#8217;AZIENDA CLIENTE hanno sottoscritto il relativo contratto di trattamento dei dati, in virt\u00f9 del quale FAGOR ELECTR\u00d3NICA tratta i dati personali per conto dell&#8217;AZIENDA CLIENTE e seguendo le sue istruzioni. La domanda \u00e8 di propriet\u00e0 di FAGOR ELECTR\u00d3NICA, con NIF F20027975, e sede legale in Barrio San Andr\u00e9s, s\/n. 20500 Arrasate-Mondragon (Gipuzkoa). Puoi contattare FAGOR ELECTR\u00d3NICA al seguente indirizzo email dpd@fagorelectronica.es<\/p><p>\u00a0<\/p><h2>Finalit\u00e0 del trattamento<\/h2><p>Tratteremo i tuoi dati personali associati al tuo utente dell&#8217;applicazione per gestire correttamente l&#8217;uso e il funzionamento dell&#8217;applicazione.<\/p><p>\u00a0<\/p><h2>Legittimazione del trattamento<\/h2><p>La base giuridica per il trattamento dei tuoi dati \u00e8 l&#8217;esecuzione del contratto che hai con l&#8217;AZIENDA CLIENTE.<\/p><p>\u00a0<\/p><h2>Categorie di dati personali oggetto di trattamento<\/h2><ul><li>Nome utente<\/li><li>Societ\u00e0 cliente a cui appartiene<\/li><\/ul><p>\u00a0<\/p><h2>Comunicazioni dei tuoi dati<\/h2><p>FAGOR ELECTR\u00d3NICA non comunicher\u00e0 i dati personali a terzi o organizzazioni, a meno che non abbia l&#8217;espressa autorizzazione dell&#8217;AZIENDA CLIENTE, nei casi legalmente consentiti.<\/p><p>\u00a0<\/p><h2>Trasferimenti internazionali<\/h2><p>FAGOR ELECTR\u00d3NICA non effettuer\u00e0 trasferimenti internazionali dei dati ottenuti tramite l&#8217;applicazione.<\/p><p>\u00a0<\/p><h2>Conservazione dei dati<\/h2><p>I dati saranno conservati durante la fornitura dei servizi FAGOR ELECTR\u00d3NICA all&#8217;AZIENDA CLIENTE e per un ulteriore periodo di 6 mesi dalla fine di detti servizi.<\/p><p>\u00a0<\/p><h2>Diritti<\/h2><p>Puoi esercitare i tuoi diritti di accesso, rettifica, cancellazione e portabilit\u00e0 dei tuoi dati, limitazione e opposizione al trattamento, nonch\u00e9 non essere soggetto a decisioni basate esclusivamente sul trattamento automatizzato dei tuoi dati o revocare il tuo consenso, quando opportuno, prima che AZIENDA CLIENTE.<\/p>\t\t\t\t\t\t\t\t<\/div>\n\t\t\t\t<\/div>\n\t\t\t\t<\/div>\n\t\t\t\t<\/div>\n\t\t\t\t<\/div>\n\t\t<div class=\"elementor-element elementor-element-bced030 e-flex e-con-boxed e-con e-parent\" data-id=\"bced030\" data-element_type=\"container\">\n\t\t\t\t\t<div class=\"e-con-inner\">\n\t\t\t\t<div class=\"elementor-element elementor-element-a5ba703 elementor-widget elementor-widget-spacer\" data-id=\"a5ba703\" data-element_type=\"widget\" data-widget_type=\"spacer.default\">\n\t\t\t\t<div class=\"elementor-widget-container\">\n\t\t\t\t\t\t\t<div class=\"elementor-spacer\">\n\t\t\t<div class=\"elementor-spacer-inner\"><\/div>\n\t\t<\/div>\n\t\t\t\t\t\t<\/div>\n\t\t\t\t<\/div>\n\t\t\t\t\t<\/div>\n\t\t\t\t<\/div>\n\t\t\t\t<\/div>\n\t\t","protected":false},"excerpt":{"rendered":"<p>Informativa relativa ai dati personali Responsabile del trattamento \u00a0 FAGOR ELECTR\u00d3NICA S. COOP. (di seguito, FAGOR ELECTR\u00d3NICA) tratta i dati in qualit\u00e0 di responsabile del trattamento, per conto della societ\u00e0 a cui appartieni o presta i tuoi servizi (di seguito, AZIENDA CLIENTE), che \u00e8 responsabile del trattamento dei tuoi dati personali. FAGOR ELECTR\u00d3NICA e l&#8217;AZIENDA [&hellip;]<\/p>\n","protected":false},"author":1,"featured_media":0,"parent":0,"menu_order":0,"comment_status":"closed","ping_status":"closed","template":"","meta":{"_acf_changed":false,"inline_featured_image":false,"footnotes":""},"class_list":["post-91658","page","type-page","status-publish","hentry"],"acf":[],"_links":{"self":[{"href":"https:\/\/www.fagorsmartdata.com\/es\/wp-json\/wp\/v2\/pages\/91658","targetHints":{"allow":["GET"]}}],"collection":[{"href":"https:\/\/www.fagorsmartdata.com\/es\/wp-json\/wp\/v2\/pages"}],"about":[{"href":"https:\/\/www.fagorsmartdata.com\/es\/wp-json\/wp\/v2\/types\/page"}],"author":[{"embeddable":true,"href":"https:\/\/www.fagorsmartdata.com\/es\/wp-json\/wp\/v2\/users\/1"}],"replies":[{"embeddable":true,"href":"https:\/\/www.fagorsmartdata.com\/es\/wp-json\/wp\/v2\/comments?post=91658"}],"version-history":[{"count":7,"href":"https:\/\/www.fagorsmartdata.com\/es\/wp-json\/wp\/v2\/pages\/91658\/revisions"}],"predecessor-version":[{"id":91677,"href":"https:\/\/www.fagorsmartdata.com\/es\/wp-json\/wp\/v2\/pages\/91658\/revisions\/91677"}],"wp:attachment":[{"href":"https:\/\/www.fagorsmartdata.com\/es\/wp-json\/wp\/v2\/media?parent=91658"}],"curies":[{"name":"wp","href":"https:\/\/api.w.org\/{rel}","templated":true}]}}