{"id":91709,"date":"2023-06-27T14:03:38","date_gmt":"2023-06-27T12:03:38","guid":{"rendered":"https:\/\/www.fagorsmartdata.com\/?page_id=91709"},"modified":"2024-02-27T15:10:27","modified_gmt":"2024-02-27T14:10:27","slug":"avvertimento-legale-onroute","status":"publish","type":"page","link":"https:\/\/www.fagorsmartdata.com\/es\/avvertimento-legale-onroute\/","title":{"rendered":"Aviso legal onRoute IT"},"content":{"rendered":"\t\t<div data-elementor-type=\"wp-page\" data-elementor-id=\"91709\" class=\"elementor elementor-91709\" data-elementor-post-type=\"page\">\n\t\t\t\t<div class=\"elementor-element elementor-element-e9a7384 e-con-full e-flex e-con e-parent\" data-id=\"e9a7384\" data-element_type=\"container\">\n\t\t<div class=\"elementor-element elementor-element-b2626be e-con-full e-flex e-con e-parent\" data-id=\"b2626be\" data-element_type=\"container\" data-settings=\"{&quot;background_background&quot;:&quot;classic&quot;}\">\n\t\t<div class=\"elementor-element elementor-element-1f61de8 e-con-full e-flex e-con e-parent\" data-id=\"1f61de8\" data-element_type=\"container\">\n\t\t<div class=\"elementor-element elementor-element-f8748ea e-con-full e-flex e-con e-parent\" data-id=\"f8748ea\" data-element_type=\"container\">\n\t\t\t\t<div class=\"elementor-element elementor-element-f113da2 elementor-widget__width-inherit elementor-widget elementor-widget-heading\" data-id=\"f113da2\" data-element_type=\"widget\" data-widget_type=\"heading.default\">\n\t\t\t\t<div class=\"elementor-widget-container\">\n\t\t\t\t\t<h1 class=\"elementor-heading-title elementor-size-default\">Politica sulla privacy di Flotasnet OnRoute Privacy di Flotasnet<\/h1>\t\t\t\t<\/div>\n\t\t\t\t<\/div>\n\t\t\t\t<\/div>\n\t\t\t\t<\/div>\n\t\t\t\t<\/div>\n\t\t\t\t<\/div>\n\t\t<div class=\"elementor-element elementor-element-fd72f64 e-flex e-con-boxed e-con e-parent\" data-id=\"fd72f64\" data-element_type=\"container\">\n\t\t\t\t\t<div class=\"e-con-inner\">\n\t\t\t\t<div class=\"elementor-element elementor-element-5a643e1 elementor-widget elementor-widget-spacer\" data-id=\"5a643e1\" data-element_type=\"widget\" data-widget_type=\"spacer.default\">\n\t\t\t\t<div class=\"elementor-widget-container\">\n\t\t\t\t\t\t\t<div class=\"elementor-spacer\">\n\t\t\t<div class=\"elementor-spacer-inner\"><\/div>\n\t\t<\/div>\n\t\t\t\t\t\t<\/div>\n\t\t\t\t<\/div>\n\t\t\t\t\t<\/div>\n\t\t\t\t<\/div>\n\t\t<div class=\"elementor-element elementor-element-40320b6 e-con-full e-flex e-con e-parent\" data-id=\"40320b6\" data-element_type=\"container\">\n\t\t<div class=\"elementor-element elementor-element-a70e1e9 e-con-full e-flex e-con e-parent\" data-id=\"a70e1e9\" data-element_type=\"container\">\n\t\t<div class=\"elementor-element elementor-element-406d9b4 e-con-full e-flex e-con e-parent\" data-id=\"406d9b4\" data-element_type=\"container\">\n\t\t\t\t<div class=\"elementor-element elementor-element-d074b42 elementor-widget elementor-widget-text-editor\" data-id=\"d074b42\" data-element_type=\"widget\" data-widget_type=\"text-editor.default\">\n\t\t\t\t<div class=\"elementor-widget-container\">\n\t\t\t\t\t\t\t\t\t<h2 class=\"xmsonormal\">Politica sulla privacy<\/h2><p class=\"xmsonormal\">Questa pagina costituisce la politica sulla privacy applicata all&#8217;applicazione OnRoute.<\/p><p class=\"xmsonormal\">\u00a0<\/p><h2 class=\"xmsonormal\">Responsabile del trattamento<\/h2><p class=\"xmsonormal\">FAGOR ELECTR\u00d3NICA S.COOP. (di seguito, FAGOR ELECTR\u00d3NICA) tratta i dati in qualit\u00e0 di responsabile del trattamento, per conto dell&#8217;azienda a cui lei appartiene o presta i suoi servizi (di seguito, AZIENDA CLIENTE), che \u00e8 il responsabile del trattamento dei suoi dati personali. FAGOR ELECTR\u00d3NICA e l&#8217;AZIENDA CLIENTE hanno sottoscritto il corrispondente contratto di incarico di trattamento, ai sensi del quale FAGOR ELECTR\u00d3NICA tratta i dati personali per conto dell&#8217;AZIENDA CLIENTE e seguendo le sue istruzioni.<\/p><p class=\"xmsonormal\">L&#8217;applicazione \u00e8 di propriet\u00e0 di FAGOR ELECTR\u00d3NICA, con NIF F20027975, e sede legale in Barrio San Andr\u00e9s, s \/ n. 20500 Arrasate-Mondragon (Gipuzkoa).<\/p><p class=\"xmsonormal\">Pu\u00f2 contattare FAGOR ELECTR\u00d3NICA all&#8217;indirizzo email <a href=\"mailto:dpd@fagorelectronica.es\">dpd@fagorelectronica.es<\/a><\/p><p class=\"xmsonormal\">\u00a0<\/p><h2 class=\"xmsonormal\">Legittimazione del trattamento<\/h2><p class=\"xmsonormal\">La base giuridica per il trattamento dei suoi dati \u00e8 l&#8217;esecuzione del contratto che lei ha con l&#8217;AZIENDA CLIENTE.<\/p><p class=\"xmsonormal\">\u00a0<\/p><h2 class=\"xmsonormal\">Finalit\u00e0 del trattamento<\/h2><p class=\"xmsonormal\">Tratteremo i suoi dati personali associati al suo utente dell&#8217;applicazione per gestire correttamente l&#8217;utilizzo e il funzionamento dell&#8217;applicazione.<\/p><p class=\"xmsonormal\">\u00a0<\/p><h2 class=\"xmsonormal\"><span lang=\"EN-US\">Informazioni raccolte dall&#8217;applicazione OnRoute<\/span><\/h2><p class=\"xmsonormal\"><span lang=\"EN-US\">L&#8217;applicazione OnRoute raccoglie le seguenti informazioni:<\/span><\/p><p class=\"xmsonormal\">\u2022 Data, ora e posizione<\/p><p class=\"xmsonormal\">\u2022 Informazioni relative al movimento del veicolo: stato (fermo, in movimento) e velocit\u00e0.<\/p><p class=\"xmsonormal\"><span lang=\"EN-US\">\u2022 Identificatore dell&#8217;utente di OnRoute.<\/span><\/p><p class=\"xmsonormal\"><span lang=\"EN-US\">\u2022 Stato dello schermo (bloccato\/sbloccato).<\/span><\/p><p class=\"xmsonormal\">\u2022 Risorse fornite da OnRoute, ordini di lavoro e moduli su cui l&#8217;utente interagisce.<\/p><p class=\"xmsonormal\">\u00a0<\/p><h2 class=\"xmsonormal\">Privacy dell&#8217;utente<\/h2><p class=\"xmsonormal\">L&#8217;applicazione OnRoute consente di condividere le informazioni sulla posizione del tuo dispositivo. I dati raccolti dall&#8217;applicazione OnRoute verranno inviati al gestore della flotta, dal quale verranno utilizzati per il monitoraggio delle rotte, dei compiti e dei moduli coordinati dall&#8217;applicazione. In base alla legittimazione legale che hai fatto con la tua AZIENDA CLIENTE.<\/p><p class=\"xmsonormal\">Puoi smettere di condividere la tua posizione in qualsiasi momento chiudendo la sessione su OnRoute. Da quel momento in poi, non verranno pi\u00f9 inviate informazioni sulla posizione e sul movimento del veicolo, cos\u00ec come sulle risorse fornite da OnRoute.<\/p><h2 class=\"xmsonormal\">Comunicazioni dei suoi dati<\/h2><p class=\"xmsonormal\">FAGOR ELECTR\u00d3NICA non comunicher\u00e0 dati personali a terze persone o organizzazioni, salvo che non abbia l&#8217;autorizzazione esplicita dell&#8217;AZIENDA CLIENTE, nei casi legalmente ammissibili.<\/p><p class=\"xmsonormal\">\u00a0<\/p><h2 class=\"xmsonormal\">Trasferimenti internazionali<\/h2><p class=\"xmsonormal\">FAGOR ELECTR\u00d3NICA non effettuer\u00e0 trasferimenti internazionali dei dati ottenuti attraverso l&#8217;applicazione.<\/p><p class=\"xmsonormal\">\u00a0<\/p><h2 class=\"xmsonormal\">Conservazione dei dati<\/h2><p class=\"xmsonormal\">I dati personali e sensibili raccolti dall&#8217;applicazione OnRoute verranno conservati in modo protetto e conservati da FAGOR ELECTR\u00d3NICA per il tempo necessario per fornire i servizi di monitoraggio di percorsi, compiti e moduli all&#8217;azienda cliente. Una volta terminati tali servizi, i dati verranno conservati per un periodo aggiuntivo di 6 mesi. Dopo tale periodo, i dati verranno eliminati in modo sicuro e definitivo dai nostri sistemi, a meno che non debbano essere conservati per un periodo pi\u00f9 lungo in base a un obbligo legale o per risolvere dispute.<\/p><p class=\"xmsonormal\">\u00a0<\/p><h2 class=\"xmsonormal\">Diritti<\/h2><p class=\"xmsonormal\">\u00c8 possibile esercitare i propri diritti di accesso, rettifica, cancellazione e portabilit\u00e0 dei propri dati, di limitazione e opposizione al trattamento, nonch\u00e9 di non essere oggetto di decisioni basate esclusivamente sul trattamento automatizzato dei propri dati o di revocare il consenso, se del caso, presso l&#8217;AZIENDA CLIENTE.<\/p>\t\t\t\t\t\t\t\t<\/div>\n\t\t\t\t<\/div>\n\t\t\t\t<\/div>\n\t\t\t\t<\/div>\n\t\t\t\t<\/div>\n\t\t<div class=\"elementor-element elementor-element-bced030 e-flex e-con-boxed e-con e-parent\" data-id=\"bced030\" data-element_type=\"container\">\n\t\t\t\t\t<div class=\"e-con-inner\">\n\t\t\t\t<div class=\"elementor-element elementor-element-a5ba703 elementor-widget elementor-widget-spacer\" data-id=\"a5ba703\" data-element_type=\"widget\" data-widget_type=\"spacer.default\">\n\t\t\t\t<div class=\"elementor-widget-container\">\n\t\t\t\t\t\t\t<div class=\"elementor-spacer\">\n\t\t\t<div class=\"elementor-spacer-inner\"><\/div>\n\t\t<\/div>\n\t\t\t\t\t\t<\/div>\n\t\t\t\t<\/div>\n\t\t\t\t\t<\/div>\n\t\t\t\t<\/div>\n\t\t\t\t<\/div>\n\t\t","protected":false},"excerpt":{"rendered":"<p>Politica sulla privacy di Flotasnet OnRoute Privacy di Flotasnet Politica sulla privacy Questa pagina costituisce la politica sulla privacy applicata all&#8217;applicazione OnRoute. \u00a0 Responsabile del trattamento FAGOR ELECTR\u00d3NICA S.COOP. (di seguito, FAGOR ELECTR\u00d3NICA) tratta i dati in qualit\u00e0 di responsabile del trattamento, per conto dell&#8217;azienda a cui lei appartiene o presta i suoi servizi (di [&hellip;]<\/p>\n","protected":false},"author":1,"featured_media":0,"parent":0,"menu_order":0,"comment_status":"closed","ping_status":"closed","template":"","meta":{"_acf_changed":false,"inline_featured_image":false,"footnotes":""},"class_list":["post-91709","page","type-page","status-publish","hentry"],"acf":[],"_links":{"self":[{"href":"https:\/\/www.fagorsmartdata.com\/es\/wp-json\/wp\/v2\/pages\/91709","targetHints":{"allow":["GET"]}}],"collection":[{"href":"https:\/\/www.fagorsmartdata.com\/es\/wp-json\/wp\/v2\/pages"}],"about":[{"href":"https:\/\/www.fagorsmartdata.com\/es\/wp-json\/wp\/v2\/types\/page"}],"author":[{"embeddable":true,"href":"https:\/\/www.fagorsmartdata.com\/es\/wp-json\/wp\/v2\/users\/1"}],"replies":[{"embeddable":true,"href":"https:\/\/www.fagorsmartdata.com\/es\/wp-json\/wp\/v2\/comments?post=91709"}],"version-history":[{"count":4,"href":"https:\/\/www.fagorsmartdata.com\/es\/wp-json\/wp\/v2\/pages\/91709\/revisions"}],"predecessor-version":[{"id":91715,"href":"https:\/\/www.fagorsmartdata.com\/es\/wp-json\/wp\/v2\/pages\/91709\/revisions\/91715"}],"wp:attachment":[{"href":"https:\/\/www.fagorsmartdata.com\/es\/wp-json\/wp\/v2\/media?parent=91709"}],"curies":[{"name":"wp","href":"https:\/\/api.w.org\/{rel}","templated":true}]}}