{"id":92834,"date":"2023-10-17T14:26:07","date_gmt":"2023-10-17T12:26:07","guid":{"rendered":"https:\/\/www.fagorsmartdata.com\/?page_id=92834"},"modified":"2023-10-31T11:37:33","modified_gmt":"2023-10-31T10:37:33","slug":"politica-privacidad-hinoconnect-mobile","status":"publish","type":"page","link":"https:\/\/www.fagorsmartdata.com\/es\/politica-privacidad-hinoconnect-mobile\/","title":{"rendered":"Pol\u00edtica de Privacidad de Hinoconnect Mobile"},"content":{"rendered":"\t\t<div data-elementor-type=\"wp-page\" data-elementor-id=\"92834\" class=\"elementor elementor-92834\" data-elementor-post-type=\"page\">\n\t\t\t\t<div class=\"elementor-element elementor-element-e58e4d5 e-flex e-con-boxed e-con e-parent\" data-id=\"e58e4d5\" data-element_type=\"container\">\n\t\t\t\t\t<div class=\"e-con-inner\">\n\t\t\t\t\t<\/div>\n\t\t\t\t<\/div>\n\t\t<div class=\"elementor-element elementor-element-93471f7 e-flex e-con-boxed e-con e-parent\" data-id=\"93471f7\" data-element_type=\"container\">\n\t\t\t\t\t<div class=\"e-con-inner\">\n\t\t\t\t<div class=\"elementor-element elementor-element-df754e0 elementor-widget elementor-widget-heading\" data-id=\"df754e0\" data-element_type=\"widget\" data-widget_type=\"heading.default\">\n\t\t\t\t<div class=\"elementor-widget-container\">\n\t\t\t\t\t<h1 class=\"elementor-heading-title elementor-size-large\">Pol\u00edtica de Privacidad de Hinoconnect Mobile<\/h1>\t\t\t\t<\/div>\n\t\t\t\t<\/div>\n\t\t\t\t\t<\/div>\n\t\t\t\t<\/div>\n\t\t<div class=\"elementor-element elementor-element-30b74e7 e-flex e-con-boxed e-con e-parent\" data-id=\"30b74e7\" data-element_type=\"container\">\n\t\t\t\t\t<div class=\"e-con-inner\">\n\t\t\t\t<div class=\"elementor-element elementor-element-50f5196 elementor-widget elementor-widget-text-editor\" data-id=\"50f5196\" data-element_type=\"widget\" data-widget_type=\"text-editor.default\">\n\t\t\t\t<div class=\"elementor-widget-container\">\n\t\t\t\t\t\t\t\t\t<h3>Pol\u00edtica de privacidad<\/h3><p class=\"s7\"><span class=\"s9\">Esta p\u00e1gina constituye la pol\u00edtica de privacidad aplicada a la aplicaci\u00f3n Hinoconnect Mobile.<\/span><\/p><h3>Responsable del tratamiento<\/h3><p class=\"s7\"><span class=\"s9\">FAGOR ELECTR\u00d3NICA S.COOP. (en adelante, FAGOR ELECTR\u00d3NICA) trata los datos en calidad de encargado del tratamiento, por cuenta de la empresa a la que usted pertenece o presta sus servicios (en adelante, EMPRESA CLIENTE), que es la responsable del tratamiento de sus datos personales. FAGOR ELECTR\u00d3NICA y la EMPRESA CLIENTE han suscrito el correspondiente contrato de encargo de tratamiento, en virtud del cual, FAGOR ELECTR\u00d3NICA trata los datos personales por cuenta de la EMPRESA CLIENTE y siguiendo las instrucciones de \u00e9sta.<\/span><\/p><p class=\"s7\"><span class=\"s9\">La aplicaci\u00f3n es propiedad de FAGOR ELECTR\u00d3NICA, con NIF F20027975, y domicilio social en Barrio San Andr\u00e9s, s\/n. 20500\u00a0<\/span><span class=\"s9\">Arrasate-Mondragon<\/span><span class=\"s9\">\u00a0(Gipuzkoa).<\/span><\/p><p class=\"s7\"><span class=\"s9\">Puede ponerse en contacto con FAGOR ELECTR\u00d3NICA en la siguiente direcci\u00f3n de correo electr\u00f3nico\u00a0<\/span><span class=\"s10\"><a href=\"mailto:dpd@fagorelectronica.es\">dpd@fagorelectronica.es<\/a><\/span><\/p><h3 class=\"s7\"><span class=\"s10\">Legitimaci\u00f3n del tratamiento<\/span><\/h3><p class=\"s7\"><span class=\"s10\"><span class=\"s9\">La base legal para el tratamiento de sus datos es la ejecuci\u00f3n del contrato que usted tiene con la EMPRESA CLIENTE.<\/span><\/span><\/p><h3 class=\"s7\"><span class=\"s10\">Finalidad del tratamiento<\/span><\/h3><p class=\"s7\"><span class=\"s10\"><span class=\"s9\">Trataremos sus datos personales asociados a su usuario de la aplicaci\u00f3n<\/span><span class=\"s9\">\u00a0para gestionar correctamente la utilizaci\u00f3n y el funcionamiento de la aplicaci\u00f3n.<\/span><\/span><\/p><h3 class=\"s7\"><span class=\"s10\">Informaci\u00f3n recopilada por la aplicaci\u00f3n Hinoconnect Mobile<\/span><\/h3><p class=\"s7\"><span class=\"s10\"><span class=\"s9\">La aplicaci\u00f3n Hinoconnect Mobile recopila la siguiente informaci\u00f3n:<\/span><\/span><\/p><div class=\"s13\"><span class=\"s11\">\u2022\u00a0<\/span><span class=\"s12\">Fecha, hora y localizaci\u00f3n<\/span><\/div><div class=\"s13\"><span class=\"s11\">\u2022\u00a0<\/span><span class=\"s12\">Informaci\u00f3n referente al movimiento del veh\u00edculo: Estado (parado, en marcha) y velocidad.<\/span><\/div><div class=\"s13\"><span class=\"s11\">\u2022\u00a0<\/span><span class=\"s12\">Identificador del usuario de Hinoconnect Mobile.<\/span><\/div><div class=\"s13\"><span class=\"s11\">\u2022\u00a0<\/span><span class=\"s12\">Estado de la pantalla (Bloqueada\/desbloqueada).<\/span><\/div><div class=\"s13\"><span class=\"s11\">\u2022\u00a0<\/span><span class=\"s12\">Recursos proporcionados por Hinoconnect Mobile, \u00f3rdenes de trabajo y formularios sobre los que interact\u00fae el usuario.<\/span><\/div><h3 class=\"s7\"><span class=\"s10\">Privacidad de usuario<\/span><\/h3><p class=\"s7\"><span class=\"s10\"><span class=\"s9\">La aplicaci\u00f3n Hinoconnect Mobile permite compartir la informaci\u00f3n de localizaci\u00f3n de tu dispositivo. Los datos recopilados por la aplicaci\u00f3n Hinoconnect Mobile ser\u00e1n enviados al gestor de flotas, desde el cual se dar\u00e1 uso para hacer seguimiento de las rutas, tareas y formularios coordinadas por la aplicaci\u00f3n. Seg\u00fan la legitimaci\u00f3n legal que ud. ha hecho con su EMPRESA CLIENTE<\/span><\/span><\/p><p class=\"s7\"><span class=\"s10\"><span class=\"s9\">Usted puede dejar de compartir su localizaci\u00f3n en cualquier momento cerrando la sesi\u00f3n en Hinoconnect Mobile. A partir de ese momento dejar\u00e1 de enviarse informaci\u00f3n relativa a localizaci\u00f3n y movimiento del veh\u00edculo, as\u00ed como de los recursos proporcionados por OnRoute.<\/span><\/span><\/p><h3 class=\"s13\"><span class=\"s12\">Comunicaciones de sus datos<\/span><\/h3><div class=\"s13\"><span class=\"s12\">FAGOR ELECTR\u00d3NICA no comunicar\u00e1 datos personales a terceras personas u organizaciones, salvo que cuente con la autorizaci\u00f3n expresa de la EMPRESA CLIENTE, en los supuestos legalmente admisibles.<\/span><\/div><div class=\"s13\">\u00a0<\/div><h3 class=\"s13\"><span class=\"s12\">Transferencias internacionales<\/span><\/h3><div class=\"s13\"><span class=\"s12\"><span class=\"s9\">FAGOR ELECTR\u00d3NICA no realizar\u00e1 transferencias internacionales de los datos obtenidos a trav\u00e9s de la aplicaci\u00f3n.<\/span><\/span><\/div><div class=\"s13\">\u00a0<\/div><h3 class=\"s13\"><span class=\"s12\"><span class=\"s9\">Conservaci\u00f3n de los datos<\/span><\/span><\/h3><div class=\"s13\"><span class=\"s12\"><span class=\"s9\">Los datos personales y sensibles recopilados por la aplicaci\u00f3n <span class=\"s10\">Hinoconnect Mobile <\/span>ser\u00e1n almacenados de forma protegida y retenidos por FAGOR ELECTR\u00d3NICA durante el tiempo necesario para prestar los servicios de seguimiento de rutas, tareas y formularios a la empresa cliente. Una vez finalizados dichos servicios, los datos ser\u00e1n retenidos por un per\u00edodo adicional de 6 meses. Pasado este tiempo, los datos ser\u00e1n eliminados de forma segura y definitiva de nuestros sistemas, a menos que se deba retenerlos por un per\u00edodo m\u00e1s largo en virtud de una obligaci\u00f3n legal o para resolver disputas.<\/span><\/span><\/div><h3 class=\"s13\"><span class=\"s12\"><span class=\"s9\">Derechos<\/span><\/span><\/h3><div class=\"s13\"><span class=\"s12\"><span class=\"s9\">Puede ejercer sus derechos de acceso, rectificaci\u00f3n, supresi\u00f3n y de portabilidad de sus datos, de limitaci\u00f3n y oposici\u00f3n al tratamiento, as\u00ed como a no ser objeto de decisiones basadas \u00fanicamente en el tratamiento automatizado de sus datos o revocar su consentimiento, cuando proceda, ante la EMPRESA CLIENTE.<\/span><\/span><\/div>\t\t\t\t\t\t\t\t<\/div>\n\t\t\t\t<\/div>\n\t\t\t\t\t<\/div>\n\t\t\t\t<\/div>\n\t\t\t\t<\/div>\n\t\t","protected":false},"excerpt":{"rendered":"<p>Pol\u00edtica de Privacidad de Hinoconnect Mobile Pol\u00edtica de privacidad Esta p\u00e1gina constituye la pol\u00edtica de privacidad aplicada a la aplicaci\u00f3n Hinoconnect Mobile. Responsable del tratamiento FAGOR ELECTR\u00d3NICA S.COOP. (en adelante, FAGOR ELECTR\u00d3NICA) trata los datos en calidad de encargado del tratamiento, por cuenta de la empresa a la que usted pertenece o presta sus servicios [&hellip;]<\/p>\n","protected":false},"author":3,"featured_media":0,"parent":0,"menu_order":0,"comment_status":"closed","ping_status":"closed","template":"","meta":{"_acf_changed":false,"inline_featured_image":false,"footnotes":""},"class_list":["post-92834","page","type-page","status-publish","hentry"],"acf":[],"_links":{"self":[{"href":"https:\/\/www.fagorsmartdata.com\/es\/wp-json\/wp\/v2\/pages\/92834","targetHints":{"allow":["GET"]}}],"collection":[{"href":"https:\/\/www.fagorsmartdata.com\/es\/wp-json\/wp\/v2\/pages"}],"about":[{"href":"https:\/\/www.fagorsmartdata.com\/es\/wp-json\/wp\/v2\/types\/page"}],"author":[{"embeddable":true,"href":"https:\/\/www.fagorsmartdata.com\/es\/wp-json\/wp\/v2\/users\/3"}],"replies":[{"embeddable":true,"href":"https:\/\/www.fagorsmartdata.com\/es\/wp-json\/wp\/v2\/comments?post=92834"}],"version-history":[{"count":18,"href":"https:\/\/www.fagorsmartdata.com\/es\/wp-json\/wp\/v2\/pages\/92834\/revisions"}],"predecessor-version":[{"id":92852,"href":"https:\/\/www.fagorsmartdata.com\/es\/wp-json\/wp\/v2\/pages\/92834\/revisions\/92852"}],"wp:attachment":[{"href":"https:\/\/www.fagorsmartdata.com\/es\/wp-json\/wp\/v2\/media?parent=92834"}],"curies":[{"name":"wp","href":"https:\/\/api.w.org\/{rel}","templated":true}]}}