{"id":975,"date":"2023-04-25T14:52:40","date_gmt":"2023-04-25T14:52:40","guid":{"rendered":"https:\/\/wordpress-441303-3454160.cloudwaysapps.com\/?page_id=975"},"modified":"2024-04-23T16:07:01","modified_gmt":"2024-04-23T14:07:01","slug":"hagase-distribuidor","status":"publish","type":"page","link":"https:\/\/www.fagorsmartdata.com\/es\/hagase-distribuidor\/","title":{"rendered":"H\u00e1gase partner"},"content":{"rendered":"\t\t<div data-elementor-type=\"wp-page\" data-elementor-id=\"975\" class=\"elementor elementor-975\" data-elementor-post-type=\"page\">\n\t\t\t\t<div class=\"elementor-element elementor-element-8b34f4f e-con-full e-flex e-con e-parent\" data-id=\"8b34f4f\" data-element_type=\"container\">\n\t\t<div class=\"elementor-element elementor-element-e5e2a2b e-con-full e-flex e-con e-child\" data-id=\"e5e2a2b\" data-element_type=\"container\" data-settings=\"{&quot;background_background&quot;:&quot;classic&quot;}\">\n\t\t<div class=\"elementor-element elementor-element-869dd1d e-con-full e-flex e-con e-child\" data-id=\"869dd1d\" data-element_type=\"container\">\n\t\t<div class=\"elementor-element elementor-element-b690e3a e-con-full e-flex e-con e-child\" data-id=\"b690e3a\" data-element_type=\"container\">\n\t\t\t\t<div class=\"elementor-element elementor-element-e5ff73a elementor-widget elementor-widget-heading\" data-id=\"e5ff73a\" data-element_type=\"widget\" data-widget_type=\"heading.default\">\n\t\t\t\t<div class=\"elementor-widget-container\">\n\t\t\t\t\t<h1 class=\"elementor-heading-title elementor-size-default\">Hazte partner<\/h1>\t\t\t\t<\/div>\n\t\t\t\t<\/div>\n\t\t\t\t<\/div>\n\t\t\t\t<\/div>\n\t\t\t\t<\/div>\n\t\t\t\t<\/div>\n\t\t<div class=\"elementor-element elementor-element-77ed288 e-flex e-con-boxed e-con e-parent\" data-id=\"77ed288\" data-element_type=\"container\">\n\t\t\t\t\t<div class=\"e-con-inner\">\n\t\t\t\t<div class=\"elementor-element elementor-element-fb858bd elementor-widget elementor-widget-spacer\" data-id=\"fb858bd\" data-element_type=\"widget\" data-widget_type=\"spacer.default\">\n\t\t\t\t<div class=\"elementor-widget-container\">\n\t\t\t\t\t\t\t<div class=\"elementor-spacer\">\n\t\t\t<div class=\"elementor-spacer-inner\"><\/div>\n\t\t<\/div>\n\t\t\t\t\t\t<\/div>\n\t\t\t\t<\/div>\n\t\t\t\t\t<\/div>\n\t\t\t\t<\/div>\n\t\t<div class=\"elementor-element elementor-element-7df4cde e-con-full e-flex e-con e-parent\" data-id=\"7df4cde\" data-element_type=\"container\">\n\t\t<div class=\"elementor-element elementor-element-b7710ec e-con-full e-flex e-con e-child\" data-id=\"b7710ec\" data-element_type=\"container\">\n\t\t<div class=\"elementor-element elementor-element-e8c72e2 e-con-full e-flex e-con e-child\" data-id=\"e8c72e2\" data-element_type=\"container\">\n\t\t\t\t<div class=\"elementor-element elementor-element-34b8b2d elementor-widget elementor-widget-heading\" data-id=\"34b8b2d\" data-element_type=\"widget\" data-widget_type=\"heading.default\">\n\t\t\t\t<div class=\"elementor-widget-container\">\n\t\t\t\t\t<h2 class=\"elementor-heading-title elementor-size-default\">\u00bfEsto es para mi?<\/h2>\t\t\t\t<\/div>\n\t\t\t\t<\/div>\n\t\t\t\t<\/div>\n\t\t<div class=\"elementor-element elementor-element-ae18d8e e-con-full e-flex e-con e-child\" data-id=\"ae18d8e\" data-element_type=\"container\">\n\t\t\t\t<div class=\"elementor-element elementor-element-6748f9f elementor-widget-mobile__width-inherit elementor-widget elementor-widget-heading\" data-id=\"6748f9f\" data-element_type=\"widget\" data-widget_type=\"heading.default\">\n\t\t\t\t<div class=\"elementor-widget-container\">\n\t\t\t\t\t<h3 class=\"elementor-heading-title elementor-size-default\">Si tienes clientes que se dediquen al transporte, la log\u00edstica o los servicios, esto es para ti.\nTalleres, asesor\u00edas, empresas de inform\u00e1tica y otros sectores m\u00e1s ya se benefician de Fagor.<\/h3>\t\t\t\t<\/div>\n\t\t\t\t<\/div>\n\t\t\t\t<\/div>\n\t\t\t\t<\/div>\n\t\t\t\t<\/div>\n\t\t<div class=\"elementor-element elementor-element-55a7ae5 e-flex e-con-boxed e-con e-parent\" data-id=\"55a7ae5\" data-element_type=\"container\">\n\t\t\t\t\t<div class=\"e-con-inner\">\n\t\t\t\t<div class=\"elementor-element elementor-element-787297a elementor-widget elementor-widget-spacer\" data-id=\"787297a\" data-element_type=\"widget\" data-widget_type=\"spacer.default\">\n\t\t\t\t<div class=\"elementor-widget-container\">\n\t\t\t\t\t\t\t<div class=\"elementor-spacer\">\n\t\t\t<div class=\"elementor-spacer-inner\"><\/div>\n\t\t<\/div>\n\t\t\t\t\t\t<\/div>\n\t\t\t\t<\/div>\n\t\t\t\t\t<\/div>\n\t\t\t\t<\/div>\n\t\t<div class=\"elementor-element elementor-element-4d62a1e e-con-full e-flex e-con e-parent\" data-id=\"4d62a1e\" data-element_type=\"container\">\n\t\t<div class=\"elementor-element elementor-element-0e5b6f8 e-con-full e-flex e-con e-child\" data-id=\"0e5b6f8\" data-element_type=\"container\">\n\t\t\t\t<div class=\"elementor-element elementor-element-fbdea37 elementor-widget elementor-widget-image\" data-id=\"fbdea37\" data-element_type=\"widget\" data-widget_type=\"image.default\">\n\t\t\t\t<div class=\"elementor-widget-container\">\n\t\t\t\t\t\t\t\t\t\t\t\t\t\t\t<img width=\"60\" height=\"74\" src=\"https:\/\/www.fagorsmartdata.com\/wp-content\/uploads\/2023\/05\/ico-easy-use.svg\" class=\"attachment-full size-full wp-image-2291\" alt=\"\" \/>\t\t\t\t\t\t\t\t\t\t\t\t\t\t\t<\/div>\n\t\t\t\t<\/div>\n\t\t\t\t<div class=\"elementor-element elementor-element-a9c5dab elementor-widget elementor-widget-heading\" data-id=\"a9c5dab\" data-element_type=\"widget\" data-widget_type=\"heading.default\">\n\t\t\t\t<div class=\"elementor-widget-container\">\n\t\t\t\t\t<h2 class=\"elementor-heading-title elementor-size-default\">Ofrece soluciones digitales.<\/h2>\t\t\t\t<\/div>\n\t\t\t\t<\/div>\n\t\t\t\t<div class=\"elementor-element elementor-element-4669f02 elementor-widget elementor-widget-text-editor\" data-id=\"4669f02\" data-element_type=\"widget\" data-widget_type=\"text-editor.default\">\n\t\t\t\t<div class=\"elementor-widget-container\">\n\t\t\t\t\t\t\t\t\t<div title=\"Page 13\"><div class=\"page\" title=\"Page 22\"><div class=\"section\"><div class=\"layoutArea\"><div class=\"column\"><div class=\"page\" title=\"Page 24\"><div class=\"section\"><div class=\"layoutArea\"><div class=\"column\"><div class=\"page\" title=\"Page 7\"><div class=\"section\"><div class=\"layoutArea\"><div class=\"column\"><p>Amplia tu cartera de servicios ofreciendo soluciones para la digitalizaci\u00f3n a tus clientes<\/p><\/div><\/div><\/div><\/div><\/div><\/div><\/div><\/div><\/div><\/div><\/div><\/div><\/div>\t\t\t\t\t\t\t\t<\/div>\n\t\t\t\t<\/div>\n\t\t\t\t<\/div>\n\t\t<div class=\"elementor-element elementor-element-842ebad e-con-full e-flex e-con e-child\" data-id=\"842ebad\" data-element_type=\"container\">\n\t\t\t\t<div class=\"elementor-element elementor-element-9d0084b elementor-widget elementor-widget-image\" data-id=\"9d0084b\" data-element_type=\"widget\" data-widget_type=\"image.default\">\n\t\t\t\t<div class=\"elementor-widget-container\">\n\t\t\t\t\t\t\t\t\t\t\t\t\t\t\t<img width=\"57\" height=\"54\" src=\"https:\/\/www.fagorsmartdata.com\/wp-content\/uploads\/2023\/05\/ico-save-money.svg\" class=\"attachment-full size-full wp-image-2287\" alt=\"\" \/>\t\t\t\t\t\t\t\t\t\t\t\t\t\t\t<\/div>\n\t\t\t\t<\/div>\n\t\t\t\t<div class=\"elementor-element elementor-element-65c61cf elementor-widget elementor-widget-heading\" data-id=\"65c61cf\" data-element_type=\"widget\" data-widget_type=\"heading.default\">\n\t\t\t\t<div class=\"elementor-widget-container\">\n\t\t\t\t\t<h2 class=\"elementor-heading-title elementor-size-default\">Obt\u00e9n ingresos<\/h2>\t\t\t\t<\/div>\n\t\t\t\t<\/div>\n\t\t\t\t<div class=\"elementor-element elementor-element-339fe99 elementor-widget elementor-widget-text-editor\" data-id=\"339fe99\" data-element_type=\"widget\" data-widget_type=\"text-editor.default\">\n\t\t\t\t<div class=\"elementor-widget-container\">\n\t\t\t\t\t\t\t\t\t<div title=\"Page 13\"><div class=\"page\" title=\"Page 22\"><div class=\"section\"><div class=\"layoutArea\"><div class=\"column\"><div class=\"page\" title=\"Page 24\"><div class=\"section\"><div class=\"layoutArea\"><div class=\"column\"><div class=\"page\" title=\"Page 7\"><div class=\"section\"><div class=\"layoutArea\"><div class=\"column\"><p>Obt\u00e9n importantes ingresos econ\u00f3micos por cada oportunidad referenciada<\/p><\/div><\/div><\/div><\/div><\/div><\/div><\/div><\/div><\/div><\/div><\/div><\/div><\/div>\t\t\t\t\t\t\t\t<\/div>\n\t\t\t\t<\/div>\n\t\t\t\t<\/div>\n\t\t<div class=\"elementor-element elementor-element-16d45e8 e-con-full e-flex e-con e-child\" data-id=\"16d45e8\" data-element_type=\"container\">\n\t\t\t\t<div class=\"elementor-element elementor-element-cfab3c9 elementor-widget elementor-widget-image\" data-id=\"cfab3c9\" data-element_type=\"widget\" data-widget_type=\"image.default\">\n\t\t\t\t<div class=\"elementor-widget-container\">\n\t\t\t\t\t\t\t\t\t\t\t\t\t\t\t<img width=\"73\" height=\"54\" src=\"https:\/\/www.fagorsmartdata.com\/wp-content\/uploads\/2023\/05\/ico-fagor-ok.svg\" class=\"attachment-full size-full wp-image-2281\" alt=\"\" \/>\t\t\t\t\t\t\t\t\t\t\t\t\t\t\t<\/div>\n\t\t\t\t<\/div>\n\t\t\t\t<div class=\"elementor-element elementor-element-183df78 elementor-widget elementor-widget-heading\" data-id=\"183df78\" data-element_type=\"widget\" data-widget_type=\"heading.default\">\n\t\t\t\t<div class=\"elementor-widget-container\">\n\t\t\t\t\t<h2 class=\"elementor-heading-title elementor-size-default\">Garant\u00eda Fagor<\/h2>\t\t\t\t<\/div>\n\t\t\t\t<\/div>\n\t\t\t\t<div class=\"elementor-element elementor-element-5d340f1 elementor-widget elementor-widget-text-editor\" data-id=\"5d340f1\" data-element_type=\"widget\" data-widget_type=\"text-editor.default\">\n\t\t\t\t<div class=\"elementor-widget-container\">\n\t\t\t\t\t\t\t\t\t<div title=\"Page 13\"><div class=\"page\" title=\"Page 22\"><div class=\"section\"><div class=\"layoutArea\"><div class=\"column\"><div class=\"page\" title=\"Page 24\"><div class=\"section\"><div class=\"layoutArea\"><div class=\"column\"><div class=\"page\" title=\"Page 7\"><div class=\"section\"><div class=\"layoutArea\"><div class=\"column\"><div class=\"page\" title=\"Page 7\"><div class=\"section\"><div class=\"layoutArea\"><div class=\"column\"><p>Garant\u00eda Fagor\/ 25 a\u00f1os de experiencia y conocimientos en el sector<\/p><\/div><\/div><\/div><\/div><\/div><\/div><\/div><\/div><\/div><\/div><\/div><\/div><\/div><\/div><\/div><\/div><\/div>\t\t\t\t\t\t\t\t<\/div>\n\t\t\t\t<\/div>\n\t\t\t\t<\/div>\n\t\t\t\t<\/div>\n\t\t<div class=\"elementor-element elementor-element-e5d0ca7 e-flex e-con-boxed e-con e-parent\" data-id=\"e5d0ca7\" data-element_type=\"container\">\n\t\t\t\t\t<div class=\"e-con-inner\">\n\t\t\t\t<div class=\"elementor-element elementor-element-7f6a6b8 elementor-widget elementor-widget-spacer\" data-id=\"7f6a6b8\" data-element_type=\"widget\" data-widget_type=\"spacer.default\">\n\t\t\t\t<div class=\"elementor-widget-container\">\n\t\t\t\t\t\t\t<div class=\"elementor-spacer\">\n\t\t\t<div class=\"elementor-spacer-inner\"><\/div>\n\t\t<\/div>\n\t\t\t\t\t\t<\/div>\n\t\t\t\t<\/div>\n\t\t\t\t\t<\/div>\n\t\t\t\t<\/div>\n\t\t<div class=\"elementor-element elementor-element-96b2fe1 e-con-full e-flex e-con e-parent\" data-id=\"96b2fe1\" data-element_type=\"container\">\n\t\t<div class=\"elementor-element elementor-element-dbc0c34 e-con-full e-flex e-con e-child\" data-id=\"dbc0c34\" data-element_type=\"container\">\n\t\t\t\t<div class=\"elementor-element elementor-element-ce3a745 elementor-widget elementor-widget-image\" data-id=\"ce3a745\" data-element_type=\"widget\" data-widget_type=\"image.default\">\n\t\t\t\t<div class=\"elementor-widget-container\">\n\t\t\t\t\t\t\t\t\t\t\t\t\t\t\t<img loading=\"lazy\" width=\"63\" height=\"62\" src=\"https:\/\/www.fagorsmartdata.com\/wp-content\/uploads\/2023\/05\/ico-config-ok.svg\" class=\"attachment-full size-full wp-image-2295\" alt=\"\" \/>\t\t\t\t\t\t\t\t\t\t\t\t\t\t\t<\/div>\n\t\t\t\t<\/div>\n\t\t\t\t<div class=\"elementor-element elementor-element-4b2d94b elementor-widget elementor-widget-heading\" data-id=\"4b2d94b\" data-element_type=\"widget\" data-widget_type=\"heading.default\">\n\t\t\t\t<div class=\"elementor-widget-container\">\n\t\t\t\t\t<h2 class=\"elementor-heading-title elementor-size-default\">Proyectos a medida<\/h2>\t\t\t\t<\/div>\n\t\t\t\t<\/div>\n\t\t\t\t<div class=\"elementor-element elementor-element-c070868 elementor-widget elementor-widget-text-editor\" data-id=\"c070868\" data-element_type=\"widget\" data-widget_type=\"text-editor.default\">\n\t\t\t\t<div class=\"elementor-widget-container\">\n\t\t\t\t\t\t\t\t\t<div title=\"Page 13\"><div class=\"page\" title=\"Page 22\"><div class=\"section\"><div class=\"layoutArea\"><div class=\"column\"><div class=\"page\" title=\"Page 24\"><div class=\"section\"><div class=\"layoutArea\"><div class=\"column\"><div class=\"page\" title=\"Page 7\"><div class=\"section\"><div class=\"layoutArea\"><div class=\"column\"><div class=\"page\" title=\"Page 7\"><div class=\"section\"><div class=\"layoutArea\"><div class=\"column\"><p>Ofrece a tus clientes soluciones a medida ya que podr\u00e1s ofrecer soluciones de digitalizaci\u00f3n totalmente adaptadas y para todo tipo de empresas<\/p><\/div><\/div><\/div><\/div><\/div><\/div><\/div><\/div><\/div><\/div><\/div><\/div><\/div><\/div><\/div><\/div><\/div>\t\t\t\t\t\t\t\t<\/div>\n\t\t\t\t<\/div>\n\t\t\t\t<\/div>\n\t\t<div class=\"elementor-element elementor-element-c022532 e-con-full e-flex e-con e-child\" data-id=\"c022532\" data-element_type=\"container\">\n\t\t\t\t<div class=\"elementor-element elementor-element-9a9adcd elementor-widget elementor-widget-image\" data-id=\"9a9adcd\" data-element_type=\"widget\" data-widget_type=\"image.default\">\n\t\t\t\t<div class=\"elementor-widget-container\">\n\t\t\t\t\t\t\t\t\t\t\t\t\t\t\t<img loading=\"lazy\" width=\"72\" height=\"60\" src=\"https:\/\/www.fagorsmartdata.com\/wp-content\/uploads\/2023\/04\/grupo.svg\" class=\"attachment-full size-full wp-image-1497\" alt=\"\" \/>\t\t\t\t\t\t\t\t\t\t\t\t\t\t\t<\/div>\n\t\t\t\t<\/div>\n\t\t\t\t<div class=\"elementor-element elementor-element-2edecae elementor-widget elementor-widget-heading\" data-id=\"2edecae\" data-element_type=\"widget\" data-widget_type=\"heading.default\">\n\t\t\t\t<div class=\"elementor-widget-container\">\n\t\t\t\t\t<h2 class=\"elementor-heading-title elementor-size-default\">Equipo cercano<\/h2>\t\t\t\t<\/div>\n\t\t\t\t<\/div>\n\t\t\t\t<div class=\"elementor-element elementor-element-841ba66 elementor-widget elementor-widget-text-editor\" data-id=\"841ba66\" data-element_type=\"widget\" data-widget_type=\"text-editor.default\">\n\t\t\t\t<div class=\"elementor-widget-container\">\n\t\t\t\t\t\t\t\t\t<div title=\"Page 13\"><div class=\"page\" title=\"Page 22\"><div class=\"section\"><div class=\"layoutArea\"><div class=\"column\"><div class=\"page\" title=\"Page 24\"><div class=\"section\"><div class=\"layoutArea\"><div class=\"column\"><div class=\"page\" title=\"Page 7\"><div class=\"section\"><div class=\"layoutArea\"><div class=\"column\"><p>Vas a contar con un equipo humano cercano que va a estar detr\u00e1s para acompa\u00f1arte y darte confianza durante todo el proceso<\/p><\/div><\/div><\/div><\/div><\/div><\/div><\/div><\/div><\/div><\/div><\/div><\/div><\/div>\t\t\t\t\t\t\t\t<\/div>\n\t\t\t\t<\/div>\n\t\t\t\t<\/div>\n\t\t<div class=\"elementor-element elementor-element-55090c2 e-con-full e-flex e-con e-child\" data-id=\"55090c2\" data-element_type=\"container\">\n\t\t\t\t<div class=\"elementor-element elementor-element-7568d0f elementor-widget elementor-widget-image\" data-id=\"7568d0f\" data-element_type=\"widget\" data-widget_type=\"image.default\">\n\t\t\t\t<div class=\"elementor-widget-container\">\n\t\t\t\t\t\t\t\t\t\t\t\t\t\t\t<img loading=\"lazy\" width=\"96\" height=\"96\" src=\"https:\/\/www.fagorsmartdata.com\/wp-content\/uploads\/2023\/05\/ico-idea.svg\" class=\"attachment-full size-full wp-image-2297\" alt=\"\" \/>\t\t\t\t\t\t\t\t\t\t\t\t\t\t\t<\/div>\n\t\t\t\t<\/div>\n\t\t\t\t<div class=\"elementor-element elementor-element-46ae2ac elementor-widget elementor-widget-heading\" data-id=\"46ae2ac\" data-element_type=\"widget\" data-widget_type=\"heading.default\">\n\t\t\t\t<div class=\"elementor-widget-container\">\n\t\t\t\t\t<h2 class=\"elementor-heading-title elementor-size-default\">Genera nuevos negocios<\/h2>\t\t\t\t<\/div>\n\t\t\t\t<\/div>\n\t\t\t\t<div class=\"elementor-element elementor-element-3f7ae61 elementor-widget elementor-widget-text-editor\" data-id=\"3f7ae61\" data-element_type=\"widget\" data-widget_type=\"text-editor.default\">\n\t\t\t\t<div class=\"elementor-widget-container\">\n\t\t\t\t\t\t\t\t\t<div title=\"Page 13\"><div class=\"page\" title=\"Page 22\"><div class=\"section\"><div class=\"layoutArea\"><div class=\"column\"><div class=\"page\" title=\"Page 24\"><div class=\"section\"><div class=\"layoutArea\"><div class=\"column\"><div class=\"page\" title=\"Page 7\"><div class=\"section\"><div class=\"layoutArea\"><div class=\"column\"><div class=\"page\" title=\"Page 7\"><div class=\"section\"><div class=\"layoutArea\"><div class=\"column\"><p>Genera nuevos negocios derivados de trabajos de Fagor, como por ejemplo instalaciones<\/p><\/div><\/div><\/div><\/div><\/div><\/div><\/div><\/div><\/div><\/div><\/div><\/div><\/div><\/div><\/div><\/div><\/div>\t\t\t\t\t\t\t\t<\/div>\n\t\t\t\t<\/div>\n\t\t\t\t<\/div>\n\t\t\t\t<\/div>\n\t\t<div class=\"elementor-element elementor-element-bb87801 e-flex e-con-boxed e-con e-parent\" data-id=\"bb87801\" data-element_type=\"container\">\n\t\t\t\t\t<div class=\"e-con-inner\">\n\t\t\t\t<div class=\"elementor-element elementor-element-430dc71 elementor-widget elementor-widget-spacer\" data-id=\"430dc71\" data-element_type=\"widget\" data-widget_type=\"spacer.default\">\n\t\t\t\t<div class=\"elementor-widget-container\">\n\t\t\t\t\t\t\t<div class=\"elementor-spacer\">\n\t\t\t<div class=\"elementor-spacer-inner\"><\/div>\n\t\t<\/div>\n\t\t\t\t\t\t<\/div>\n\t\t\t\t<\/div>\n\t\t\t\t\t<\/div>\n\t\t\t\t<\/div>\n\t\t<div class=\"elementor-element elementor-element-6a73542 e-con-full e-flex e-con e-parent\" data-id=\"6a73542\" data-element_type=\"container\">\n\t\t<div class=\"elementor-element elementor-element-eecaef8 e-con-full e-flex e-con e-child\" data-id=\"eecaef8\" data-element_type=\"container\">\n\t\t<div class=\"elementor-element elementor-element-8867221 e-con-full e-flex e-con e-child\" data-id=\"8867221\" data-element_type=\"container\">\n\t\t\t\t<div class=\"elementor-element elementor-element-1973d8f elementor-widget elementor-widget-heading\" data-id=\"1973d8f\" data-element_type=\"widget\" data-widget_type=\"heading.default\">\n\t\t\t\t<div class=\"elementor-widget-container\">\n\t\t\t\t\t<h2 class=\"elementor-heading-title elementor-size-default\">Complete el formulario y le contactaremos<\/h2>\t\t\t\t<\/div>\n\t\t\t\t<\/div>\n\t\t\t\t<\/div>\n\t\t\t\t<\/div>\n\t\t\t\t<\/div>\n\t\t<div class=\"elementor-element elementor-element-fe46389 e-flex e-con-boxed e-con e-parent\" data-id=\"fe46389\" data-element_type=\"container\">\n\t\t\t\t\t<div class=\"e-con-inner\">\n\t\t\t\t<div class=\"elementor-element elementor-element-5f513d0 elementor-widget elementor-widget-wpforms\" data-id=\"5f513d0\" data-element_type=\"widget\" data-widget_type=\"wpforms.default\">\n\t\t\t\t<div class=\"elementor-widget-container\">\n\t\t\t\t\t<div class=\"wpforms-container wpforms-container-full\" id=\"wpforms-92961\"><form id=\"wpforms-form-92961\" class=\"wpforms-validate wpforms-form\" data-formid=\"92961\" method=\"post\" enctype=\"multipart\/form-data\" action=\"\/es\/wp-json\/wp\/v2\/pages\/975\" data-token=\"b20c5ebc47f51d4bc35112df0728a699\"><noscript class=\"wpforms-error-noscript\">Por favor, activa JavaScript en tu navegador para completar este formulario.<\/noscript><div class=\"wpforms-field-container\"><div id=\"wpforms-92961-field_1-container\" class=\"wpforms-field wpforms-field-name\" data-field-id=\"1\"><label class=\"wpforms-field-label wpforms-label-hide\" for=\"wpforms-92961-field_1\">Nombre <span class=\"wpforms-required-label\">*<\/span><\/label><div class=\"wpforms-field-row wpforms-field-large\"><div class=\"wpforms-field-row-block wpforms-first wpforms-one-half\"><input type=\"text\" id=\"wpforms-92961-field_1\" class=\"wpforms-field-name-first wpforms-field-required\" name=\"wpforms[fields][1][first]\" placeholder=\"Nombre\" required><label for=\"wpforms-92961-field_1\" class=\"wpforms-field-sublabel after wpforms-sublabel-hide\">Nombre<\/label><\/div><div class=\"wpforms-field-row-block wpforms-one-half\"><input type=\"text\" id=\"wpforms-92961-field_1-last\" class=\"wpforms-field-name-last wpforms-field-required\" name=\"wpforms[fields][1][last]\" placeholder=\"Apellidos\" required><label for=\"wpforms-92961-field_1-last\" class=\"wpforms-field-sublabel after wpforms-sublabel-hide\">Apellidos<\/label><\/div><\/div><\/div><div id=\"wpforms-92961-field_2-container\" class=\"wpforms-field wpforms-field-email wpforms-one-third wpforms-first\" data-field-id=\"2\"><label class=\"wpforms-field-label wpforms-label-hide\" for=\"wpforms-92961-field_2\">Correo electr\u00f3nico <span class=\"wpforms-required-label\">*<\/span><\/label><input type=\"email\" id=\"wpforms-92961-field_2\" class=\"wpforms-field-large wpforms-field-required\" name=\"wpforms[fields][2]\" placeholder=\"Correo electr\u00f3nico\" required><\/div><div id=\"wpforms-92961-field_3-container\" class=\"wpforms-field wpforms-field-text wpforms-one-third\" data-field-id=\"3\"><label class=\"wpforms-field-label wpforms-label-hide\" for=\"wpforms-92961-field_3\">Empresa <span class=\"wpforms-required-label\">*<\/span><\/label><input type=\"text\" id=\"wpforms-92961-field_3\" class=\"wpforms-field-large wpforms-field-required\" name=\"wpforms[fields][3]\" placeholder=\"Empresa\" required><\/div><div id=\"wpforms-92961-field_4-container\" class=\"wpforms-field wpforms-field-phone wpforms-one-third\" data-field-id=\"4\"><label class=\"wpforms-field-label wpforms-label-hide\" for=\"wpforms-92961-field_4\">Tel\u00e9fono <span class=\"wpforms-required-label\">*<\/span><\/label><input type=\"tel\" id=\"wpforms-92961-field_4\" class=\"wpforms-field-large wpforms-field-required\" data-rule-int-phone-field=\"true\" name=\"wpforms[fields][4]\" placeholder=\"Tel\u00e9fono\" required><\/div><div id=\"wpforms-92961-field_5-container\" class=\"wpforms-field wpforms-field-number wpforms-one-third wpforms-first\" data-field-id=\"5\"><label class=\"wpforms-field-label wpforms-label-hide\" for=\"wpforms-92961-field_5\">N\u00famero de veh\u00edculos<\/label><input type=\"number\" pattern=\"\\d*\" id=\"wpforms-92961-field_5\" class=\"wpforms-field-large\" name=\"wpforms[fields][5]\" placeholder=\"N\u00famero de veh\u00edculos\" ><\/div><div id=\"wpforms-92961-field_6-container\" class=\"wpforms-field wpforms-field-text wpforms-one-third\" data-field-id=\"6\"><label class=\"wpforms-field-label wpforms-label-hide\" for=\"wpforms-92961-field_6\">Ciudad <span class=\"wpforms-required-label\">*<\/span><\/label><input type=\"text\" id=\"wpforms-92961-field_6\" class=\"wpforms-field-large wpforms-field-required\" name=\"wpforms[fields][6]\" placeholder=\"Ciudad\" required><\/div><div id=\"wpforms-92961-field_7-container\" class=\"wpforms-field wpforms-field-text wpforms-one-third\" data-field-id=\"7\"><label class=\"wpforms-field-label wpforms-label-hide\" for=\"wpforms-92961-field_7\">Pa\u00eds <span class=\"wpforms-required-label\">*<\/span><\/label><input type=\"text\" id=\"wpforms-92961-field_7\" class=\"wpforms-field-large wpforms-field-required\" name=\"wpforms[fields][7]\" placeholder=\"Pa\u00eds\" required><\/div><div id=\"wpforms-92961-field_8-container\" class=\"wpforms-field wpforms-field-payment-checkbox\" data-field-id=\"8\"><label class=\"wpforms-field-label wpforms-label-hide\" for=\"wpforms-92961-field_8\">Pol\u00edtica de privacidad <span class=\"wpforms-required-label\">*<\/span><\/label><ul id=\"wpforms-92961-field_8\" class=\"wpforms-field-required\"><li class=\"choice-1\"><input type=\"checkbox\" id=\"wpforms-92961-field_8_1\" class=\"wpforms-payment-price\" data-amount=\"0.00\" name=\"wpforms[fields][8][]\" value=\"1\" required ><label class=\"wpforms-field-label-inline\" for=\"wpforms-92961-field_8_1\">He le\u00eddo y acepto la pol\u00edtica de privacidad<\/label><\/li><\/ul><\/div><div id=\"wpforms-92961-field_9-container\" class=\"wpforms-field wpforms-field-html\" data-field-id=\"9\"><div id=\"wpforms-92961-field_9\"><span class=\"modelcondiciones\" onclick=\"location.href='https:\/\/www.fagorsmartdata.com\/es\/aviso-legal\/'\">Ver pol\u00edtica de privacidad<\/span><\/div><\/div><\/div><input type=\"hidden\" name=\"wpforms[recaptcha]\" value=\"\"><div class=\"wpforms-submit-container\" ><input type=\"hidden\" name=\"wpforms[id]\" value=\"92961\"><input type=\"hidden\" name=\"wpforms[author]\" value=\"1\"><button type=\"submit\" name=\"wpforms[submit]\" class=\"wpforms-submit \" id=\"wpforms-submit-92961\" value=\"wpforms-submit\" aria-live=\"assertive\" data-alt-text=\"Enviando...\" data-submit-text=\"Enviar\">Enviar<\/button><\/div><\/form><\/div>  <!-- .wpforms-container -->\t\t\t\t<\/div>\n\t\t\t\t<\/div>\n\t\t\t\t\t<\/div>\n\t\t\t\t<\/div>\n\t\t\t\t<\/div>\n\t\t","protected":false},"excerpt":{"rendered":"<p>Hazte partner \u00bfEsto es para mi? Si tienes clientes que se dediquen al transporte, la log\u00edstica o los servicios, esto es para ti. Talleres, asesor\u00edas, empresas de inform\u00e1tica y otros sectores m\u00e1s ya se benefician de Fagor. Ofrece soluciones digitales. Amplia tu cartera de servicios ofreciendo soluciones para la digitalizaci\u00f3n a tus clientes Obt\u00e9n ingresos [&hellip;]<\/p>\n","protected":false},"author":1,"featured_media":0,"parent":0,"menu_order":0,"comment_status":"closed","ping_status":"closed","template":"","meta":{"_acf_changed":false,"inline_featured_image":false,"footnotes":""},"class_list":["post-975","page","type-page","status-publish","hentry"],"acf":[],"_links":{"self":[{"href":"https:\/\/www.fagorsmartdata.com\/es\/wp-json\/wp\/v2\/pages\/975","targetHints":{"allow":["GET"]}}],"collection":[{"href":"https:\/\/www.fagorsmartdata.com\/es\/wp-json\/wp\/v2\/pages"}],"about":[{"href":"https:\/\/www.fagorsmartdata.com\/es\/wp-json\/wp\/v2\/types\/page"}],"author":[{"embeddable":true,"href":"https:\/\/www.fagorsmartdata.com\/es\/wp-json\/wp\/v2\/users\/1"}],"replies":[{"embeddable":true,"href":"https:\/\/www.fagorsmartdata.com\/es\/wp-json\/wp\/v2\/comments?post=975"}],"version-history":[{"count":85,"href":"https:\/\/www.fagorsmartdata.com\/es\/wp-json\/wp\/v2\/pages\/975\/revisions"}],"predecessor-version":[{"id":94039,"href":"https:\/\/www.fagorsmartdata.com\/es\/wp-json\/wp\/v2\/pages\/975\/revisions\/94039"}],"wp:attachment":[{"href":"https:\/\/www.fagorsmartdata.com\/es\/wp-json\/wp\/v2\/media?parent=975"}],"curies":[{"name":"wp","href":"https:\/\/api.w.org\/{rel}","templated":true}]}}