{"id":6294,"date":"2023-05-12T12:52:22","date_gmt":"2023-05-12T10:52:22","guid":{"rendered":"https:\/\/wordpress-441303-3454160.cloudwaysapps.com\/politica-cookies\/"},"modified":"2024-03-01T16:30:46","modified_gmt":"2024-03-01T15:30:46","slug":"politica-cookies","status":"publish","type":"page","link":"https:\/\/www.fagorsmartdata.com\/la\/politica-cookies\/","title":{"rendered":"Pol\u00edtica cookies"},"content":{"rendered":"\t\t<div data-elementor-type=\"wp-page\" data-elementor-id=\"6294\" class=\"elementor elementor-6294 elementor-2936\" data-elementor-post-type=\"page\">\n\t\t\t\t<div class=\"elementor-element elementor-element-29fd564 e-con-full e-flex e-con e-parent\" data-id=\"29fd564\" data-element_type=\"container\">\n\t\t<div class=\"elementor-element elementor-element-c91dac1 e-con-full e-flex e-con e-parent\" data-id=\"c91dac1\" data-element_type=\"container\" data-settings=\"{&quot;background_background&quot;:&quot;classic&quot;}\">\n\t\t<div class=\"elementor-element elementor-element-b0862aa e-con-full e-flex e-con e-parent\" data-id=\"b0862aa\" data-element_type=\"container\">\n\t\t<div class=\"elementor-element elementor-element-dc59874 e-con-full e-flex e-con e-parent\" data-id=\"dc59874\" data-element_type=\"container\">\n\t\t\t\t<div class=\"elementor-element elementor-element-64a25a1 elementor-widget__width-inherit elementor-widget elementor-widget-heading\" data-id=\"64a25a1\" data-element_type=\"widget\" data-widget_type=\"heading.default\">\n\t\t\t\t<div class=\"elementor-widget-container\">\n\t\t\t\t\t<h1 class=\"elementor-heading-title elementor-size-default\">Pol\u00edtica de cookies<\/h1>\t\t\t\t<\/div>\n\t\t\t\t<\/div>\n\t\t\t\t<\/div>\n\t\t\t\t<\/div>\n\t\t\t\t<\/div>\n\t\t\t\t<\/div>\n\t\t<div class=\"elementor-element elementor-element-112300b e-flex e-con-boxed e-con e-parent\" data-id=\"112300b\" data-element_type=\"container\">\n\t\t\t\t\t<div class=\"e-con-inner\">\n\t\t\t\t<div class=\"elementor-element elementor-element-7f798a8 elementor-widget elementor-widget-spacer\" data-id=\"7f798a8\" data-element_type=\"widget\" data-widget_type=\"spacer.default\">\n\t\t\t\t<div class=\"elementor-widget-container\">\n\t\t\t\t\t\t\t<div class=\"elementor-spacer\">\n\t\t\t<div class=\"elementor-spacer-inner\"><\/div>\n\t\t<\/div>\n\t\t\t\t\t\t<\/div>\n\t\t\t\t<\/div>\n\t\t\t\t\t<\/div>\n\t\t\t\t<\/div>\n\t\t<div class=\"elementor-element elementor-element-5d7bfbd e-con-full e-flex e-con e-parent\" data-id=\"5d7bfbd\" data-element_type=\"container\">\n\t\t<div class=\"elementor-element elementor-element-2db3b57 e-con-full e-flex e-con e-parent\" data-id=\"2db3b57\" data-element_type=\"container\">\n\t\t<div class=\"elementor-element elementor-element-75d81c0 e-con-full e-flex e-con e-parent\" data-id=\"75d81c0\" data-element_type=\"container\">\n\t\t\t\t<div class=\"elementor-element elementor-element-90671b9 elementor-widget elementor-widget-text-editor\" data-id=\"90671b9\" data-element_type=\"widget\" data-widget_type=\"text-editor.default\">\n\t\t\t\t<div class=\"elementor-widget-container\">\n\t\t\t\t\t\t\t\t\t<h2>Definici\u00f3n y funci\u00f3n de las cookies<\/h2><p>Una cookie es un fichero que se descarga en su ordenador al acceder a determinadas p\u00e1ginas web. Las cookies permiten a una p\u00e1gina web, entre otras cosas, almacenar y recuperar informaci\u00f3n sobre los h\u00e1bitos de navegaci\u00f3n de un usuario o de su equipo y, dependiendo de la informaci\u00f3n que contengan y de la forma en que utilice su equipo, pueden utilizarse para reconocer al usuario.<\/p><h3>\u00bfQu\u00e9 tipos de cookies utiliza esta p\u00e1gina web?<\/h3><p><strong>1. Cookies de Rendimiento<\/strong><\/p><p>Se trata de cookies, bien tratadas por nosotros o por terceros, que recogen informaci\u00f3n sobre c\u00f3mo se utiliza el sitio web (por ejemplo, las p\u00e1ginas que visita o si se produce alg\u00fan error) y que nos ayudan a la localizar y solucionar problemas, cuantificar el n\u00famero de usuarios o medir utilizaci\u00f3n del sitio web. Toda la informaci\u00f3n recogida es totalmente an\u00f3nima y ayuda a entender c\u00f3mo funciona nuestro sitio, realizando las mejoras oportunas para facilitar su navegaci\u00f3n.<\/p><p>Utilizar estas cookies permitir\u00e1:<\/p><p>Que Usted navegue por el sitio y que a su vez, podamos recompilar informaci\u00f3n sobre c\u00f3mo utiliza Usted la p\u00e1gina web, para as\u00ed entender la usabilidad del sitio, y ayudarnos a implementar las mejoras necesarias. Estas cookies no recoger\u00e1n ninguna informaci\u00f3n sobre Usted que pueda ser usada con fines publicitarios, o informaci\u00f3n acerca de sus preferencias (tales como sus datos de usuario) m\u00e1s all\u00e1 de esa visita en particular.<\/p><p>\u00a0<\/p><p><strong>2. Cookies Funcionales<\/strong><\/p><p>Nuestro prop\u00f3sito con estas cookies es mejorar la experiencia de los usuarios. Se utilizan para recordar ciertos par\u00e1metros de configuraci\u00f3n o para proporcionar ciertos servicios o mensajes que pueden llegar a mejorar su experiencia en nuestro sitio. Por ejemplo, recuerdan el pa\u00eds o el idioma que ha seleccionado al visitar las p\u00e1ginas, y no se utilizan con fines de marketing.<\/p><p>Utilizar estas cookies permitir\u00e1:<\/p><p>Recordar sus datos de inicio de sesi\u00f3n como cliente al volver a la p\u00e1gina. Nunca recoger\u00e1n informaci\u00f3n alguna sobre Usted que pueda ser usada con fines publicitarios, o informaci\u00f3n acerca de sus preferencias (tales como sus datos de usuario) m\u00e1s all\u00e1 de esa visita en particular.<\/p><p>\u00a0<\/p><p><strong>3. Cookies de Marketing<\/strong><\/p><p>Son cookies gestionadas por terceros. Se env\u00edan al equipo terminal del usuario desde un equipo o dominio que no es gestionado por el editor, sino por otra entidad que trata los datos obtenidos a trav\u00e9s de las cookies. Por ello, puede utilizar las herramientas de estos terceros para restringir el uso de dichas cookies. Por ejemplo, algunas de ellas se utilizan para enlazar a otras p\u00e1ginas web que proporcionan determinados servicios para visualizar o descargar v\u00eddeos, compartir contenidos en redes sociales (Facebook, Twitter o Google). Y en otros casos, podr\u00e1n adem\u00e1s modificar los anuncios de otras webs para adaptarlos a sus preferencias.<\/p><p>Utilizar estas cookies permitir\u00e1:<\/p><p>Enlazar con redes sociales, ver o descargar v\u00eddeos, obtener informaci\u00f3n sobre su visita a nuestro sitio web \u00fatil para adaptar anuncios que le mostrar\u00e1n en otras sitios o p\u00e1ginas web. As\u00edmismo es posible que al visitar alguna p\u00e1gina web o al abrir alg\u00fan email donde se publique alg\u00fan anuncio o alguna promoci\u00f3n sobre nuestros productos o servicios se instale en su navegador alguna cookie que nos sirva para mostrarle posteriormente publicidad relacionada con la b\u00fasqueda que haya realizado, desarrollar un control de nuestros anuncios en relaci\u00f3n, por ejemplo, con el numero de veces que son vistos, d\u00f3nde aparecen, a qu\u00e9 hora se ven, etc.<\/p><p>\u00a0<\/p><p><strong>4. Cookies de an\u00e1lisis<\/strong><\/p><p>Son cookies gestionadas por terceros.<\/p><p>Usamos Hotjar para comprender mejor las necesidades de nuestros usuarios y optimizar este servicio y experiencia. Hotjar es un servicio de tecnolog\u00eda que nos ayuda a comprender mejor la experiencia de nuestros usuarios (por ejemplo, cu\u00e1nto tiempo pasan en qu\u00e9 p\u00e1ginas, en qu\u00e9 enlaces eligen hacer clic, qu\u00e9 les gusta y qu\u00e9 no les gusta a los usuarios, etc.) y esto nos permite construir y mantener nuestro servicio con los comentarios de los usuarios. Hotjar utiliza cookies y otras tecnolog\u00edas para recopilar datos sobre el comportamiento de nuestros usuarios y sus dispositivos. Esto incluye la direcci\u00f3n IP de un dispositivo (procesada durante su sesi\u00f3n y almacenada de forma an\u00f3nima), el tama\u00f1o de la pantalla del dispositivo, el tipo de dispositivo (identificadores \u00fanicos de dispositivo), la informaci\u00f3n del navegador, la ubicaci\u00f3n geogr\u00e1fica (solo el pa\u00eds) y el idioma preferido utilizado para mostrar nuestra p\u00e1gina web. Hotjar almacena esta informaci\u00f3n en nuestro nombre en un perfil de usuario seudonimizado. Hotjar tiene prohibido por contrato vender cualquiera de los datos recopilados en nuestro nombre.<\/p><p>Para obtener m\u00e1s detalles, consulte la secci\u00f3n &#8220;acerca de Hotjar&#8221; del sitio de\u00a0<span style=\"color: #e42212;\"><a style=\"color: #e42212;\" href=\"https:\/\/help.hotjar.com\/hc\/en-us\/categories\/115001323967-About-Hotjar\" rel=\"nofollow noopener\" target=\"_blank\">asistencia de Hotjar<\/a>\u00a0<\/span>(en ingl\u00e9s).<\/p><h3>Revocaci\u00f3n y eliminaci\u00f3n de cookies<\/h3><p>Usted puede permitir, bloquear o eliminar las cookies instaladas en su equipo mediante la configuraci\u00f3n de las opciones del navegador<br \/>instalado en su ordenador, en caso que no permita la instalaci\u00f3n de cookies en su navegador es posible que no pueda acceder a alguna de<br \/>las secciones de nuestra web.<\/p><p>Para conocer c\u00f3mo administrar cookies en el navegador, por favor visite los enlaces siguientes:<\/p><p>Firefox desde\u00a0<span style=\"color: #e42212;\"><a style=\"color: #e42212;\" href=\"http:\/\/support.mozilla.org\/es\/kb\/habilitar-y-deshabilitar-cookies-que-los-sitios-we\" target=\"_blank\" rel=\"noopener nofollow\">http:\/\/support.mozilla.org\/es\/kb\/habilitar-y-deshabilitar-cookies-que-los-sitios-we<\/a><\/span><br \/>Chrome desde\u00a0<span style=\"color: #e42212;\"><a style=\"color: #e42212;\" href=\"http:\/\/support.google.com\/chrome\/bin\/answer.py?hl=es&amp;answer=95647\" target=\"_blank\" rel=\"noopener nofollow\">http:\/\/support.google.com\/chrome\/bin\/answer.py?hl=es&amp;answer=95647<\/a><\/span><br \/>Explorer desde\u00a0<span style=\"color: #e42212;\"><a style=\"color: #e42212;\" href=\"http:\/\/windows.microsoft.com\/es-es\/windows7\/how-to-manage-cookies-in-internet-explorer-9\" target=\"_blank\" rel=\"noopener nofollow\">http:\/\/windows.microsoft.com\/es-es\/windows7\/how-to-manage-cookies-in-internet-explorer-9<\/a><\/span><br \/>Safari desde\u00a0<span style=\"color: #e42212;\"><a style=\"color: #e42212;\" href=\"http:\/\/support.apple.com\/kb\/ph5042\" target=\"_blank\" rel=\"noopener nofollow\">http:\/\/support.apple.com\/kb\/ph5042<\/a><\/span><\/p><p>Adem\u00e1s, si desea m\u00e1s informaci\u00f3n sobre qu\u00e9 uso hacemos de las cookies, env\u00edenos un e-mail a:\u00a0<span style=\"color: #e42212;\"><a style=\"color: #e42212;\" href=\"mailto:fe@fagorelectronica.com\">fe@fagorelectronica.com<\/a><\/span><\/p>\t\t\t\t\t\t\t\t<\/div>\n\t\t\t\t<\/div>\n\t\t\t\t<\/div>\n\t\t\t\t<\/div>\n\t\t\t\t<\/div>\n\t\t<div class=\"elementor-element elementor-element-690df44 e-flex e-con-boxed e-con e-parent\" data-id=\"690df44\" data-element_type=\"container\">\n\t\t\t\t\t<div class=\"e-con-inner\">\n\t\t\t\t<div class=\"elementor-element elementor-element-18b6635 elementor-widget elementor-widget-spacer\" data-id=\"18b6635\" data-element_type=\"widget\" data-widget_type=\"spacer.default\">\n\t\t\t\t<div class=\"elementor-widget-container\">\n\t\t\t\t\t\t\t<div class=\"elementor-spacer\">\n\t\t\t<div class=\"elementor-spacer-inner\"><\/div>\n\t\t<\/div>\n\t\t\t\t\t\t<\/div>\n\t\t\t\t<\/div>\n\t\t\t\t\t<\/div>\n\t\t\t\t<\/div>\n\t\t\t\t<\/div>\n\t\t","protected":false},"excerpt":{"rendered":"<p>Pol\u00edtica de cookies Definici\u00f3n y funci\u00f3n de las cookies Una cookie es un fichero que se descarga en su ordenador al acceder a determinadas p\u00e1ginas web. Las cookies permiten a una p\u00e1gina web, entre otras cosas, almacenar y recuperar informaci\u00f3n sobre los h\u00e1bitos de navegaci\u00f3n de un usuario o de su equipo y, dependiendo de [&hellip;]<\/p>\n","protected":false},"author":1,"featured_media":0,"parent":0,"menu_order":0,"comment_status":"closed","ping_status":"closed","template":"","meta":{"_acf_changed":false,"inline_featured_image":false,"footnotes":""},"class_list":["post-6294","page","type-page","status-publish","hentry"],"acf":[],"_links":{"self":[{"href":"https:\/\/www.fagorsmartdata.com\/la\/wp-json\/wp\/v2\/pages\/6294","targetHints":{"allow":["GET"]}}],"collection":[{"href":"https:\/\/www.fagorsmartdata.com\/la\/wp-json\/wp\/v2\/pages"}],"about":[{"href":"https:\/\/www.fagorsmartdata.com\/la\/wp-json\/wp\/v2\/types\/page"}],"author":[{"embeddable":true,"href":"https:\/\/www.fagorsmartdata.com\/la\/wp-json\/wp\/v2\/users\/1"}],"replies":[{"embeddable":true,"href":"https:\/\/www.fagorsmartdata.com\/la\/wp-json\/wp\/v2\/comments?post=6294"}],"version-history":[{"count":1,"href":"https:\/\/www.fagorsmartdata.com\/la\/wp-json\/wp\/v2\/pages\/6294\/revisions"}],"predecessor-version":[{"id":93469,"href":"https:\/\/www.fagorsmartdata.com\/la\/wp-json\/wp\/v2\/pages\/6294\/revisions\/93469"}],"wp:attachment":[{"href":"https:\/\/www.fagorsmartdata.com\/la\/wp-json\/wp\/v2\/media?parent=6294"}],"curies":[{"name":"wp","href":"https:\/\/api.w.org\/{rel}","templated":true}]}}