{"id":6333,"date":"2023-05-04T12:56:59","date_gmt":"2023-05-04T10:56:59","guid":{"rendered":"https:\/\/wordpress-441303-3454160.cloudwaysapps.com\/productos\/"},"modified":"2026-01-07T16:58:21","modified_gmt":"2026-01-07T15:58:21","slug":"productos","status":"publish","type":"page","link":"https:\/\/www.fagorsmartdata.com\/la\/productos\/","title":{"rendered":"Productos"},"content":{"rendered":"\t\t<div data-elementor-type=\"wp-page\" data-elementor-id=\"6333\" class=\"elementor elementor-6333 elementor-1921\" data-elementor-post-type=\"page\">\n\t\t\t\t<div class=\"elementor-element elementor-element-65630ad e-con-full e-flex e-con e-parent\" data-id=\"65630ad\" data-element_type=\"container\" data-settings=\"{&quot;background_background&quot;:&quot;classic&quot;}\">\n\t\t<div class=\"elementor-element elementor-element-9891f2e e-con-full e-flex e-con e-child\" data-id=\"9891f2e\" data-element_type=\"container\" data-settings=\"{&quot;background_background&quot;:&quot;classic&quot;}\">\n\t\t<div class=\"elementor-element elementor-element-d8d8f44 e-con-full e-flex e-con e-child\" data-id=\"d8d8f44\" data-element_type=\"container\">\n\t\t<div class=\"elementor-element elementor-element-5ae3383 e-con-full e-flex e-con e-child\" data-id=\"5ae3383\" data-element_type=\"container\">\n\t\t\t\t<div class=\"elementor-element elementor-element-216adb4 elementor-widget__width-inherit elementor-widget elementor-widget-heading\" data-id=\"216adb4\" data-element_type=\"widget\" data-widget_type=\"heading.default\">\n\t\t\t\t<div class=\"elementor-widget-container\">\n\t\t\t\t\t<h1 class=\"elementor-heading-title elementor-size-default\">Las 2 mejores Plataformas para la gesti\u00f3n de veh\u00edculos<\/h1>\t\t\t\t<\/div>\n\t\t\t\t<\/div>\n\t\t\t\t<\/div>\n\t\t<div class=\"elementor-element elementor-element-2107a2b e-con-full e-flex e-con e-child\" data-id=\"2107a2b\" data-element_type=\"container\">\n\t\t\t\t<div class=\"elementor-element elementor-element-79b794f elementor-widget__width-inherit elementor-widget elementor-widget-heading\" data-id=\"79b794f\" data-element_type=\"widget\" data-widget_type=\"heading.default\">\n\t\t\t\t<div class=\"elementor-widget-container\">\n\t\t\t\t\t<h2 class=\"elementor-heading-title elementor-size-default\">Servicios globales conectados para la localizaci\u00f3n y toma de decisiones<\/h2>\t\t\t\t<\/div>\n\t\t\t\t<\/div>\n\t\t\t\t<\/div>\n\t\t\t\t<\/div>\n\t\t\t\t<\/div>\n\t\t\t\t<\/div>\n\t\t<div class=\"elementor-element elementor-element-52009f7 e-flex e-con-boxed e-con e-parent\" data-id=\"52009f7\" data-element_type=\"container\">\n\t\t\t\t\t<div class=\"e-con-inner\">\n\t\t\t\t<div class=\"elementor-element elementor-element-10799da elementor-widget elementor-widget-spacer\" data-id=\"10799da\" data-element_type=\"widget\" data-widget_type=\"spacer.default\">\n\t\t\t\t<div class=\"elementor-widget-container\">\n\t\t\t\t\t\t\t<div class=\"elementor-spacer\">\n\t\t\t<div class=\"elementor-spacer-inner\"><\/div>\n\t\t<\/div>\n\t\t\t\t\t\t<\/div>\n\t\t\t\t<\/div>\n\t\t\t\t\t<\/div>\n\t\t\t\t<\/div>\n\t\t<div class=\"elementor-element elementor-element-d82f6d3 e-con-full e-flex e-con e-parent\" data-id=\"d82f6d3\" data-element_type=\"container\">\n\t\t<div class=\"elementor-element elementor-element-01d0611 e-con-full e-flex e-con e-child\" data-id=\"01d0611\" data-element_type=\"container\">\n\t\t<div class=\"elementor-element elementor-element-6aab836 e-con-full e-flex e-con e-child\" data-id=\"6aab836\" data-element_type=\"container\">\n\t\t\t\t<\/div>\n\t\t<div class=\"elementor-element elementor-element-f4da8b4 e-con-full e-flex e-con e-child\" data-id=\"f4da8b4\" data-element_type=\"container\">\n\t\t\t\t<div class=\"elementor-element elementor-element-afc3f0c elementor-widget-mobile__width-inherit elementor-widget elementor-widget-heading\" data-id=\"afc3f0c\" data-element_type=\"widget\" data-widget_type=\"heading.default\">\n\t\t\t\t<div class=\"elementor-widget-container\">\n\t\t\t\t\t<h2 class=\"elementor-heading-title elementor-size-default\">Ya sea una flota de veh\u00edculos, una mercanc\u00eda, o conocer la informaci\u00f3n que circula por el veh\u00edculo, Fagor Electr\u00f3nica te ofrece una soluci\u00f3n \u00f3ptima para cada negocio, totalmente adaptada a sus necesidades. \u00bfQuieres conocernos?<\/h2>\t\t\t\t<\/div>\n\t\t\t\t<\/div>\n\t\t\t\t<\/div>\n\t\t\t\t<\/div>\n\t\t\t\t<\/div>\n\t\t<div class=\"elementor-element elementor-element-744684f e-con-full e-flex e-con e-parent\" data-id=\"744684f\" data-element_type=\"container\">\n\t\t\t\t<div class=\"elementor-element elementor-element-b8eef8d elementor-widget elementor-widget-spacer\" data-id=\"b8eef8d\" data-element_type=\"widget\" data-widget_type=\"spacer.default\">\n\t\t\t\t<div class=\"elementor-widget-container\">\n\t\t\t\t\t\t\t<div class=\"elementor-spacer\">\n\t\t\t<div class=\"elementor-spacer-inner\"><\/div>\n\t\t<\/div>\n\t\t\t\t\t\t<\/div>\n\t\t\t\t<\/div>\n\t\t\t\t<div class=\"elementor-element elementor-element-e093895 elementor-widget-divider--view-line elementor-widget elementor-widget-divider\" data-id=\"e093895\" data-element_type=\"widget\" data-widget_type=\"divider.default\">\n\t\t\t\t<div class=\"elementor-widget-container\">\n\t\t\t\t\t\t\t<div class=\"elementor-divider\">\n\t\t\t<span class=\"elementor-divider-separator\">\n\t\t\t\t\t\t<\/span>\n\t\t<\/div>\n\t\t\t\t\t\t<\/div>\n\t\t\t\t<\/div>\n\t\t\t\t<div class=\"elementor-element elementor-element-32e6079 elementor-widget elementor-widget-spacer\" data-id=\"32e6079\" data-element_type=\"widget\" data-widget_type=\"spacer.default\">\n\t\t\t\t<div class=\"elementor-widget-container\">\n\t\t\t\t\t\t\t<div class=\"elementor-spacer\">\n\t\t\t<div class=\"elementor-spacer-inner\"><\/div>\n\t\t<\/div>\n\t\t\t\t\t\t<\/div>\n\t\t\t\t<\/div>\n\t\t\t\t<\/div>\n\t\t<div class=\"elementor-element elementor-element-aca752c e-con-full e-flex e-con e-parent\" data-id=\"aca752c\" data-element_type=\"container\">\n\t\t<div class=\"elementor-element elementor-element-552e7a9 e-con-full e-flex e-con e-child\" data-id=\"552e7a9\" data-element_type=\"container\">\n\t\t<div class=\"elementor-element elementor-element-55d10d6 e-con-full e-flex e-con e-child\" data-id=\"55d10d6\" data-element_type=\"container\">\n\t\t\t\t<div class=\"elementor-element elementor-element-b0bcd36 elementor-widget elementor-widget-image\" data-id=\"b0bcd36\" data-element_type=\"widget\" data-widget_type=\"image.default\">\n\t\t\t\t<div class=\"elementor-widget-container\">\n\t\t\t\t\t\t\t\t\t\t\t\t\t\t\t<img src=\"https:\/\/www.fagorsmartdata.com\/wp-content\/uploads\/2023\/07\/yellow-heavy-truck-driving-on-the-highway-2021-11-12-22-24-18-utc-scaled-1.jpg\" title=\"Flotasnet-solucion\" alt=\"Flotasnet-solucion\" loading=\"lazy\" \/>\t\t\t\t\t\t\t\t\t\t\t\t\t\t\t<\/div>\n\t\t\t\t<\/div>\n\t\t\t\t<div class=\"elementor-element elementor-element-c7b4ba4 elementor-widget elementor-widget-image\" data-id=\"c7b4ba4\" data-element_type=\"widget\" data-widget_type=\"image.default\">\n\t\t\t\t<div class=\"elementor-widget-container\">\n\t\t\t\t\t\t\t\t\t\t\t\t\t\t\t\t<a href=\"\/es\/flotasnet\/\">\n\t\t\t\t\t\t\t<img src=\"https:\/\/www.fagorsmartdata.com\/wp-content\/uploads\/2023\/05\/fag_flotasnet.svg\" title=\"fag_flotasnet\" alt=\"fag_flotasnet\" loading=\"lazy\" \/>\t\t\t\t\t\t\t\t<\/a>\n\t\t\t\t\t\t\t\t\t\t\t\t\t\t\t<\/div>\n\t\t\t\t<\/div>\n\t\t\t\t<div class=\"elementor-element elementor-element-93df53c elementor-widget elementor-widget-text-editor\" data-id=\"93df53c\" data-element_type=\"widget\" data-widget_type=\"text-editor.default\">\n\t\t\t\t<div class=\"elementor-widget-container\">\n\t\t\t\t\t\t\t\t\t<div class=\"page\" title=\"Page 15\"><div class=\"section\"><div class=\"layoutArea\"><div class=\"column\"><div class=\"page\" title=\"Page 18\"><div class=\"section\"><div class=\"layoutArea\"><div class=\"column\"><p>Nuestra plataforma web creada y disen\u0303ada para profesionales que necesitan informacio\u0301n para el control, gestio\u0301n y optimizacio\u0301n de sus flotas de transporte mediante localizador GPS.<\/p><\/div><\/div><\/div><\/div><\/div><\/div><\/div><\/div>\t\t\t\t\t\t\t\t<\/div>\n\t\t\t\t<\/div>\n\t\t\t\t<div class=\"elementor-element elementor-element-c11b992 elementor-widget elementor-widget-button\" data-id=\"c11b992\" data-element_type=\"widget\" data-widget_type=\"button.default\">\n\t\t\t\t<div class=\"elementor-widget-container\">\n\t\t\t\t\t\t\t\t\t<div class=\"elementor-button-wrapper\">\n\t\t\t\t\t<a class=\"elementor-button elementor-button-link elementor-size-sm\" href=\"\/es\/flotasnet\/\">\n\t\t\t\t\t\t<span class=\"elementor-button-content-wrapper\">\n\t\t\t\t\t\t<span class=\"elementor-button-icon\">\n\t\t\t\t<svg xmlns=\"http:\/\/www.w3.org\/2000\/svg\" xmlns:xlink=\"http:\/\/www.w3.org\/1999\/xlink\" width=\"12.519\" height=\"11.5\" viewBox=\"0 0 12.519 11.5\"><defs><clipPath id=\"clip-path\"><path id=\"Trazado_18\" data-name=\"Trazado 18\" d=\"M0,0H12.519V-11.5H0Z\" transform=\"translate(0 11.5)\" fill=\"none\"><\/path><\/clipPath><\/defs><g id=\"Grupo_890\" data-name=\"Grupo 890\" transform=\"translate(0 0)\"><g id=\"Grupo_21\" data-name=\"Grupo 21\" transform=\"translate(0 0)\" clip-path=\"url(#clip-path)\"><g id=\"Grupo_19\" data-name=\"Grupo 19\" transform=\"translate(6.459 0.75)\"><path id=\"Trazado_16\" data-name=\"Trazado 16\" d=\"M0,0,5,5,0,10\" fill=\"none\" stroke=\"#e42212\" stroke-linecap=\"round\" stroke-width=\"1.5\"><\/path><\/g><g id=\"Grupo_20\" data-name=\"Grupo 20\" transform=\"translate(0.75 5.75)\"><path id=\"Trazado_17\" data-name=\"Trazado 17\" d=\"M0,0H9\" fill=\"none\" stroke=\"#e42212\" stroke-linecap=\"round\" stroke-width=\"1.5\"><\/path><\/g><\/g><\/g><\/svg>\t\t\t<\/span>\n\t\t\t\t\t\t\t\t\t<span class=\"elementor-button-text\">M\u00e1s informaci\u00f3n<\/span>\n\t\t\t\t\t<\/span>\n\t\t\t\t\t<\/a>\n\t\t\t\t<\/div>\n\t\t\t\t\t\t\t\t<\/div>\n\t\t\t\t<\/div>\n\t\t\t\t<\/div>\n\t\t<div class=\"elementor-element elementor-element-c0bde72 e-con-full e-flex e-con e-child\" data-id=\"c0bde72\" data-element_type=\"container\">\n\t\t\t\t<div class=\"elementor-element elementor-element-28283ee elementor-widget elementor-widget-image\" data-id=\"28283ee\" data-element_type=\"widget\" data-widget_type=\"image.default\">\n\t\t\t\t<div class=\"elementor-widget-container\">\n\t\t\t\t\t\t\t\t\t\t\t\t\t\t\t\t<a href=\"\/es\/smartdatacar\/\">\n\t\t\t\t\t\t\t<img fetchpriority=\"high\" width=\"768\" height=\"385\" src=\"https:\/\/www.fagorsmartdata.com\/wp-content\/uploads\/2023\/07\/smartdatacar_cabecera-copia-1024x513-1-768x385.jpg\" class=\"attachment-medium_large size-medium_large wp-image-91994\" alt=\"\" \/>\t\t\t\t\t\t\t\t<\/a>\n\t\t\t\t\t\t\t\t\t\t\t\t\t\t\t<\/div>\n\t\t\t\t<\/div>\n\t\t\t\t<div class=\"elementor-element elementor-element-1c03c87 elementor-widget elementor-widget-image\" data-id=\"1c03c87\" data-element_type=\"widget\" data-widget_type=\"image.default\">\n\t\t\t\t<div class=\"elementor-widget-container\">\n\t\t\t\t\t\t\t\t\t\t\t\t\t\t\t\t<a href=\"\/es\/smartdatacar\/\">\n\t\t\t\t\t\t\t<img src=\"https:\/\/www.fagorsmartdata.com\/wp-content\/uploads\/2023\/05\/Smartdata-Car-Horizontal.svg\" title=\"Smartdata Car Horizontal\" alt=\"Smartdata Car Horizontal\" loading=\"lazy\" \/>\t\t\t\t\t\t\t\t<\/a>\n\t\t\t\t\t\t\t\t\t\t\t\t\t\t\t<\/div>\n\t\t\t\t<\/div>\n\t\t\t\t<div class=\"elementor-element elementor-element-128d7e4 elementor-widget elementor-widget-text-editor\" data-id=\"128d7e4\" data-element_type=\"widget\" data-widget_type=\"text-editor.default\">\n\t\t\t\t<div class=\"elementor-widget-container\">\n\t\t\t\t\t\t\t\t\t<div class=\"page\" title=\"Page 15\"><div class=\"section\"><div class=\"layoutArea\"><div class=\"column\"><div class=\"page\" title=\"Page 18\"><div class=\"section\"><div class=\"layoutArea\"><div class=\"column\"><p>La plataforma perfecta para fabricantes de coches, vehi\u0301culos, concesionarios, empresas de renting, mantenimiento&#8230;. en definitiva, para todos aquellos que quieren gestionar los datos del vehi\u0301culo gracias al sistema telema\u0301tico.<\/p><\/div><\/div><\/div><\/div><\/div><\/div><\/div><\/div>\t\t\t\t\t\t\t\t<\/div>\n\t\t\t\t<\/div>\n\t\t\t\t<div class=\"elementor-element elementor-element-561dd6b elementor-widget elementor-widget-button\" data-id=\"561dd6b\" data-element_type=\"widget\" data-widget_type=\"button.default\">\n\t\t\t\t<div class=\"elementor-widget-container\">\n\t\t\t\t\t\t\t\t\t<div class=\"elementor-button-wrapper\">\n\t\t\t\t\t<a class=\"elementor-button elementor-button-link elementor-size-sm\" href=\"\/es\/smartdatacar\/\">\n\t\t\t\t\t\t<span class=\"elementor-button-content-wrapper\">\n\t\t\t\t\t\t<span class=\"elementor-button-icon\">\n\t\t\t\t<svg xmlns=\"http:\/\/www.w3.org\/2000\/svg\" xmlns:xlink=\"http:\/\/www.w3.org\/1999\/xlink\" width=\"12.519\" height=\"11.5\" viewBox=\"0 0 12.519 11.5\"><defs><clipPath id=\"clip-path\"><path id=\"Trazado_18\" data-name=\"Trazado 18\" d=\"M0,0H12.519V-11.5H0Z\" transform=\"translate(0 11.5)\" fill=\"none\"><\/path><\/clipPath><\/defs><g id=\"Grupo_890\" data-name=\"Grupo 890\" transform=\"translate(0 0)\"><g id=\"Grupo_21\" data-name=\"Grupo 21\" transform=\"translate(0 0)\" clip-path=\"url(#clip-path)\"><g id=\"Grupo_19\" data-name=\"Grupo 19\" transform=\"translate(6.459 0.75)\"><path id=\"Trazado_16\" data-name=\"Trazado 16\" d=\"M0,0,5,5,0,10\" fill=\"none\" stroke=\"#e42212\" stroke-linecap=\"round\" stroke-width=\"1.5\"><\/path><\/g><g id=\"Grupo_20\" data-name=\"Grupo 20\" transform=\"translate(0.75 5.75)\"><path id=\"Trazado_17\" data-name=\"Trazado 17\" d=\"M0,0H9\" fill=\"none\" stroke=\"#e42212\" stroke-linecap=\"round\" stroke-width=\"1.5\"><\/path><\/g><\/g><\/g><\/svg>\t\t\t<\/span>\n\t\t\t\t\t\t\t\t\t<span class=\"elementor-button-text\">M\u00e1s informaci\u00f3n<\/span>\n\t\t\t\t\t<\/span>\n\t\t\t\t\t<\/a>\n\t\t\t\t<\/div>\n\t\t\t\t\t\t\t\t<\/div>\n\t\t\t\t<\/div>\n\t\t\t\t<\/div>\n\t\t\t\t<\/div>\n\t\t\t\t<\/div>\n\t\t<div class=\"elementor-element elementor-element-95dc4d3 e-flex e-con-boxed e-con e-parent\" data-id=\"95dc4d3\" data-element_type=\"container\">\n\t\t\t\t\t<div class=\"e-con-inner\">\n\t\t\t\t<div class=\"elementor-element elementor-element-c134daf elementor-widget elementor-widget-spacer\" data-id=\"c134daf\" data-element_type=\"widget\" data-widget_type=\"spacer.default\">\n\t\t\t\t<div class=\"elementor-widget-container\">\n\t\t\t\t\t\t\t<div class=\"elementor-spacer\">\n\t\t\t<div class=\"elementor-spacer-inner\"><\/div>\n\t\t<\/div>\n\t\t\t\t\t\t<\/div>\n\t\t\t\t<\/div>\n\t\t\t\t\t<\/div>\n\t\t\t\t<\/div>\n\t\t<div class=\"elementor-element elementor-element-1ef472e e-flex e-con-boxed e-con e-parent\" data-id=\"1ef472e\" data-element_type=\"container\">\n\t\t\t\t\t<div class=\"e-con-inner\">\n\t\t\t\t<div class=\"elementor-element elementor-element-2af3591 elementor-widget elementor-widget-spacer\" data-id=\"2af3591\" data-element_type=\"widget\" data-widget_type=\"spacer.default\">\n\t\t\t\t<div class=\"elementor-widget-container\">\n\t\t\t\t\t\t\t<div class=\"elementor-spacer\">\n\t\t\t<div class=\"elementor-spacer-inner\"><\/div>\n\t\t<\/div>\n\t\t\t\t\t\t<\/div>\n\t\t\t\t<\/div>\n\t\t\t\t\t<\/div>\n\t\t\t\t<\/div>\n\t\t<div class=\"elementor-element elementor-element-01a606b e-con-full e-flex e-con e-parent\" data-id=\"01a606b\" data-element_type=\"container\" data-settings=\"{&quot;background_background&quot;:&quot;classic&quot;}\">\n\t\t\t\t<div class=\"elementor-element elementor-element-f6e66b0 elementor-widget elementor-widget-heading\" data-id=\"f6e66b0\" data-element_type=\"widget\" data-widget_type=\"heading.default\">\n\t\t\t\t<div class=\"elementor-widget-container\">\n\t\t\t\t\t<h2 class=\"elementor-heading-title elementor-size-default\">\u00bfQuieres saber m\u00e1s de nuestros productos?<\/h2>\t\t\t\t<\/div>\n\t\t\t\t<\/div>\n\t\t\t\t<div class=\"elementor-element elementor-element-31a9758 elementor-widget elementor-widget-text-editor\" data-id=\"31a9758\" data-element_type=\"widget\" data-widget_type=\"text-editor.default\">\n\t\t\t\t<div class=\"elementor-widget-container\">\n\t\t\t\t\t\t\t\t\tRellena el siguiente formulario y te informaremos con la mayor brevedad\t\t\t\t\t\t\t\t<\/div>\n\t\t\t\t<\/div>\n\t\t\t\t<div class=\"elementor-element elementor-element-d23e4f6 elementor-widget elementor-widget-wpforms\" data-id=\"d23e4f6\" data-element_type=\"widget\" data-widget_type=\"wpforms.default\">\n\t\t\t\t<div class=\"elementor-widget-container\">\n\t\t\t\t\t<div class=\"wpforms-container wpforms-container-full\" id=\"wpforms-92947\"><form id=\"wpforms-form-92947\" class=\"wpforms-validate wpforms-form\" data-formid=\"92947\" method=\"post\" enctype=\"multipart\/form-data\" action=\"\/la\/wp-json\/wp\/v2\/pages\/6333\" data-token=\"8a74d4fdac961b51677d974e46adc5f1\"><noscript class=\"wpforms-error-noscript\">Please enable JavaScript in your browser to complete this form.<\/noscript><div class=\"wpforms-field-container\"><div id=\"wpforms-92947-field_1-container\" class=\"wpforms-field wpforms-field-name wpforms-one-half wpforms-first\" data-field-id=\"1\"><label class=\"wpforms-field-label wpforms-label-hide\" for=\"wpforms-92947-field_1\">Nombre <span class=\"wpforms-required-label\">*<\/span><\/label><input type=\"text\" id=\"wpforms-92947-field_1\" class=\"wpforms-field-large wpforms-field-required\" name=\"wpforms[fields][1]\" placeholder=\"Nombre\" required><\/div><div id=\"wpforms-92947-field_2-container\" class=\"wpforms-field wpforms-field-email wpforms-one-half\" data-field-id=\"2\"><label class=\"wpforms-field-label wpforms-label-hide\" for=\"wpforms-92947-field_2\">Correo electr\u00f3nico <span class=\"wpforms-required-label\">*<\/span><\/label><input type=\"email\" id=\"wpforms-92947-field_2\" class=\"wpforms-field-large wpforms-field-required\" name=\"wpforms[fields][2]\" placeholder=\"Correo electr\u00f3nico\" required><\/div><div id=\"wpforms-92947-field_3-container\" class=\"wpforms-field wpforms-field-phone wpforms-one-third wpforms-first\" data-field-id=\"3\"><label class=\"wpforms-field-label wpforms-label-hide\" for=\"wpforms-92947-field_3\">Tel\u00e9fono <span class=\"wpforms-required-label\">*<\/span><\/label><input type=\"tel\" id=\"wpforms-92947-field_3\" class=\"wpforms-field-large wpforms-field-required\" data-rule-int-phone-field=\"true\" name=\"wpforms[fields][3]\" placeholder=\"Tel\u00e9fono\" required><\/div><div id=\"wpforms-92947-field_4-container\" class=\"wpforms-field wpforms-field-text wpforms-one-third\" data-field-id=\"4\"><label class=\"wpforms-field-label wpforms-label-hide\" for=\"wpforms-92947-field_4\">Pa\u00eds <span class=\"wpforms-required-label\">*<\/span><\/label><input type=\"text\" id=\"wpforms-92947-field_4\" class=\"wpforms-field-large wpforms-field-required\" name=\"wpforms[fields][4]\" placeholder=\"Pa\u00eds\" required><\/div><div id=\"wpforms-92947-field_5-container\" class=\"wpforms-field wpforms-field-number wpforms-one-third\" data-field-id=\"5\"><label class=\"wpforms-field-label wpforms-label-hide\" for=\"wpforms-92947-field_5\">N\u00famero de veh\u00edculos<\/label><input type=\"number\" pattern=\"\\d*\" id=\"wpforms-92947-field_5\" class=\"wpforms-field-large\" name=\"wpforms[fields][5]\" placeholder=\"N\u00famero de veh\u00edculos\" ><\/div><div id=\"wpforms-92947-field_6-container\" class=\"wpforms-field wpforms-field-textarea\" data-field-id=\"6\"><label class=\"wpforms-field-label wpforms-label-hide\" for=\"wpforms-92947-field_6\">Observaciones<\/label><textarea id=\"wpforms-92947-field_6\" class=\"wpforms-field-small\" name=\"wpforms[fields][6]\" placeholder=\"Observaciones\" ><\/textarea><\/div><div id=\"wpforms-92947-field_7-container\" class=\"wpforms-field wpforms-field-payment-checkbox\" data-field-id=\"7\"><label class=\"wpforms-field-label wpforms-label-hide\" for=\"wpforms-92947-field_7\">Checkbox Items <span class=\"wpforms-required-label\">*<\/span><\/label><ul id=\"wpforms-92947-field_7\" class=\"wpforms-field-required\"><li class=\"choice-1\"><input type=\"checkbox\" id=\"wpforms-92947-field_7_1\" class=\"wpforms-payment-price\" data-amount=\"0.00\" name=\"wpforms[fields][7][]\" value=\"1\" required ><label class=\"wpforms-field-label-inline\" for=\"wpforms-92947-field_7_1\">He le\u00eddo y acepto la pol\u00edtica de privacidad<\/label><\/li><\/ul><\/div><div id=\"wpforms-92947-field_8-container\" class=\"wpforms-field wpforms-field-html\" data-field-id=\"8\"><div id=\"wpforms-92947-field_8\"><span class=\"modelcondiciones\" onclick=\"location.href='https:\/\/www.fagorsmartdata.com\/es\/aviso-legal\/'\">Ver pol\u00edtica de privacidad<\/span><\/div><\/div><\/div><input type=\"hidden\" name=\"wpforms[recaptcha]\" value=\"\"><div class=\"wpforms-submit-container\" ><input type=\"hidden\" name=\"wpforms[id]\" value=\"92947\"><input type=\"hidden\" name=\"wpforms[author]\" value=\"1\"><button type=\"submit\" name=\"wpforms[submit]\" class=\"wpforms-submit \" id=\"wpforms-submit-92947\" value=\"wpforms-submit\" aria-live=\"assertive\" data-alt-text=\"Enviando...\" data-submit-text=\"Enviar\">Enviar<\/button><\/div><\/form><\/div>  <!-- .wpforms-container -->\t\t\t\t<\/div>\n\t\t\t\t<\/div>\n\t\t\t\t<\/div>\n\t\t<div class=\"elementor-element elementor-element-cfcfc3b e-flex e-con-boxed e-con e-parent\" data-id=\"cfcfc3b\" data-element_type=\"container\">\n\t\t\t\t\t<div class=\"e-con-inner\">\n\t\t\t\t<div class=\"elementor-element elementor-element-f54ef82 elementor-widget elementor-widget-spacer\" data-id=\"f54ef82\" data-element_type=\"widget\" data-widget_type=\"spacer.default\">\n\t\t\t\t<div class=\"elementor-widget-container\">\n\t\t\t\t\t\t\t<div class=\"elementor-spacer\">\n\t\t\t<div class=\"elementor-spacer-inner\"><\/div>\n\t\t<\/div>\n\t\t\t\t\t\t<\/div>\n\t\t\t\t<\/div>\n\t\t\t\t\t<\/div>\n\t\t\t\t<\/div>\n\t\t\t\t<\/div>\n\t\t","protected":false},"excerpt":{"rendered":"<p>Las 2 mejores Plataformas para la gesti\u00f3n de veh\u00edculos Servicios globales conectados para la localizaci\u00f3n y toma de decisiones Ya sea una flota de veh\u00edculos, una mercanc\u00eda, o conocer la informaci\u00f3n que circula por el veh\u00edculo, Fagor Electr\u00f3nica te ofrece una soluci\u00f3n \u00f3ptima para cada negocio, totalmente adaptada a sus necesidades. \u00bfQuieres conocernos? Nuestra plataforma [&hellip;]<\/p>\n","protected":false},"author":1,"featured_media":0,"parent":0,"menu_order":0,"comment_status":"closed","ping_status":"closed","template":"","meta":{"_acf_changed":false,"inline_featured_image":false,"footnotes":""},"class_list":["post-6333","page","type-page","status-publish","hentry"],"acf":[],"_links":{"self":[{"href":"https:\/\/www.fagorsmartdata.com\/la\/wp-json\/wp\/v2\/pages\/6333","targetHints":{"allow":["GET"]}}],"collection":[{"href":"https:\/\/www.fagorsmartdata.com\/la\/wp-json\/wp\/v2\/pages"}],"about":[{"href":"https:\/\/www.fagorsmartdata.com\/la\/wp-json\/wp\/v2\/types\/page"}],"author":[{"embeddable":true,"href":"https:\/\/www.fagorsmartdata.com\/la\/wp-json\/wp\/v2\/users\/1"}],"replies":[{"embeddable":true,"href":"https:\/\/www.fagorsmartdata.com\/la\/wp-json\/wp\/v2\/comments?post=6333"}],"version-history":[{"count":33,"href":"https:\/\/www.fagorsmartdata.com\/la\/wp-json\/wp\/v2\/pages\/6333\/revisions"}],"predecessor-version":[{"id":96960,"href":"https:\/\/www.fagorsmartdata.com\/la\/wp-json\/wp\/v2\/pages\/6333\/revisions\/96960"}],"wp:attachment":[{"href":"https:\/\/www.fagorsmartdata.com\/la\/wp-json\/wp\/v2\/media?parent=6333"}],"curies":[{"name":"wp","href":"https:\/\/api.w.org\/{rel}","templated":true}]}}