{"id":6344,"date":"2023-04-26T15:40:57","date_gmt":"2023-04-26T13:40:57","guid":{"rendered":"https:\/\/wordpress-441303-3454160.cloudwaysapps.com\/kit-digital\/"},"modified":"2024-03-01T16:31:09","modified_gmt":"2024-03-01T15:31:09","slug":"kit-digital","status":"publish","type":"page","link":"https:\/\/www.fagorsmartdata.com\/la\/kit-digital\/","title":{"rendered":"Kit digital"},"content":{"rendered":"\t\t<div data-elementor-type=\"wp-page\" data-elementor-id=\"6344\" class=\"elementor elementor-6344 elementor-1237\" data-elementor-post-type=\"page\">\n\t\t\t\t<div class=\"elementor-element elementor-element-d3016de e-con-full e-flex e-con e-parent\" data-id=\"d3016de\" data-element_type=\"container\">\n\t\t<div class=\"elementor-element elementor-element-45200cd e-con-full e-flex e-con e-parent\" data-id=\"45200cd\" data-element_type=\"container\" data-settings=\"{&quot;background_background&quot;:&quot;classic&quot;}\">\n\t\t<div class=\"elementor-element elementor-element-e324ace e-con-full e-flex e-con e-parent\" data-id=\"e324ace\" data-element_type=\"container\">\n\t\t<div class=\"elementor-element elementor-element-fc7108b e-con-full e-flex e-con e-parent\" data-id=\"fc7108b\" data-element_type=\"container\">\n\t\t\t\t<div class=\"elementor-element elementor-element-a521857 elementor-widget elementor-widget-heading\" data-id=\"a521857\" data-element_type=\"widget\" data-widget_type=\"heading.default\">\n\t\t\t\t<div class=\"elementor-widget-container\">\n\t\t\t\t\t<h1 class=\"elementor-heading-title elementor-size-default\">Kit digital<\/h1>\t\t\t\t<\/div>\n\t\t\t\t<\/div>\n\t\t\t\t<\/div>\n\t\t\t\t<\/div>\n\t\t\t\t<\/div>\n\t\t\t\t<\/div>\n\t\t<div class=\"elementor-element elementor-element-2ced6fd e-flex e-con-boxed e-con e-parent\" data-id=\"2ced6fd\" data-element_type=\"container\">\n\t\t\t\t\t<div class=\"e-con-inner\">\n\t\t\t\t<div class=\"elementor-element elementor-element-91465f3 elementor-widget elementor-widget-spacer\" data-id=\"91465f3\" data-element_type=\"widget\" data-widget_type=\"spacer.default\">\n\t\t\t\t<div class=\"elementor-widget-container\">\n\t\t\t\t\t\t\t<div class=\"elementor-spacer\">\n\t\t\t<div class=\"elementor-spacer-inner\"><\/div>\n\t\t<\/div>\n\t\t\t\t\t\t<\/div>\n\t\t\t\t<\/div>\n\t\t\t\t\t<\/div>\n\t\t\t\t<\/div>\n\t\t<div class=\"elementor-element elementor-element-95e85af e-con-full e-flex e-con e-parent\" data-id=\"95e85af\" data-element_type=\"container\">\n\t\t\t\t<div class=\"elementor-element elementor-element-2d6ce5e elementor-widget__width-initial elementor-widget elementor-widget-heading\" data-id=\"2d6ce5e\" data-element_type=\"widget\" data-widget_type=\"heading.default\">\n\t\t\t\t<div class=\"elementor-widget-container\">\n\t\t\t\t\t<h2 class=\"elementor-heading-title elementor-size-default\">Programa Kit Digital cofinanciado por los fondos next generation (EU) del mecanismo de recuperaci\u00f3n\ny resilencia.<\/h2>\t\t\t\t<\/div>\n\t\t\t\t<\/div>\n\t\t\t\t<div class=\"elementor-element elementor-element-13f6e67 elementor-widget__width-initial elementor-widget elementor-widget-image\" data-id=\"13f6e67\" data-element_type=\"widget\" data-widget_type=\"image.default\">\n\t\t\t\t<div class=\"elementor-widget-container\">\n\t\t\t\t\t\t\t\t\t\t\t\t\t\t\t<img fetchpriority=\"high\" width=\"1024\" height=\"74\" src=\"https:\/\/www.fagorsmartdata.com\/wp-content\/uploads\/2023\/04\/kit-digital-logos-e1682580075636-1024x74.png\" class=\"attachment-large size-large wp-image-1262\" alt=\"\" srcset=\"https:\/\/www.fagorsmartdata.com\/wp-content\/uploads\/2023\/04\/kit-digital-logos-e1682580075636-1024x74.png 1024w, https:\/\/www.fagorsmartdata.com\/wp-content\/uploads\/2023\/04\/kit-digital-logos-e1682580075636-300x22.png 300w, https:\/\/www.fagorsmartdata.com\/wp-content\/uploads\/2023\/04\/kit-digital-logos-e1682580075636-768x56.png 768w, https:\/\/www.fagorsmartdata.com\/wp-content\/uploads\/2023\/04\/kit-digital-logos-e1682580075636-1536x111.png 1536w, https:\/\/www.fagorsmartdata.com\/wp-content\/uploads\/2023\/04\/kit-digital-logos-e1682580075636.png 1850w\" sizes=\"(max-width: 1024px) 100vw, 1024px\" \/>\t\t\t\t\t\t\t\t\t\t\t\t\t\t\t<\/div>\n\t\t\t\t<\/div>\n\t\t\t\t<\/div>\n\t\t<div class=\"elementor-element elementor-element-521a2ac e-flex e-con-boxed e-con e-parent\" data-id=\"521a2ac\" data-element_type=\"container\">\n\t\t\t\t\t<div class=\"e-con-inner\">\n\t\t\t\t<div class=\"elementor-element elementor-element-0d2736b elementor-widget elementor-widget-spacer\" data-id=\"0d2736b\" data-element_type=\"widget\" data-widget_type=\"spacer.default\">\n\t\t\t\t<div class=\"elementor-widget-container\">\n\t\t\t\t\t\t\t<div class=\"elementor-spacer\">\n\t\t\t<div class=\"elementor-spacer-inner\"><\/div>\n\t\t<\/div>\n\t\t\t\t\t\t<\/div>\n\t\t\t\t<\/div>\n\t\t\t\t\t<\/div>\n\t\t\t\t<\/div>\n\t\t<div class=\"elementor-element elementor-element-0deb6ec e-con-full e-flex e-con e-parent\" data-id=\"0deb6ec\" data-element_type=\"container\">\n\t\t<div class=\"elementor-element elementor-element-e1624b2 e-con-full e-flex e-con e-parent\" data-id=\"e1624b2\" data-element_type=\"container\">\n\t\t\t\t<div class=\"elementor-element elementor-element-a2e09ee elementor-widget elementor-widget-heading\" data-id=\"a2e09ee\" data-element_type=\"widget\" data-widget_type=\"heading.default\">\n\t\t\t\t<div class=\"elementor-widget-container\">\n\t\t\t\t\t<h2 class=\"elementor-heading-title elementor-size-default\">\u00bfQu\u00e9 es el programa Kit Digital?<\/h2>\t\t\t\t<\/div>\n\t\t\t\t<\/div>\n\t\t\t\t<div class=\"elementor-element elementor-element-75f415f elementor-widget elementor-widget-text-editor\" data-id=\"75f415f\" data-element_type=\"widget\" data-widget_type=\"text-editor.default\">\n\t\t\t\t<div class=\"elementor-widget-container\">\n\t\t\t\t\t\t\t\t\t<p>El programa Kit Digital es una iniciativa del Gobierno de Espan\u0303a, que tiene por objetivo subvencionar la implantacio\u0301n de soluciones digitales. Esta\u0301 dirigido a pequen\u0303as empresas, microempresas y trabajadores auto\u0301nomos que pertenezcan a cualquier sector o tipologi\u0301a de negocio.<\/p><p>\u00a0<\/p><p>Este programa financiado por la Unio\u0301n Europea con un presupuesto de ma\u0301s de 3.000 millones de euros a trave\u0301s de los fondos Next Generation, permitira\u0301 la adquisicio\u0301n e implantacio\u0301n masiva de soluciones de digitalizacio\u0301n. Puedes consultar toda la informacio\u0301n en la web oficial:<\/p><p>\u00a0<\/p><p><span style=\"color: #e42212;\"><a style=\"color: #e42212;\" href=\"https:\/\/www.acelerapyme.es\/kit-digital\" target=\"_blank\" rel=\"noopener nofollow\">https:\/\/www.acelerapyme.es\/kit-digital<\/a><\/span><\/p>\t\t\t\t\t\t\t\t<\/div>\n\t\t\t\t<\/div>\n\t\t\t\t<\/div>\n\t\t<div class=\"elementor-element elementor-element-456bf29 e-con-full e-flex e-con e-parent\" data-id=\"456bf29\" data-element_type=\"container\">\n\t\t\t\t<div class=\"elementor-element elementor-element-385e8a3 elementor-widget elementor-widget-heading\" data-id=\"385e8a3\" data-element_type=\"widget\" data-widget_type=\"heading.default\">\n\t\t\t\t<div class=\"elementor-widget-container\">\n\t\t\t\t\t<h2 class=\"elementor-heading-title elementor-size-default\">Packs de Soluciones Digitales por Categor\u00edas<\/h2>\t\t\t\t<\/div>\n\t\t\t\t<\/div>\n\t\t\t\t<div class=\"elementor-element elementor-element-49f0a46 elementor-widget elementor-widget-text-editor\" data-id=\"49f0a46\" data-element_type=\"widget\" data-widget_type=\"text-editor.default\">\n\t\t\t\t<div class=\"elementor-widget-container\">\n\t\t\t\t\t\t\t\t\t<p>En Smart Data Services, como agentes digitalizadores, seremos tu aliado tecnol\u00f3gico en las categor\u00edas de Businesss Intelligence y Anal\u00edtica y Gesti\u00f3n de Procesos.<\/p>\t\t\t\t\t\t\t\t<\/div>\n\t\t\t\t<\/div>\n\t\t\t\t<div class=\"elementor-element elementor-element-af783fb elementor-widget elementor-widget-image\" data-id=\"af783fb\" data-element_type=\"widget\" data-widget_type=\"image.default\">\n\t\t\t\t<div class=\"elementor-widget-container\">\n\t\t\t\t\t\t\t\t\t\t\t\t\t\t\t<img width=\"1024\" height=\"576\" src=\"https:\/\/www.fagorsmartdata.com\/wp-content\/uploads\/2023\/04\/soluciones-digitales-1024x576.png\" class=\"attachment-large size-large wp-image-1276\" alt=\"\" srcset=\"https:\/\/www.fagorsmartdata.com\/wp-content\/uploads\/2023\/04\/soluciones-digitales-1024x576.png 1024w, https:\/\/www.fagorsmartdata.com\/wp-content\/uploads\/2023\/04\/soluciones-digitales-300x169.png 300w, https:\/\/www.fagorsmartdata.com\/wp-content\/uploads\/2023\/04\/soluciones-digitales-768x432.png 768w, https:\/\/www.fagorsmartdata.com\/wp-content\/uploads\/2023\/04\/soluciones-digitales-1536x864.png 1536w, https:\/\/www.fagorsmartdata.com\/wp-content\/uploads\/2023\/04\/soluciones-digitales-2048x1152.png 2048w\" sizes=\"(max-width: 1024px) 100vw, 1024px\" \/>\t\t\t\t\t\t\t\t\t\t\t\t\t\t\t<\/div>\n\t\t\t\t<\/div>\n\t\t\t\t<div class=\"elementor-element elementor-element-e664bed elementor-widget elementor-widget-image\" data-id=\"e664bed\" data-element_type=\"widget\" data-widget_type=\"image.default\">\n\t\t\t\t<div class=\"elementor-widget-container\">\n\t\t\t\t\t\t\t\t\t\t\t\t\t\t\t<img width=\"1024\" height=\"576\" src=\"https:\/\/www.fagorsmartdata.com\/wp-content\/uploads\/2023\/04\/soluciones-digitales-2-1024x576.png\" class=\"attachment-large size-large wp-image-1278\" alt=\"\" srcset=\"https:\/\/www.fagorsmartdata.com\/wp-content\/uploads\/2023\/04\/soluciones-digitales-2-1024x576.png 1024w, https:\/\/www.fagorsmartdata.com\/wp-content\/uploads\/2023\/04\/soluciones-digitales-2-300x169.png 300w, https:\/\/www.fagorsmartdata.com\/wp-content\/uploads\/2023\/04\/soluciones-digitales-2-768x432.png 768w, https:\/\/www.fagorsmartdata.com\/wp-content\/uploads\/2023\/04\/soluciones-digitales-2-1536x864.png 1536w, https:\/\/www.fagorsmartdata.com\/wp-content\/uploads\/2023\/04\/soluciones-digitales-2-2048x1152.png 2048w\" sizes=\"(max-width: 1024px) 100vw, 1024px\" \/>\t\t\t\t\t\t\t\t\t\t\t\t\t\t\t<\/div>\n\t\t\t\t<\/div>\n\t\t\t\t<div class=\"elementor-element elementor-element-ae7c182 elementor-widget elementor-widget-text-editor\" data-id=\"ae7c182\" data-element_type=\"widget\" data-widget_type=\"text-editor.default\">\n\t\t\t\t<div class=\"elementor-widget-container\">\n\t\t\t\t\t\t\t\t\t<p>Te acompa\u00f1aremos de principio a fin durante todo el proceso de transformaci\u00f3n digital. Haremos que tu empresa sea m\u00e1s competitiva ayud\u00e1ndote a tomar decisiones acertadas, gracias a los datos que obtendr\u00e1s con nuestras soluciones de software personalizadas.<br \/><br \/>Para acceder al Kit Digital, el primer paso que tiene que hacer una empresa es realizar un &#8220;test de autodiagn\u00f3stico&#8221;, que eval\u00fae el nivel de digitalizaci\u00f3n de tu negocio. Una vez obtengas los resultados, recibir\u00e1s un bono digital con la cuant\u00eda econ\u00f3mica de la que dispondr\u00e1s para invertirlo en las soluciones digitales que mejor se adapten a tus necesidades.<\/p>\t\t\t\t\t\t\t\t<\/div>\n\t\t\t\t<\/div>\n\t\t\t\t<\/div>\n\t\t<div class=\"elementor-element elementor-element-85eebc3 e-con-full e-flex e-con e-parent\" data-id=\"85eebc3\" data-element_type=\"container\">\n\t\t\t\t<div class=\"elementor-element elementor-element-e07654a elementor-widget elementor-widget-heading\" data-id=\"e07654a\" data-element_type=\"widget\" data-widget_type=\"heading.default\">\n\t\t\t\t<div class=\"elementor-widget-container\">\n\t\t\t\t\t<h2 class=\"elementor-heading-title elementor-size-default\">\u00bfQu\u00e9 pasos tienes que seguir para solicitar tu bono digital?<\/h2>\t\t\t\t<\/div>\n\t\t\t\t<\/div>\n\t\t\t\t<div class=\"elementor-element elementor-element-a6d3538 elementor-widget elementor-widget-text-editor\" data-id=\"a6d3538\" data-element_type=\"widget\" data-widget_type=\"text-editor.default\">\n\t\t\t\t<div class=\"elementor-widget-container\">\n\t\t\t\t\t\t\t\t\t<p>C\u00f3mo solicitar tu bono digital:<\/p><p><span style=\"color: #e42212;\"><strong style=\"font-size: 1rem; font-style: normal; letter-spacing: 0.3px; word-spacing: var( --e-global-typography-241648f-word-spacing ); text-align: var(--text-align);\">1.<\/strong><\/span><span style=\"font-size: 1rem; font-style: normal; font-weight: normal; letter-spacing: 0.3px; word-spacing: var( --e-global-typography-241648f-word-spacing ); text-align: var(--text-align);\"> Reg\u00edstrate en acelerapyme.es y completa el test de autodiagn\u00f3stico que eval\u00fae el nivel de digitalizaci\u00f3n de tu negocio.<\/span><\/p><p><span style=\"color: #e42212;\"><strong>2.<\/strong> <\/span>Consulta el cat\u00e1logo de soluciones digitales.<br \/><span style=\"color: #e42212;\"><strong>3.<\/strong> <\/span>Solicita la ayuda Kit Digital (sede.red.gob.es).<\/p><p>\u00a0<\/p><p>C\u00f3mo emplear tu bono digital:<\/p><p><span style=\"color: #e42212;\"><strong>1.<\/strong> <\/span>Accede al cat\u00e1logo de agentes digitalizadores<br \/><span style=\"color: #e42212;\"><strong>2.<\/strong> <\/span>Ponte en contacto con los agentes digitalizadores<\/p>\t\t\t\t\t\t\t\t<\/div>\n\t\t\t\t<\/div>\n\t\t\t\t<\/div>\n\t\t\t\t<\/div>\n\t\t<div class=\"elementor-element elementor-element-99d47f4 e-flex e-con-boxed e-con e-parent\" data-id=\"99d47f4\" data-element_type=\"container\">\n\t\t\t\t\t<div class=\"e-con-inner\">\n\t\t\t\t<div class=\"elementor-element elementor-element-c0f529e elementor-widget elementor-widget-spacer\" data-id=\"c0f529e\" data-element_type=\"widget\" data-widget_type=\"spacer.default\">\n\t\t\t\t<div class=\"elementor-widget-container\">\n\t\t\t\t\t\t\t<div class=\"elementor-spacer\">\n\t\t\t<div class=\"elementor-spacer-inner\"><\/div>\n\t\t<\/div>\n\t\t\t\t\t\t<\/div>\n\t\t\t\t<\/div>\n\t\t\t\t\t<\/div>\n\t\t\t\t<\/div>\n\t\t<div class=\"elementor-element elementor-element-b7e268e e-con-full e-flex e-con e-parent\" data-id=\"b7e268e\" data-element_type=\"container\" data-settings=\"{&quot;background_background&quot;:&quot;classic&quot;}\">\n\t\t\t\t<div class=\"elementor-element elementor-element-09f8712 elementor-widget elementor-widget-heading\" data-id=\"09f8712\" data-element_type=\"widget\" data-widget_type=\"heading.default\">\n\t\t\t\t<div class=\"elementor-widget-container\">\n\t\t\t\t\t<h2 class=\"elementor-heading-title elementor-size-default\">Si necesitas m\u00e1s informaci\u00f3n,\nponte en contacto con nosotros indicando en observaciones \"kit digital\"<\/h2>\t\t\t\t<\/div>\n\t\t\t\t<\/div>\n\t\t\t\t<div class=\"elementor-element elementor-element-e3630eb elementor-widget elementor-widget-text-editor\" data-id=\"e3630eb\" data-element_type=\"widget\" data-widget_type=\"text-editor.default\">\n\t\t\t\t<div class=\"elementor-widget-container\">\n\t\t\t\t\t\t\t\t\tRellena el siguiente formulario y te informaremos con la mayor brevedad\t\t\t\t\t\t\t\t<\/div>\n\t\t\t\t<\/div>\n\t\t\t\t<div class=\"elementor-element elementor-element-e67967f elementor-widget elementor-widget-wpforms\" data-id=\"e67967f\" data-element_type=\"widget\" data-widget_type=\"wpforms.default\">\n\t\t\t\t<div class=\"elementor-widget-container\">\n\t\t\t\t\t<div class=\"wpforms-container wpforms-container-full\" id=\"wpforms-92947\"><form id=\"wpforms-form-92947\" class=\"wpforms-validate wpforms-form\" data-formid=\"92947\" method=\"post\" enctype=\"multipart\/form-data\" action=\"\/la\/wp-json\/wp\/v2\/pages\/6344\" data-token=\"b20c5ebc47f51d4bc35112df0728a699\"><noscript class=\"wpforms-error-noscript\">Please enable JavaScript in your browser to complete this form.<\/noscript><div class=\"wpforms-field-container\"><div id=\"wpforms-92947-field_1-container\" class=\"wpforms-field wpforms-field-name wpforms-one-half wpforms-first\" data-field-id=\"1\"><label class=\"wpforms-field-label wpforms-label-hide\" for=\"wpforms-92947-field_1\">Nombre <span class=\"wpforms-required-label\">*<\/span><\/label><input type=\"text\" id=\"wpforms-92947-field_1\" class=\"wpforms-field-large wpforms-field-required\" name=\"wpforms[fields][1]\" placeholder=\"Nombre\" required><\/div><div id=\"wpforms-92947-field_2-container\" class=\"wpforms-field wpforms-field-email wpforms-one-half\" data-field-id=\"2\"><label class=\"wpforms-field-label wpforms-label-hide\" for=\"wpforms-92947-field_2\">Correo electr\u00f3nico <span class=\"wpforms-required-label\">*<\/span><\/label><input type=\"email\" id=\"wpforms-92947-field_2\" class=\"wpforms-field-large wpforms-field-required\" name=\"wpforms[fields][2]\" placeholder=\"Correo electr\u00f3nico\" required><\/div><div id=\"wpforms-92947-field_3-container\" class=\"wpforms-field wpforms-field-phone wpforms-one-third wpforms-first\" data-field-id=\"3\"><label class=\"wpforms-field-label wpforms-label-hide\" for=\"wpforms-92947-field_3\">Tel\u00e9fono <span class=\"wpforms-required-label\">*<\/span><\/label><input type=\"tel\" id=\"wpforms-92947-field_3\" class=\"wpforms-field-large wpforms-field-required\" data-rule-int-phone-field=\"true\" name=\"wpforms[fields][3]\" placeholder=\"Tel\u00e9fono\" required><\/div><div id=\"wpforms-92947-field_4-container\" class=\"wpforms-field wpforms-field-text wpforms-one-third\" data-field-id=\"4\"><label class=\"wpforms-field-label wpforms-label-hide\" for=\"wpforms-92947-field_4\">Pa\u00eds <span class=\"wpforms-required-label\">*<\/span><\/label><input type=\"text\" id=\"wpforms-92947-field_4\" class=\"wpforms-field-large wpforms-field-required\" name=\"wpforms[fields][4]\" placeholder=\"Pa\u00eds\" required><\/div><div id=\"wpforms-92947-field_5-container\" class=\"wpforms-field wpforms-field-number wpforms-one-third\" data-field-id=\"5\"><label class=\"wpforms-field-label wpforms-label-hide\" for=\"wpforms-92947-field_5\">N\u00famero de veh\u00edculos<\/label><input type=\"number\" pattern=\"\\d*\" id=\"wpforms-92947-field_5\" class=\"wpforms-field-large\" name=\"wpforms[fields][5]\" placeholder=\"N\u00famero de veh\u00edculos\" ><\/div><div id=\"wpforms-92947-field_6-container\" class=\"wpforms-field wpforms-field-textarea\" data-field-id=\"6\"><label class=\"wpforms-field-label wpforms-label-hide\" for=\"wpforms-92947-field_6\">Observaciones<\/label><textarea id=\"wpforms-92947-field_6\" class=\"wpforms-field-small\" name=\"wpforms[fields][6]\" placeholder=\"Observaciones\" ><\/textarea><\/div><div id=\"wpforms-92947-field_7-container\" class=\"wpforms-field wpforms-field-payment-checkbox\" data-field-id=\"7\"><label class=\"wpforms-field-label wpforms-label-hide\" for=\"wpforms-92947-field_7\">Checkbox Items <span class=\"wpforms-required-label\">*<\/span><\/label><ul id=\"wpforms-92947-field_7\" class=\"wpforms-field-required\"><li class=\"choice-1\"><input type=\"checkbox\" id=\"wpforms-92947-field_7_1\" class=\"wpforms-payment-price\" data-amount=\"0.00\" name=\"wpforms[fields][7][]\" value=\"1\" required ><label class=\"wpforms-field-label-inline\" for=\"wpforms-92947-field_7_1\">He le\u00eddo y acepto la pol\u00edtica de privacidad<\/label><\/li><\/ul><\/div><div id=\"wpforms-92947-field_8-container\" class=\"wpforms-field wpforms-field-html\" data-field-id=\"8\"><div id=\"wpforms-92947-field_8\"><span class=\"modelcondiciones\" onclick=\"location.href='https:\/\/www.fagorsmartdata.com\/es\/aviso-legal\/'\">Ver pol\u00edtica de privacidad<\/span><\/div><\/div><\/div><input type=\"hidden\" name=\"wpforms[recaptcha]\" value=\"\"><div class=\"wpforms-submit-container\" ><input type=\"hidden\" name=\"wpforms[id]\" value=\"92947\"><input type=\"hidden\" name=\"wpforms[author]\" value=\"1\"><button type=\"submit\" name=\"wpforms[submit]\" class=\"wpforms-submit \" id=\"wpforms-submit-92947\" value=\"wpforms-submit\" aria-live=\"assertive\" data-alt-text=\"Enviando...\" data-submit-text=\"Enviar\">Enviar<\/button><\/div><\/form><\/div>  <!-- .wpforms-container -->\t\t\t\t<\/div>\n\t\t\t\t<\/div>\n\t\t\t\t<\/div>\n\t\t<div class=\"elementor-element elementor-element-5eaa015 e-flex e-con-boxed e-con e-parent\" data-id=\"5eaa015\" data-element_type=\"container\">\n\t\t\t\t\t<div class=\"e-con-inner\">\n\t\t\t\t<div class=\"elementor-element elementor-element-55e455d elementor-widget elementor-widget-spacer\" data-id=\"55e455d\" data-element_type=\"widget\" data-widget_type=\"spacer.default\">\n\t\t\t\t<div class=\"elementor-widget-container\">\n\t\t\t\t\t\t\t<div class=\"elementor-spacer\">\n\t\t\t<div class=\"elementor-spacer-inner\"><\/div>\n\t\t<\/div>\n\t\t\t\t\t\t<\/div>\n\t\t\t\t<\/div>\n\t\t\t\t\t<\/div>\n\t\t\t\t<\/div>\n\t\t\t\t<\/div>\n\t\t","protected":false},"excerpt":{"rendered":"<p>Kit digital Programa Kit Digital cofinanciado por los fondos next generation (EU) del mecanismo de recuperaci\u00f3n y resilencia. \u00bfQu\u00e9 es el programa Kit Digital? El programa Kit Digital es una iniciativa del Gobierno de Espan\u0303a, que tiene por objetivo subvencionar la implantacio\u0301n de soluciones digitales. Esta\u0301 dirigido a pequen\u0303as empresas, microempresas y trabajadores auto\u0301nomos que [&hellip;]<\/p>\n","protected":false},"author":1,"featured_media":0,"parent":0,"menu_order":0,"comment_status":"closed","ping_status":"closed","template":"","meta":{"_acf_changed":false,"inline_featured_image":false,"footnotes":""},"class_list":["post-6344","page","type-page","status-publish","hentry"],"acf":[],"_links":{"self":[{"href":"https:\/\/www.fagorsmartdata.com\/la\/wp-json\/wp\/v2\/pages\/6344","targetHints":{"allow":["GET"]}}],"collection":[{"href":"https:\/\/www.fagorsmartdata.com\/la\/wp-json\/wp\/v2\/pages"}],"about":[{"href":"https:\/\/www.fagorsmartdata.com\/la\/wp-json\/wp\/v2\/types\/page"}],"author":[{"embeddable":true,"href":"https:\/\/www.fagorsmartdata.com\/la\/wp-json\/wp\/v2\/users\/1"}],"replies":[{"embeddable":true,"href":"https:\/\/www.fagorsmartdata.com\/la\/wp-json\/wp\/v2\/comments?post=6344"}],"version-history":[{"count":6,"href":"https:\/\/www.fagorsmartdata.com\/la\/wp-json\/wp\/v2\/pages\/6344\/revisions"}],"predecessor-version":[{"id":92978,"href":"https:\/\/www.fagorsmartdata.com\/la\/wp-json\/wp\/v2\/pages\/6344\/revisions\/92978"}],"wp:attachment":[{"href":"https:\/\/www.fagorsmartdata.com\/la\/wp-json\/wp\/v2\/media?parent=6344"}],"curies":[{"name":"wp","href":"https:\/\/api.w.org\/{rel}","templated":true}]}}