{"id":6355,"date":"2023-04-25T14:52:40","date_gmt":"2023-04-25T12:52:40","guid":{"rendered":"https:\/\/wordpress-441303-3454160.cloudwaysapps.com\/hagase-distribuidor\/"},"modified":"2023-06-23T13:18:13","modified_gmt":"2023-06-23T11:18:13","slug":"hagase-distribuidor","status":"publish","type":"page","link":"https:\/\/www.fagorsmartdata.com\/la\/hagase-distribuidor\/","title":{"rendered":"H\u00e1zte partner"},"content":{"rendered":"\t\t<div data-elementor-type=\"wp-page\" data-elementor-id=\"6355\" class=\"elementor elementor-6355 elementor-975\" data-elementor-post-type=\"page\">\n\t\t\t\t<div class=\"elementor-element elementor-element-8b34f4f e-con-full e-flex e-con e-parent\" data-id=\"8b34f4f\" data-element_type=\"container\">\n\t\t<div class=\"elementor-element elementor-element-e5e2a2b e-con-full e-flex e-con e-parent\" data-id=\"e5e2a2b\" data-element_type=\"container\" data-settings=\"{&quot;background_background&quot;:&quot;classic&quot;}\">\n\t\t<div class=\"elementor-element elementor-element-869dd1d e-con-full e-flex e-con e-parent\" data-id=\"869dd1d\" data-element_type=\"container\">\n\t\t<div class=\"elementor-element elementor-element-b690e3a e-con-full e-flex e-con e-parent\" data-id=\"b690e3a\" data-element_type=\"container\">\n\t\t\t\t<div class=\"elementor-element elementor-element-e5ff73a elementor-widget elementor-widget-heading\" data-id=\"e5ff73a\" data-element_type=\"widget\" data-widget_type=\"heading.default\">\n\t\t\t\t<div class=\"elementor-widget-container\">\n\t\t\t\t\t<h1 class=\"elementor-heading-title elementor-size-default\">Hazte partner<\/h1>\t\t\t\t<\/div>\n\t\t\t\t<\/div>\n\t\t\t\t<\/div>\n\t\t\t\t<\/div>\n\t\t\t\t<\/div>\n\t\t\t\t<\/div>\n\t\t<div class=\"elementor-element elementor-element-77ed288 e-flex e-con-boxed e-con e-parent\" data-id=\"77ed288\" data-element_type=\"container\">\n\t\t\t\t\t<div class=\"e-con-inner\">\n\t\t\t\t<div class=\"elementor-element elementor-element-fb858bd elementor-widget elementor-widget-spacer\" data-id=\"fb858bd\" data-element_type=\"widget\" data-widget_type=\"spacer.default\">\n\t\t\t\t<div class=\"elementor-widget-container\">\n\t\t\t\t\t\t\t<div class=\"elementor-spacer\">\n\t\t\t<div class=\"elementor-spacer-inner\"><\/div>\n\t\t<\/div>\n\t\t\t\t\t\t<\/div>\n\t\t\t\t<\/div>\n\t\t\t\t\t<\/div>\n\t\t\t\t<\/div>\n\t\t<div class=\"elementor-element elementor-element-7df4cde e-con-full e-flex e-con e-parent\" data-id=\"7df4cde\" data-element_type=\"container\">\n\t\t<div class=\"elementor-element elementor-element-b7710ec e-con-full e-flex e-con e-parent\" data-id=\"b7710ec\" data-element_type=\"container\">\n\t\t<div class=\"elementor-element elementor-element-e8c72e2 e-con-full e-flex e-con e-parent\" data-id=\"e8c72e2\" data-element_type=\"container\">\n\t\t\t\t<div class=\"elementor-element elementor-element-34b8b2d elementor-widget elementor-widget-heading\" data-id=\"34b8b2d\" data-element_type=\"widget\" data-widget_type=\"heading.default\">\n\t\t\t\t<div class=\"elementor-widget-container\">\n\t\t\t\t\t<h2 class=\"elementor-heading-title elementor-size-default\">\u00bfEsto es para mi?<\/h2>\t\t\t\t<\/div>\n\t\t\t\t<\/div>\n\t\t\t\t<\/div>\n\t\t<div class=\"elementor-element elementor-element-ae18d8e e-con-full e-flex e-con e-parent\" data-id=\"ae18d8e\" data-element_type=\"container\">\n\t\t\t\t<div class=\"elementor-element elementor-element-6748f9f elementor-widget-mobile__width-inherit elementor-widget elementor-widget-heading\" data-id=\"6748f9f\" data-element_type=\"widget\" data-widget_type=\"heading.default\">\n\t\t\t\t<div class=\"elementor-widget-container\">\n\t\t\t\t\t<h3 class=\"elementor-heading-title elementor-size-default\">Si tienes clientes que se dediquen al transporte, la log\u00edstica o los servicios, esto es para ti.\nTalleres, asesor\u00edas, empresas de inform\u00e1tica y otros sectores m\u00e1s ya se benefician de Fagor.<\/h3>\t\t\t\t<\/div>\n\t\t\t\t<\/div>\n\t\t\t\t<\/div>\n\t\t\t\t<\/div>\n\t\t\t\t<\/div>\n\t\t<div class=\"elementor-element elementor-element-55a7ae5 e-flex e-con-boxed e-con e-parent\" data-id=\"55a7ae5\" data-element_type=\"container\">\n\t\t\t\t\t<div class=\"e-con-inner\">\n\t\t\t\t<div class=\"elementor-element elementor-element-787297a elementor-widget elementor-widget-spacer\" data-id=\"787297a\" data-element_type=\"widget\" data-widget_type=\"spacer.default\">\n\t\t\t\t<div class=\"elementor-widget-container\">\n\t\t\t\t\t\t\t<div class=\"elementor-spacer\">\n\t\t\t<div class=\"elementor-spacer-inner\"><\/div>\n\t\t<\/div>\n\t\t\t\t\t\t<\/div>\n\t\t\t\t<\/div>\n\t\t\t\t\t<\/div>\n\t\t\t\t<\/div>\n\t\t<div class=\"elementor-element elementor-element-4d62a1e e-con-full e-flex e-con e-parent\" data-id=\"4d62a1e\" data-element_type=\"container\">\n\t\t<div class=\"elementor-element elementor-element-0e5b6f8 e-con-full e-flex e-con e-parent\" data-id=\"0e5b6f8\" data-element_type=\"container\">\n\t\t\t\t<div class=\"elementor-element elementor-element-fbdea37 elementor-widget elementor-widget-image\" data-id=\"fbdea37\" data-element_type=\"widget\" data-widget_type=\"image.default\">\n\t\t\t\t<div class=\"elementor-widget-container\">\n\t\t\t\t\t\t\t\t\t\t\t\t\t\t\t<img width=\"60\" height=\"74\" src=\"https:\/\/www.fagorsmartdata.com\/wp-content\/uploads\/2023\/05\/ico-easy-use.svg\" class=\"attachment-full size-full wp-image-2291\" alt=\"\" \/>\t\t\t\t\t\t\t\t\t\t\t\t\t\t\t<\/div>\n\t\t\t\t<\/div>\n\t\t\t\t<div class=\"elementor-element elementor-element-a9c5dab elementor-widget elementor-widget-heading\" data-id=\"a9c5dab\" data-element_type=\"widget\" data-widget_type=\"heading.default\">\n\t\t\t\t<div class=\"elementor-widget-container\">\n\t\t\t\t\t<h2 class=\"elementor-heading-title elementor-size-default\">Ofrece soluciones digitales.<\/h2>\t\t\t\t<\/div>\n\t\t\t\t<\/div>\n\t\t\t\t<div class=\"elementor-element elementor-element-4669f02 elementor-widget elementor-widget-text-editor\" data-id=\"4669f02\" data-element_type=\"widget\" data-widget_type=\"text-editor.default\">\n\t\t\t\t<div class=\"elementor-widget-container\">\n\t\t\t\t\t\t\t\t\t<div title=\"Page 13\"><div class=\"page\" title=\"Page 22\"><div class=\"section\"><div class=\"layoutArea\"><div class=\"column\"><div class=\"page\" title=\"Page 24\"><div class=\"section\"><div class=\"layoutArea\"><div class=\"column\"><div class=\"page\" title=\"Page 7\"><div class=\"section\"><div class=\"layoutArea\"><div class=\"column\"><p>Amplia tu cartera de servicios ofreciendo soluciones para la digitalizaci\u00f3n a tus clientes<\/p><\/div><\/div><\/div><\/div><\/div><\/div><\/div><\/div><\/div><\/div><\/div><\/div><\/div>\t\t\t\t\t\t\t\t<\/div>\n\t\t\t\t<\/div>\n\t\t\t\t<\/div>\n\t\t<div class=\"elementor-element elementor-element-842ebad e-con-full e-flex e-con e-parent\" data-id=\"842ebad\" data-element_type=\"container\">\n\t\t\t\t<div class=\"elementor-element elementor-element-9d0084b elementor-widget elementor-widget-image\" data-id=\"9d0084b\" data-element_type=\"widget\" data-widget_type=\"image.default\">\n\t\t\t\t<div class=\"elementor-widget-container\">\n\t\t\t\t\t\t\t\t\t\t\t\t\t\t\t<img width=\"57\" height=\"54\" src=\"https:\/\/www.fagorsmartdata.com\/wp-content\/uploads\/2023\/05\/ico-save-money.svg\" class=\"attachment-full size-full wp-image-2287\" alt=\"\" \/>\t\t\t\t\t\t\t\t\t\t\t\t\t\t\t<\/div>\n\t\t\t\t<\/div>\n\t\t\t\t<div class=\"elementor-element elementor-element-65c61cf elementor-widget elementor-widget-heading\" data-id=\"65c61cf\" data-element_type=\"widget\" data-widget_type=\"heading.default\">\n\t\t\t\t<div class=\"elementor-widget-container\">\n\t\t\t\t\t<h2 class=\"elementor-heading-title elementor-size-default\">Obt\u00e9n ingresos<\/h2>\t\t\t\t<\/div>\n\t\t\t\t<\/div>\n\t\t\t\t<div class=\"elementor-element elementor-element-339fe99 elementor-widget elementor-widget-text-editor\" data-id=\"339fe99\" data-element_type=\"widget\" data-widget_type=\"text-editor.default\">\n\t\t\t\t<div class=\"elementor-widget-container\">\n\t\t\t\t\t\t\t\t\t<div title=\"Page 13\"><div class=\"page\" title=\"Page 22\"><div class=\"section\"><div class=\"layoutArea\"><div class=\"column\"><div class=\"page\" title=\"Page 24\"><div class=\"section\"><div class=\"layoutArea\"><div class=\"column\"><div class=\"page\" title=\"Page 7\"><div class=\"section\"><div class=\"layoutArea\"><div class=\"column\"><p>Obt\u00e9n importantes ingresos econ\u00f3micos por cada oportunidad referenciada<\/p><\/div><\/div><\/div><\/div><\/div><\/div><\/div><\/div><\/div><\/div><\/div><\/div><\/div>\t\t\t\t\t\t\t\t<\/div>\n\t\t\t\t<\/div>\n\t\t\t\t<\/div>\n\t\t<div class=\"elementor-element elementor-element-16d45e8 e-con-full e-flex e-con e-parent\" data-id=\"16d45e8\" data-element_type=\"container\">\n\t\t\t\t<div class=\"elementor-element elementor-element-cfab3c9 elementor-widget elementor-widget-image\" data-id=\"cfab3c9\" data-element_type=\"widget\" data-widget_type=\"image.default\">\n\t\t\t\t<div class=\"elementor-widget-container\">\n\t\t\t\t\t\t\t\t\t\t\t\t\t\t\t<img width=\"73\" height=\"54\" src=\"https:\/\/www.fagorsmartdata.com\/wp-content\/uploads\/2023\/05\/ico-fagor-ok.svg\" class=\"attachment-full size-full wp-image-2281\" alt=\"\" \/>\t\t\t\t\t\t\t\t\t\t\t\t\t\t\t<\/div>\n\t\t\t\t<\/div>\n\t\t\t\t<div class=\"elementor-element elementor-element-183df78 elementor-widget elementor-widget-heading\" data-id=\"183df78\" data-element_type=\"widget\" data-widget_type=\"heading.default\">\n\t\t\t\t<div class=\"elementor-widget-container\">\n\t\t\t\t\t<h2 class=\"elementor-heading-title elementor-size-default\">Garant\u00eda Fagor<\/h2>\t\t\t\t<\/div>\n\t\t\t\t<\/div>\n\t\t\t\t<div class=\"elementor-element elementor-element-5d340f1 elementor-widget elementor-widget-text-editor\" data-id=\"5d340f1\" data-element_type=\"widget\" data-widget_type=\"text-editor.default\">\n\t\t\t\t<div class=\"elementor-widget-container\">\n\t\t\t\t\t\t\t\t\t<div title=\"Page 13\"><div class=\"page\" title=\"Page 22\"><div class=\"section\"><div class=\"layoutArea\"><div class=\"column\"><div class=\"page\" title=\"Page 24\"><div class=\"section\"><div class=\"layoutArea\"><div class=\"column\"><div class=\"page\" title=\"Page 7\"><div class=\"section\"><div class=\"layoutArea\"><div class=\"column\"><div class=\"page\" title=\"Page 7\"><div class=\"section\"><div class=\"layoutArea\"><div class=\"column\"><p>Garant\u00eda Fagor\/ 25 a\u00f1os de experiencia y conocimientos en el sector<\/p><\/div><\/div><\/div><\/div><\/div><\/div><\/div><\/div><\/div><\/div><\/div><\/div><\/div><\/div><\/div><\/div><\/div>\t\t\t\t\t\t\t\t<\/div>\n\t\t\t\t<\/div>\n\t\t\t\t<\/div>\n\t\t\t\t<\/div>\n\t\t<div class=\"elementor-element elementor-element-e5d0ca7 e-flex e-con-boxed e-con e-parent\" data-id=\"e5d0ca7\" data-element_type=\"container\">\n\t\t\t\t\t<div class=\"e-con-inner\">\n\t\t\t\t<div class=\"elementor-element elementor-element-7f6a6b8 elementor-widget elementor-widget-spacer\" data-id=\"7f6a6b8\" data-element_type=\"widget\" data-widget_type=\"spacer.default\">\n\t\t\t\t<div class=\"elementor-widget-container\">\n\t\t\t\t\t\t\t<div class=\"elementor-spacer\">\n\t\t\t<div class=\"elementor-spacer-inner\"><\/div>\n\t\t<\/div>\n\t\t\t\t\t\t<\/div>\n\t\t\t\t<\/div>\n\t\t\t\t\t<\/div>\n\t\t\t\t<\/div>\n\t\t<div class=\"elementor-element elementor-element-96b2fe1 e-con-full e-flex e-con e-parent\" data-id=\"96b2fe1\" data-element_type=\"container\">\n\t\t<div class=\"elementor-element elementor-element-dbc0c34 e-con-full e-flex e-con e-parent\" data-id=\"dbc0c34\" data-element_type=\"container\">\n\t\t\t\t<div class=\"elementor-element elementor-element-ce3a745 elementor-widget elementor-widget-image\" data-id=\"ce3a745\" data-element_type=\"widget\" data-widget_type=\"image.default\">\n\t\t\t\t<div class=\"elementor-widget-container\">\n\t\t\t\t\t\t\t\t\t\t\t\t\t\t\t<img loading=\"lazy\" width=\"63\" height=\"62\" src=\"https:\/\/www.fagorsmartdata.com\/wp-content\/uploads\/2023\/05\/ico-config-ok.svg\" class=\"attachment-full size-full wp-image-2295\" alt=\"\" \/>\t\t\t\t\t\t\t\t\t\t\t\t\t\t\t<\/div>\n\t\t\t\t<\/div>\n\t\t\t\t<div class=\"elementor-element elementor-element-4b2d94b elementor-widget elementor-widget-heading\" data-id=\"4b2d94b\" data-element_type=\"widget\" data-widget_type=\"heading.default\">\n\t\t\t\t<div class=\"elementor-widget-container\">\n\t\t\t\t\t<h2 class=\"elementor-heading-title elementor-size-default\">Proyectos a medida<\/h2>\t\t\t\t<\/div>\n\t\t\t\t<\/div>\n\t\t\t\t<div class=\"elementor-element elementor-element-c070868 elementor-widget elementor-widget-text-editor\" data-id=\"c070868\" data-element_type=\"widget\" data-widget_type=\"text-editor.default\">\n\t\t\t\t<div class=\"elementor-widget-container\">\n\t\t\t\t\t\t\t\t\t<div title=\"Page 13\"><div class=\"page\" title=\"Page 22\"><div class=\"section\"><div class=\"layoutArea\"><div class=\"column\"><div class=\"page\" title=\"Page 24\"><div class=\"section\"><div class=\"layoutArea\"><div class=\"column\"><div class=\"page\" title=\"Page 7\"><div class=\"section\"><div class=\"layoutArea\"><div class=\"column\"><div class=\"page\" title=\"Page 7\"><div class=\"section\"><div class=\"layoutArea\"><div class=\"column\"><p>Ofrece a tus clientes soluciones a medida ya que podr\u00e1s ofrecer soluciones de digitalizaci\u00f3n totalmente adaptadas y para todo tipo de empresas<\/p><\/div><\/div><\/div><\/div><\/div><\/div><\/div><\/div><\/div><\/div><\/div><\/div><\/div><\/div><\/div><\/div><\/div>\t\t\t\t\t\t\t\t<\/div>\n\t\t\t\t<\/div>\n\t\t\t\t<\/div>\n\t\t<div class=\"elementor-element elementor-element-c022532 e-con-full e-flex e-con e-parent\" data-id=\"c022532\" data-element_type=\"container\">\n\t\t\t\t<div class=\"elementor-element elementor-element-9a9adcd elementor-widget elementor-widget-image\" data-id=\"9a9adcd\" data-element_type=\"widget\" data-widget_type=\"image.default\">\n\t\t\t\t<div class=\"elementor-widget-container\">\n\t\t\t\t\t\t\t\t\t\t\t\t\t\t\t<img loading=\"lazy\" width=\"72\" height=\"60\" src=\"https:\/\/www.fagorsmartdata.com\/wp-content\/uploads\/2023\/04\/grupo.svg\" class=\"attachment-full size-full wp-image-1497\" alt=\"\" \/>\t\t\t\t\t\t\t\t\t\t\t\t\t\t\t<\/div>\n\t\t\t\t<\/div>\n\t\t\t\t<div class=\"elementor-element elementor-element-2edecae elementor-widget elementor-widget-heading\" data-id=\"2edecae\" data-element_type=\"widget\" data-widget_type=\"heading.default\">\n\t\t\t\t<div class=\"elementor-widget-container\">\n\t\t\t\t\t<h2 class=\"elementor-heading-title elementor-size-default\">Equipo cercano<\/h2>\t\t\t\t<\/div>\n\t\t\t\t<\/div>\n\t\t\t\t<div class=\"elementor-element elementor-element-841ba66 elementor-widget elementor-widget-text-editor\" data-id=\"841ba66\" data-element_type=\"widget\" data-widget_type=\"text-editor.default\">\n\t\t\t\t<div class=\"elementor-widget-container\">\n\t\t\t\t\t\t\t\t\t<div title=\"Page 13\"><div class=\"page\" title=\"Page 22\"><div class=\"section\"><div class=\"layoutArea\"><div class=\"column\"><div class=\"page\" title=\"Page 24\"><div class=\"section\"><div class=\"layoutArea\"><div class=\"column\"><div class=\"page\" title=\"Page 7\"><div class=\"section\"><div class=\"layoutArea\"><div class=\"column\"><p>Vas a contar con un equipo humano cercano que va a estar detr\u00e1s para acompa\u00f1arte y darte confianza durante todo el proceso<\/p><\/div><\/div><\/div><\/div><\/div><\/div><\/div><\/div><\/div><\/div><\/div><\/div><\/div>\t\t\t\t\t\t\t\t<\/div>\n\t\t\t\t<\/div>\n\t\t\t\t<\/div>\n\t\t<div class=\"elementor-element elementor-element-55090c2 e-con-full e-flex e-con e-parent\" data-id=\"55090c2\" data-element_type=\"container\">\n\t\t\t\t<div class=\"elementor-element elementor-element-7568d0f elementor-widget elementor-widget-image\" data-id=\"7568d0f\" data-element_type=\"widget\" data-widget_type=\"image.default\">\n\t\t\t\t<div class=\"elementor-widget-container\">\n\t\t\t\t\t\t\t\t\t\t\t\t\t\t\t<img loading=\"lazy\" width=\"96\" height=\"96\" src=\"https:\/\/www.fagorsmartdata.com\/wp-content\/uploads\/2023\/05\/ico-idea.svg\" class=\"attachment-full size-full wp-image-2297\" alt=\"\" \/>\t\t\t\t\t\t\t\t\t\t\t\t\t\t\t<\/div>\n\t\t\t\t<\/div>\n\t\t\t\t<div class=\"elementor-element elementor-element-46ae2ac elementor-widget elementor-widget-heading\" data-id=\"46ae2ac\" data-element_type=\"widget\" data-widget_type=\"heading.default\">\n\t\t\t\t<div class=\"elementor-widget-container\">\n\t\t\t\t\t<h2 class=\"elementor-heading-title elementor-size-default\">Genera nuevos negocios<\/h2>\t\t\t\t<\/div>\n\t\t\t\t<\/div>\n\t\t\t\t<div class=\"elementor-element elementor-element-3f7ae61 elementor-widget elementor-widget-text-editor\" data-id=\"3f7ae61\" data-element_type=\"widget\" data-widget_type=\"text-editor.default\">\n\t\t\t\t<div class=\"elementor-widget-container\">\n\t\t\t\t\t\t\t\t\t<div title=\"Page 13\"><div class=\"page\" title=\"Page 22\"><div class=\"section\"><div class=\"layoutArea\"><div class=\"column\"><div class=\"page\" title=\"Page 24\"><div class=\"section\"><div class=\"layoutArea\"><div class=\"column\"><div class=\"page\" title=\"Page 7\"><div class=\"section\"><div class=\"layoutArea\"><div class=\"column\"><div class=\"page\" title=\"Page 7\"><div class=\"section\"><div class=\"layoutArea\"><div class=\"column\"><p>Genera nuevos negocios derivados de trabajos de Fagor, como por ejemplo instalaciones<\/p><\/div><\/div><\/div><\/div><\/div><\/div><\/div><\/div><\/div><\/div><\/div><\/div><\/div><\/div><\/div><\/div><\/div>\t\t\t\t\t\t\t\t<\/div>\n\t\t\t\t<\/div>\n\t\t\t\t<\/div>\n\t\t\t\t<\/div>\n\t\t<div class=\"elementor-element elementor-element-bb87801 e-flex e-con-boxed e-con e-parent\" data-id=\"bb87801\" data-element_type=\"container\">\n\t\t\t\t\t<div class=\"e-con-inner\">\n\t\t\t\t<div class=\"elementor-element elementor-element-430dc71 elementor-widget elementor-widget-spacer\" data-id=\"430dc71\" data-element_type=\"widget\" data-widget_type=\"spacer.default\">\n\t\t\t\t<div class=\"elementor-widget-container\">\n\t\t\t\t\t\t\t<div class=\"elementor-spacer\">\n\t\t\t<div class=\"elementor-spacer-inner\"><\/div>\n\t\t<\/div>\n\t\t\t\t\t\t<\/div>\n\t\t\t\t<\/div>\n\t\t\t\t\t<\/div>\n\t\t\t\t<\/div>\n\t\t<div class=\"elementor-element elementor-element-6a73542 e-con-full e-flex e-con e-parent\" data-id=\"6a73542\" data-element_type=\"container\">\n\t\t<div class=\"elementor-element elementor-element-eecaef8 e-con-full e-flex e-con e-parent\" data-id=\"eecaef8\" data-element_type=\"container\">\n\t\t<div class=\"elementor-element elementor-element-8867221 e-con-full e-flex e-con e-parent\" data-id=\"8867221\" data-element_type=\"container\">\n\t\t\t\t<div class=\"elementor-element elementor-element-1973d8f elementor-widget elementor-widget-heading\" data-id=\"1973d8f\" data-element_type=\"widget\" data-widget_type=\"heading.default\">\n\t\t\t\t<div class=\"elementor-widget-container\">\n\t\t\t\t\t<h2 class=\"elementor-heading-title elementor-size-default\">Complete el formulario y le contactaremos<\/h2>\t\t\t\t<\/div>\n\t\t\t\t<\/div>\n\t\t\t\t<\/div>\n\t\t\t\t<\/div>\n\t\t\t\t<\/div>\n\t\t<div class=\"elementor-element elementor-element-c96d742 e-con-full e-flex e-con e-parent\" data-id=\"c96d742\" data-element_type=\"container\">\n\t\t\t\t<\/div>\n\t\t<div class=\"elementor-element elementor-element-5e3a8cd e-flex e-con-boxed e-con e-parent\" data-id=\"5e3a8cd\" data-element_type=\"container\">\n\t\t\t\t\t<div class=\"e-con-inner\">\n\t\t\t\t<div class=\"elementor-element elementor-element-7b5603a elementor-widget elementor-widget-spacer\" data-id=\"7b5603a\" data-element_type=\"widget\" data-widget_type=\"spacer.default\">\n\t\t\t\t<div class=\"elementor-widget-container\">\n\t\t\t\t\t\t\t<div class=\"elementor-spacer\">\n\t\t\t<div class=\"elementor-spacer-inner\"><\/div>\n\t\t<\/div>\n\t\t\t\t\t\t<\/div>\n\t\t\t\t<\/div>\n\t\t\t\t\t<\/div>\n\t\t\t\t<\/div>\n\t\t\t\t<\/div>\n\t\t","protected":false},"excerpt":{"rendered":"<p>Hazte partner \u00bfEsto es para mi? Si tienes clientes que se dediquen al transporte, la log\u00edstica o los servicios, esto es para ti. Talleres, asesor\u00edas, empresas de inform\u00e1tica y otros sectores m\u00e1s ya se benefician de Fagor. Ofrece soluciones digitales. Amplia tu cartera de servicios ofreciendo soluciones para la digitalizaci\u00f3n a tus clientes Obt\u00e9n ingresos [&hellip;]<\/p>\n","protected":false},"author":1,"featured_media":0,"parent":0,"menu_order":0,"comment_status":"closed","ping_status":"closed","template":"","meta":{"_acf_changed":false,"inline_featured_image":false,"footnotes":""},"class_list":["post-6355","page","type-page","status-publish","hentry"],"acf":[],"_links":{"self":[{"href":"https:\/\/www.fagorsmartdata.com\/la\/wp-json\/wp\/v2\/pages\/6355","targetHints":{"allow":["GET"]}}],"collection":[{"href":"https:\/\/www.fagorsmartdata.com\/la\/wp-json\/wp\/v2\/pages"}],"about":[{"href":"https:\/\/www.fagorsmartdata.com\/la\/wp-json\/wp\/v2\/types\/page"}],"author":[{"embeddable":true,"href":"https:\/\/www.fagorsmartdata.com\/la\/wp-json\/wp\/v2\/users\/1"}],"replies":[{"embeddable":true,"href":"https:\/\/www.fagorsmartdata.com\/la\/wp-json\/wp\/v2\/comments?post=6355"}],"version-history":[{"count":19,"href":"https:\/\/www.fagorsmartdata.com\/la\/wp-json\/wp\/v2\/pages\/6355\/revisions"}],"predecessor-version":[{"id":7670,"href":"https:\/\/www.fagorsmartdata.com\/la\/wp-json\/wp\/v2\/pages\/6355\/revisions\/7670"}],"wp:attachment":[{"href":"https:\/\/www.fagorsmartdata.com\/la\/wp-json\/wp\/v2\/media?parent=6355"}],"curies":[{"name":"wp","href":"https:\/\/api.w.org\/{rel}","templated":true}]}}